{"id":2429,"date":"2023-05-08T12:05:37","date_gmt":"2023-05-08T10:05:37","guid":{"rendered":"https:\/\/ladynemery.be\/index.php\/news\/"},"modified":"2025-07-08T12:42:30","modified_gmt":"2025-07-08T10:42:30","slug":"news","status":"publish","type":"page","link":"https:\/\/ladynemery.be\/en\/news\/","title":{"rendered":"News"},"content":{"rendered":"\t\t<div data-elementor-type=\"wp-page\" data-elementor-id=\"2429\" class=\"elementor elementor-2429 elementor-56\" data-elementor-post-type=\"page\">\n\t\t\t\t<div class=\"elementor-element elementor-element-e1b2cff e-flex e-con-boxed e-con e-parent\" data-id=\"e1b2cff\" data-element_type=\"container\" data-e-type=\"container\" data-settings=\"{&quot;background_background&quot;:&quot;classic&quot;}\">\n\t\t\t\t\t<div class=\"e-con-inner\">\n\t\t<div class=\"elementor-element elementor-element-1c50add e-flex e-con-boxed e-con e-child\" data-id=\"1c50add\" data-element_type=\"container\" data-e-type=\"container\" data-settings=\"{&quot;background_background&quot;:&quot;gradient&quot;}\">\n\t\t\t\t\t<div class=\"e-con-inner\">\n\t\t\t\t<div class=\"elementor-element elementor-element-9721907 elementor-widget elementor-widget-heading\" data-id=\"9721907\" data-element_type=\"widget\" data-e-type=\"widget\" data-widget_type=\"heading.default\">\n\t\t\t\t<div class=\"elementor-widget-container\">\n\t\t\t\t\t<h2 class=\"elementor-heading-title elementor-size-default\">News<\/h2>\t\t\t\t<\/div>\n\t\t\t\t<\/div>\n\t\t\t\t<div class=\"elementor-element elementor-element-58deadb elementor-widget elementor-widget-text-editor\" data-id=\"58deadb\" data-element_type=\"widget\" data-e-type=\"widget\" data-widget_type=\"text-editor.default\">\n\t\t\t\t<div class=\"elementor-widget-container\">\n\t\t\t\t\t\t\t\t\t<p>Stay up to date with the artist: Discover the latest news and artistic creations.<\/p>\t\t\t\t\t\t\t\t<\/div>\n\t\t\t\t<\/div>\n\t\t\t\t\t<\/div>\n\t\t\t\t<\/div>\n\t\t<div class=\"elementor-element elementor-element-280d9eb e-flex e-con-boxed e-con e-child\" data-id=\"280d9eb\" data-element_type=\"container\" data-e-type=\"container\">\n\t\t\t\t\t<div class=\"e-con-inner\">\n\t\t\t\t<div class=\"elementor-element elementor-element-8da2eaa elementor-hidden-widescreen elementor-hidden-desktop elementor-hidden-laptop elementor-hidden-tablet_extra elementor-hidden-tablet elementor-hidden-mobile_extra elementor-hidden-mobile elementor-widget elementor-widget-heading\" data-id=\"8da2eaa\" data-element_type=\"widget\" data-e-type=\"widget\" data-widget_type=\"heading.default\">\n\t\t\t\t<div class=\"elementor-widget-container\">\n\t\t\t\t\t<h3 class=\"elementor-heading-title elementor-size-default\">Current events<\/h3>\t\t\t\t<\/div>\n\t\t\t\t<\/div>\n\t\t\t\t<div class=\"elementor-element elementor-element-1c1f538 elementor-hidden-widescreen elementor-hidden-desktop elementor-hidden-laptop elementor-hidden-tablet_extra elementor-hidden-tablet elementor-hidden-mobile_extra elementor-hidden-mobile elementor-widget elementor-widget-text-editor\" data-id=\"1c1f538\" data-element_type=\"widget\" data-e-type=\"widget\" data-widget_type=\"text-editor.default\">\n\t\t\t\t<div class=\"elementor-widget-container\">\n\t\t\t\t\t\t\t\t\t<ul><li><span style=\"white-space-collapse: preserve;\">From <strong>09\/03\/25 to 11\/05\/25<\/strong> &#8211; Duo exhibition, Harmon House, Chauss\u00e9e de Charleroi 50, 1060 Brussels<\/span><\/li><\/ul>\t\t\t\t\t\t\t\t<\/div>\n\t\t\t\t<\/div>\n\t\t\t\t<div class=\"elementor-element elementor-element-afe5e37 elementor-hidden-widescreen elementor-hidden-desktop elementor-hidden-laptop elementor-hidden-tablet_extra elementor-hidden-tablet elementor-hidden-mobile_extra elementor-hidden-mobile elementor-widget elementor-widget-heading\" data-id=\"afe5e37\" data-element_type=\"widget\" data-e-type=\"widget\" data-widget_type=\"heading.default\">\n\t\t\t\t<div class=\"elementor-widget-container\">\n\t\t\t\t\t<h3 class=\"elementor-heading-title elementor-size-default\">Upcoming events<\/h3>\t\t\t\t<\/div>\n\t\t\t\t<\/div>\n\t\t\t\t<div class=\"elementor-element elementor-element-979471c elementor-hidden-widescreen elementor-hidden-desktop elementor-hidden-laptop elementor-hidden-tablet_extra elementor-hidden-tablet elementor-hidden-mobile_extra elementor-hidden-mobile elementor-widget elementor-widget-text-editor\" data-id=\"979471c\" data-element_type=\"widget\" data-e-type=\"widget\" data-widget_type=\"text-editor.default\">\n\t\t\t\t<div class=\"elementor-widget-container\">\n\t\t\t\t\t\t\t\t\t<ul><li><span style=\"white-space-collapse: preserve;\"><span style=\"white-space-collapse: preserve;\"><span style=\"white-space-collapse: preserve;\">From <strong>12\/11\/24 to 12\/01\/25<\/strong> &#8211; Solo exhibition &#8211; Victor &amp; Harold,  <span class=\"w8qArf FoJoyf\"> <\/span><\/span><\/span><\/span><br><div class=\"M2Cv8e hP3ybd\"><div class=\"gqkR3b hP3ybd\">Rue Emmanuel Van Driessche 75, 1050 Ixelles<\/div><\/div><\/li><\/ul>\t\t\t\t\t\t\t\t<\/div>\n\t\t\t\t<\/div>\n\t\t\t\t<div class=\"elementor-element elementor-element-8b01942 elementor-widget elementor-widget-heading\" data-id=\"8b01942\" data-element_type=\"widget\" data-e-type=\"widget\" data-widget_type=\"heading.default\">\n\t\t\t\t<div class=\"elementor-widget-container\">\n\t\t\t\t\t<h3 class=\"elementor-heading-title elementor-size-default\">Past events<\/h3>\t\t\t\t<\/div>\n\t\t\t\t<\/div>\n\t\t\t\t<div class=\"elementor-element elementor-element-c3bf8d9 elementor-widget elementor-widget-text-editor\" data-id=\"c3bf8d9\" data-element_type=\"widget\" data-e-type=\"widget\" data-widget_type=\"text-editor.default\">\n\t\t\t\t<div class=\"elementor-widget-container\">\n\t\t\t\t\t\t\t\t\t<ul><li>From <strong>01\/02\/24 to 29\/02\/24<\/strong> &#8211; <em><a href=\"https:\/\/ladynemery.be\/en\/vernissage-cactus-espace-decouverte\/\">Group exhibition &#8220;Between dream and reality<\/a><\/em> &#8211; Rue du Postillon 20, 1180 BXL<\/li><li><span style=\"white-space-collapse: preserve;\"><span style=\"white-space-collapse: preserve;\">From <strong>04\/12\/24 to 04\/14\/24<\/strong> &#8211; Molenbeek 2024 artists&#8217; trail<\/span><\/span><\/li><li><span style=\"white-space-collapse: preserve;\">From <strong>04\/04\/24 to 27\/04\/24<\/strong> &#8211; Collective Exhibition &#8211; 100% female artists &#8211; 4th Edition &#8211; Galerie Op\u00e9ra, Place de la R\u00e9publique Fran\u00e7aise 35, Li\u00e8ge<\/span><\/li><li><span style=\"white-space-collapse: preserve;\"><span style=\"white-space-collapse: preserve;\">From <strong>04\/17\/24 to 04\/25\/24<\/strong> &#8211; Group exhibition &#8220;Qui dit mieux&#8221; &#8211; Th\u00e9\u00e2tre de Saint-Luc, Tournai<\/span><\/span><\/li><li><span style=\"white-space-collapse: preserve;\"><span style=\"white-space-collapse: preserve;\">From <strong>05\/21\/24 to 05\/30\/24<\/strong> &#8211; Group exhibition &#8220;Qui dit mieux&#8221; &#8211; Espace Magh, Brussels<\/span><\/span><\/li><li><span style=\"white-space-collapse: preserve;\"><span style=\"white-space-collapse: preserve;\">From <strong>06\/24\/24 to 06\/30\/24<\/strong> &#8211; Group exhibition &#8220;Qui dit mieux&#8221; &#8211; Gery Art Gallery, Namur<\/span><\/span><\/li><li><span style=\"white-space-collapse: preserve;\"><span style=\"white-space-collapse: preserve;\"><span style=\"white-space-collapse: preserve;\">From <strong>12\/11\/24 to 20\/02\/25<\/strong> &#8211; Solo exhibition &#8211; Victor &amp; Harold, <\/span><\/span><\/span>Rue Emmanuel Van Driessche 75, 1050 Ixelles<\/li><\/ul><div class=\"M2Cv8e hP3ybd\"><ul><li><span style=\"white-space-collapse: preserve;\">From <strong>09\/03\/25 to 11\/05\/25<\/strong> &#8211; Duo exhibition, Harmon House, Chauss\u00e9e de Charleroi 50, 1060 Brussels<\/span><\/li><\/ul><\/div>\t\t\t\t\t\t\t\t<\/div>\n\t\t\t\t<\/div>\n\t\t<div class=\"elementor-element elementor-element-f3fc618 e-flex e-con-boxed e-con e-child\" data-id=\"f3fc618\" data-element_type=\"container\" data-e-type=\"container\" data-settings=\"{&quot;background_background&quot;:&quot;gradient&quot;}\">\n\t\t\t\t\t<div class=\"e-con-inner\">\n\t\t\t\t<div class=\"elementor-element elementor-element-bf52f1a elementor-widget elementor-widget-heading\" data-id=\"bf52f1a\" data-element_type=\"widget\" data-e-type=\"widget\" data-widget_type=\"heading.default\">\n\t\t\t\t<div class=\"elementor-widget-container\">\n\t\t\t\t\t<h2 class=\"elementor-heading-title elementor-size-default\">Latest blog posts<\/h2>\t\t\t\t<\/div>\n\t\t\t\t<\/div>\n\t\t\t\t\t<\/div>\n\t\t\t\t<\/div>\n\t\t\t\t<div class=\"elementor-element elementor-element-8262110 elementor-align-center elementor-widget elementor-widget-button\" data-id=\"8262110\" data-element_type=\"widget\" data-e-type=\"widget\" data-widget_type=\"button.default\">\n\t\t\t\t<div class=\"elementor-widget-container\">\n\t\t\t\t\t\t\t\t\t<div class=\"elementor-button-wrapper\">\n\t\t\t\t\t<a class=\"elementor-button elementor-button-link elementor-size-sm elementor-animation-hang\" href=\"https:\/\/ladynemery.be\/en\/category\/blog-en\/\">\n\t\t\t\t\t\t<span class=\"elementor-button-content-wrapper\">\n\t\t\t\t\t\t\t\t\t<span class=\"elementor-button-text\">See more articles<\/span>\n\t\t\t\t\t<\/span>\n\t\t\t\t\t<\/a>\n\t\t\t\t<\/div>\n\t\t\t\t\t\t\t\t<\/div>\n\t\t\t\t<\/div>\n\t\t\t\t\t<\/div>\n\t\t\t\t<\/div>\n\t\t\t\t\t<\/div>\n\t\t\t\t<\/div>\n\t\t\t\t<\/div>\n\t\t","protected":false},"excerpt":{"rendered":"<p>News Stay up to date with the artist: Discover the latest news and artistic creations. Current events From 09\/03\/25 to 11\/05\/25 &#8211; Duo exhibition, Harmon House, Chauss\u00e9e de Charleroi 50, 1060 Brussels Upcoming events From 12\/11\/24 to 12\/01\/25 &#8211; Solo exhibition &#8211; Victor &amp; Harold, Rue Emmanuel Van Driessche 75, 1050 Ixelles Past events From [&hellip;]<\/p>\n","protected":false},"author":1,"featured_media":2275,"parent":0,"menu_order":0,"comment_status":"closed","ping_status":"closed","template":"","meta":{"footnotes":""},"class_list":["post-2429","page","type-page","status-publish","has-post-thumbnail","hentry"],"yoast_head":"<!-- This site is optimized with the Yoast SEO plugin v26.9 - https:\/\/yoast.com\/product\/yoast-seo-wordpress\/ -->\n<title>News - Laetitia Nemery - Galerie d\u2019art<\/title>\n<meta name=\"robots\" content=\"index, follow, max-snippet:-1, max-image-preview:large, max-video-preview:-1\" \/>\n<link rel=\"canonical\" href=\"https:\/\/ladynemery.be\/en\/news\/\" \/>\n<meta property=\"og:locale\" content=\"en_US\" \/>\n<meta property=\"og:type\" content=\"article\" \/>\n<meta property=\"og:title\" content=\"News - Laetitia Nemery - Galerie d\u2019art\" \/>\n<meta property=\"og:description\" content=\"News Stay up to date with the artist: Discover the latest news and artistic creations. Current events From 09\/03\/25 to 11\/05\/25 &#8211; Duo exhibition, Harmon House, Chauss\u00e9e de Charleroi 50, 1060 Brussels Upcoming events From 12\/11\/24 to 12\/01\/25 &#8211; Solo exhibition &#8211; Victor &amp; Harold, Rue Emmanuel Van Driessche 75, 1050 Ixelles Past events From [&hellip;]\" \/>\n<meta property=\"og:url\" content=\"https:\/\/ladynemery.be\/en\/news\/\" \/>\n<meta property=\"og:site_name\" content=\"Laetitia Nemery - Galerie d\u2019art\" \/>\n<meta property=\"article:modified_time\" content=\"2025-07-08T10:42:30+00:00\" \/>\n<meta property=\"og:image\" content=\"https:\/\/ladynemery.be\/wp-content\/uploads\/2023\/06\/6.jpg\" \/>\n\t<meta property=\"og:image:width\" content=\"940\" \/>\n\t<meta property=\"og:image:height\" content=\"788\" \/>\n\t<meta property=\"og:image:type\" content=\"image\/jpeg\" \/>\n<meta name=\"twitter:card\" content=\"summary_large_image\" \/>\n<meta name=\"twitter:label1\" content=\"Est. reading time\" \/>\n\t<meta name=\"twitter:data1\" content=\"1 minute\" \/>\n<script type=\"application\/ld+json\" class=\"yoast-schema-graph\">{\"@context\":\"https:\/\/schema.org\",\"@graph\":[{\"@type\":\"WebPage\",\"@id\":\"https:\/\/ladynemery.be\/en\/news\/\",\"url\":\"https:\/\/ladynemery.be\/en\/news\/\",\"name\":\"News - Laetitia Nemery - Galerie d\u2019art\",\"isPartOf\":{\"@id\":\"https:\/\/ladynemery.be\/en\/#website\"},\"primaryImageOfPage\":{\"@id\":\"https:\/\/ladynemery.be\/en\/news\/#primaryimage\"},\"image\":{\"@id\":\"https:\/\/ladynemery.be\/en\/news\/#primaryimage\"},\"thumbnailUrl\":\"https:\/\/ladynemery.be\/wp-content\/uploads\/2023\/06\/6.jpg\",\"datePublished\":\"2023-05-08T10:05:37+00:00\",\"dateModified\":\"2025-07-08T10:42:30+00:00\",\"breadcrumb\":{\"@id\":\"https:\/\/ladynemery.be\/en\/news\/#breadcrumb\"},\"inLanguage\":\"en-US\",\"potentialAction\":[{\"@type\":\"ReadAction\",\"target\":[\"https:\/\/ladynemery.be\/en\/news\/\"]}]},{\"@type\":\"ImageObject\",\"inLanguage\":\"en-US\",\"@id\":\"https:\/\/ladynemery.be\/en\/news\/#primaryimage\",\"url\":\"https:\/\/ladynemery.be\/wp-content\/uploads\/2023\/06\/6.jpg\",\"contentUrl\":\"https:\/\/ladynemery.be\/wp-content\/uploads\/2023\/06\/6.jpg\",\"width\":940,\"height\":788,\"caption\":\"brushes in an art studio - contemporary art - belgian painter\"},{\"@type\":\"BreadcrumbList\",\"@id\":\"https:\/\/ladynemery.be\/en\/news\/#breadcrumb\",\"itemListElement\":[{\"@type\":\"ListItem\",\"position\":1,\"name\":\"Accueil\",\"item\":\"https:\/\/ladynemery.be\/en\/home\/\"},{\"@type\":\"ListItem\",\"position\":2,\"name\":\"News\"}]},{\"@type\":\"WebSite\",\"@id\":\"https:\/\/ladynemery.be\/en\/#website\",\"url\":\"https:\/\/ladynemery.be\/en\/\",\"name\":\"Laetitia Nemery - Galerie d\u2019art\",\"description\":\"\",\"publisher\":{\"@id\":\"https:\/\/ladynemery.be\/en\/#\/schema\/person\/13a55c2dcd52fe1bec2a8e9e1f066e8a\"},\"potentialAction\":[{\"@type\":\"SearchAction\",\"target\":{\"@type\":\"EntryPoint\",\"urlTemplate\":\"https:\/\/ladynemery.be\/en\/?s={search_term_string}\"},\"query-input\":{\"@type\":\"PropertyValueSpecification\",\"valueRequired\":true,\"valueName\":\"search_term_string\"}}],\"inLanguage\":\"en-US\"},{\"@type\":[\"Person\",\"Organization\"],\"@id\":\"https:\/\/ladynemery.be\/en\/#\/schema\/person\/13a55c2dcd52fe1bec2a8e9e1f066e8a\",\"name\":\"Lady Nemery\",\"image\":{\"@type\":\"ImageObject\",\"inLanguage\":\"en-US\",\"@id\":\"https:\/\/ladynemery.be\/en\/#\/schema\/person\/image\/\",\"url\":\"https:\/\/ladynemery.be\/wp-content\/uploads\/2023\/04\/64F68535-852E-4A70-B218-B405E6391D70.jpeg\",\"contentUrl\":\"https:\/\/ladynemery.be\/wp-content\/uploads\/2023\/04\/64F68535-852E-4A70-B218-B405E6391D70.jpeg\",\"width\":313,\"height\":313,\"caption\":\"Lady Nemery\"},\"logo\":{\"@id\":\"https:\/\/ladynemery.be\/en\/#\/schema\/person\/image\/\"},\"sameAs\":[\"http:\/\/ladynemery.be\"]}]}<\/script>\n<!-- \/ Yoast SEO plugin. -->","yoast_head_json":{"title":"News - Laetitia Nemery - Galerie d\u2019art","robots":{"index":"index","follow":"follow","max-snippet":"max-snippet:-1","max-image-preview":"max-image-preview:large","max-video-preview":"max-video-preview:-1"},"canonical":"https:\/\/ladynemery.be\/en\/news\/","og_locale":"en_US","og_type":"article","og_title":"News - Laetitia Nemery - Galerie d\u2019art","og_description":"News Stay up to date with the artist: Discover the latest news and artistic creations. Current events From 09\/03\/25 to 11\/05\/25 &#8211; Duo exhibition, Harmon House, Chauss\u00e9e de Charleroi 50, 1060 Brussels Upcoming events From 12\/11\/24 to 12\/01\/25 &#8211; Solo exhibition &#8211; Victor &amp; Harold, Rue Emmanuel Van Driessche 75, 1050 Ixelles Past events From [&hellip;]","og_url":"https:\/\/ladynemery.be\/en\/news\/","og_site_name":"Laetitia Nemery - Galerie d\u2019art","article_modified_time":"2025-07-08T10:42:30+00:00","og_image":[{"width":940,"height":788,"url":"https:\/\/ladynemery.be\/wp-content\/uploads\/2023\/06\/6.jpg","type":"image\/jpeg"}],"twitter_card":"summary_large_image","twitter_misc":{"Est. reading time":"1 minute"},"schema":{"@context":"https:\/\/schema.org","@graph":[{"@type":"WebPage","@id":"https:\/\/ladynemery.be\/en\/news\/","url":"https:\/\/ladynemery.be\/en\/news\/","name":"News - Laetitia Nemery - Galerie d\u2019art","isPartOf":{"@id":"https:\/\/ladynemery.be\/en\/#website"},"primaryImageOfPage":{"@id":"https:\/\/ladynemery.be\/en\/news\/#primaryimage"},"image":{"@id":"https:\/\/ladynemery.be\/en\/news\/#primaryimage"},"thumbnailUrl":"https:\/\/ladynemery.be\/wp-content\/uploads\/2023\/06\/6.jpg","datePublished":"2023-05-08T10:05:37+00:00","dateModified":"2025-07-08T10:42:30+00:00","breadcrumb":{"@id":"https:\/\/ladynemery.be\/en\/news\/#breadcrumb"},"inLanguage":"en-US","potentialAction":[{"@type":"ReadAction","target":["https:\/\/ladynemery.be\/en\/news\/"]}]},{"@type":"ImageObject","inLanguage":"en-US","@id":"https:\/\/ladynemery.be\/en\/news\/#primaryimage","url":"https:\/\/ladynemery.be\/wp-content\/uploads\/2023\/06\/6.jpg","contentUrl":"https:\/\/ladynemery.be\/wp-content\/uploads\/2023\/06\/6.jpg","width":940,"height":788,"caption":"brushes in an art studio - contemporary art - belgian painter"},{"@type":"BreadcrumbList","@id":"https:\/\/ladynemery.be\/en\/news\/#breadcrumb","itemListElement":[{"@type":"ListItem","position":1,"name":"Accueil","item":"https:\/\/ladynemery.be\/en\/home\/"},{"@type":"ListItem","position":2,"name":"News"}]},{"@type":"WebSite","@id":"https:\/\/ladynemery.be\/en\/#website","url":"https:\/\/ladynemery.be\/en\/","name":"Laetitia Nemery - Galerie d\u2019art","description":"","publisher":{"@id":"https:\/\/ladynemery.be\/en\/#\/schema\/person\/13a55c2dcd52fe1bec2a8e9e1f066e8a"},"potentialAction":[{"@type":"SearchAction","target":{"@type":"EntryPoint","urlTemplate":"https:\/\/ladynemery.be\/en\/?s={search_term_string}"},"query-input":{"@type":"PropertyValueSpecification","valueRequired":true,"valueName":"search_term_string"}}],"inLanguage":"en-US"},{"@type":["Person","Organization"],"@id":"https:\/\/ladynemery.be\/en\/#\/schema\/person\/13a55c2dcd52fe1bec2a8e9e1f066e8a","name":"Lady Nemery","image":{"@type":"ImageObject","inLanguage":"en-US","@id":"https:\/\/ladynemery.be\/en\/#\/schema\/person\/image\/","url":"https:\/\/ladynemery.be\/wp-content\/uploads\/2023\/04\/64F68535-852E-4A70-B218-B405E6391D70.jpeg","contentUrl":"https:\/\/ladynemery.be\/wp-content\/uploads\/2023\/04\/64F68535-852E-4A70-B218-B405E6391D70.jpeg","width":313,"height":313,"caption":"Lady Nemery"},"logo":{"@id":"https:\/\/ladynemery.be\/en\/#\/schema\/person\/image\/"},"sameAs":["http:\/\/ladynemery.be"]}]}},"_links":{"self":[{"href":"https:\/\/ladynemery.be\/en\/wp-json\/wp\/v2\/pages\/2429","targetHints":{"allow":["GET"]}}],"collection":[{"href":"https:\/\/ladynemery.be\/en\/wp-json\/wp\/v2\/pages"}],"about":[{"href":"https:\/\/ladynemery.be\/en\/wp-json\/wp\/v2\/types\/page"}],"author":[{"embeddable":true,"href":"https:\/\/ladynemery.be\/en\/wp-json\/wp\/v2\/users\/1"}],"replies":[{"embeddable":true,"href":"https:\/\/ladynemery.be\/en\/wp-json\/wp\/v2\/comments?post=2429"}],"version-history":[{"count":5,"href":"https:\/\/ladynemery.be\/en\/wp-json\/wp\/v2\/pages\/2429\/revisions"}],"predecessor-version":[{"id":7108,"href":"https:\/\/ladynemery.be\/en\/wp-json\/wp\/v2\/pages\/2429\/revisions\/7108"}],"wp:featuredmedia":[{"embeddable":true,"href":"https:\/\/ladynemery.be\/en\/wp-json\/wp\/v2\/media\/2275"}],"wp:attachment":[{"href":"https:\/\/ladynemery.be\/en\/wp-json\/wp\/v2\/media?parent=2429"}],"curies":[{"name":"wp","href":"https:\/\/api.w.org\/{rel}","templated":true}]}}