{"id":2549,"date":"2023-08-23T16:49:47","date_gmt":"2023-08-23T14:49:47","guid":{"rendered":"https:\/\/ladynemery.be\/index.php\/product\/cascade-digital-painting-abstrait-art\/"},"modified":"2025-04-07T20:16:36","modified_gmt":"2025-04-07T18:16:36","slug":"cascade-painting-digital-art-abstract","status":"publish","type":"product","link":"https:\/\/ladynemery.be\/en\/product\/cascade-painting-digital-art-abstract\/","title":{"rendered":"Cascade &#8211; DIGITAL PAINTING &#8211; ABSTRACT ART"},"content":{"rendered":"<p>&#8220;Cascade&#8221; is an abstract digital painting. In this work, enigmatic shapes seem to dance in weightlessness, overlapping to create a captivating depth.<\/p>\n<p>Tones of red, yellow and white give the canvas vibrant color. A black line divides the picture, adding a contrasting dimension. In the center, a mysterious script emerges, evoking a thought that parasites reality.<\/p>\n<p>At the heart of the work, a golden waterfall runs through the composition, instilling a sense of mysticism. This waterfall seems to embody a vivid, enigmatic energy, flowing amidst abstract forms.<\/p>\n<p>Creating &#8220;Cascade&#8221; was a fluid process for me. Without looking for a specific message or even a predefined intention. I let myself be guided by the present moment and my inspiration. It was an act of spontaneity, a way of letting myself go, just like letting yourself be carried by the current of a waterfall. <\/p>\n<p>This abstract painting represents a moment frozen in time, where creativity has expressed itself without hindrance. She invites us to immerse ourselves in this visual experience and let ourselves be carried away by the shapes, colors and emotions that emanate from it.<\/p>\n<p>The mysterious writing, like a whisper from the unconscious, adds a layer of complexity to the work. She reminds us that our thoughts and perceptions can be influenced by hidden elements, creating a duality between perceived reality and inner reality.<\/p>\n","protected":false},"excerpt":{"rendered":"<p>Digital painting available in various media and formats.<\/p>\n","protected":false},"featured_media":6336,"comment_status":"closed","ping_status":"closed","template":"","meta":[],"product_brand":[],"product_cat":[121],"product_tag":[209,135,211,212,208,125,210],"class_list":{"0":"post-2549","1":"product","2":"type-product","3":"status-publish","4":"has-post-thumbnail","6":"product_cat-digital-painting","7":"product_tag-abstract-art","8":"product_tag-digital-painting","9":"product_tag-gold","10":"product_tag-orange-en","11":"product_tag-red","12":"product_tag-white","13":"product_tag-yellow","15":"first","16":"instock","17":"taxable","18":"shipping-taxable","19":"purchasable","20":"product-type-variable"},"yoast_head":"<!-- This site is optimized with the Yoast SEO plugin v26.9 - https:\/\/yoast.com\/product\/yoast-seo-wordpress\/ -->\n<title>Cascade - DIGITAL PAINTING - ABSTRACT ART - Laetitia Nemery - Galerie d\u2019art<\/title>\n<meta name=\"description\" content=\"Treat yourself to a digital print of &quot;Cascade&quot;, an abstract work by Brussels-based artist Laetitia Nemery. Make your interior unique!\" \/>\n<meta name=\"robots\" content=\"index, follow, max-snippet:-1, max-image-preview:large, max-video-preview:-1\" \/>\n<link rel=\"canonical\" href=\"https:\/\/ladynemery.be\/en\/product\/cascade-painting-digital-art-abstract\/\" \/>\n<meta property=\"og:locale\" content=\"en_US\" \/>\n<meta property=\"og:type\" content=\"article\" \/>\n<meta property=\"og:title\" content=\"Cascade - DIGITAL PAINTING - ABSTRACT ART - Laetitia Nemery - Galerie d\u2019art\" \/>\n<meta property=\"og:description\" content=\"Treat yourself to a digital print of &quot;Cascade&quot;, an abstract work by Brussels-based artist Laetitia Nemery. Make your interior unique!\" \/>\n<meta property=\"og:url\" content=\"https:\/\/ladynemery.be\/en\/product\/cascade-painting-digital-art-abstract\/\" \/>\n<meta property=\"og:site_name\" content=\"Laetitia Nemery - Galerie d\u2019art\" \/>\n<meta property=\"article:modified_time\" content=\"2025-04-07T18:16:36+00:00\" \/>\n<meta property=\"og:image\" content=\"https:\/\/ladynemery.be\/wp-content\/uploads\/2023\/08\/Cascade-Peinture-numerique-Art-abstrait-Peintre-belge.jpg\" \/>\n\t<meta property=\"og:image:width\" content=\"2000\" \/>\n\t<meta property=\"og:image:height\" content=\"2000\" \/>\n\t<meta property=\"og:image:type\" content=\"image\/jpeg\" \/>\n<meta name=\"twitter:card\" content=\"summary_large_image\" \/>\n<meta name=\"twitter:label1\" content=\"Est. reading time\" \/>\n\t<meta name=\"twitter:data1\" content=\"1 minute\" \/>\n<script type=\"application\/ld+json\" class=\"yoast-schema-graph\">{\"@context\":\"https:\/\/schema.org\",\"@graph\":[{\"@type\":\"WebPage\",\"@id\":\"https:\/\/ladynemery.be\/en\/product\/cascade-painting-digital-art-abstract\/\",\"url\":\"https:\/\/ladynemery.be\/en\/product\/cascade-painting-digital-art-abstract\/\",\"name\":\"Cascade - DIGITAL PAINTING - ABSTRACT ART - Laetitia Nemery - Galerie d\u2019art\",\"isPartOf\":{\"@id\":\"https:\/\/ladynemery.be\/en\/#website\"},\"primaryImageOfPage\":{\"@id\":\"https:\/\/ladynemery.be\/en\/product\/cascade-painting-digital-art-abstract\/#primaryimage\"},\"image\":{\"@id\":\"https:\/\/ladynemery.be\/en\/product\/cascade-painting-digital-art-abstract\/#primaryimage\"},\"thumbnailUrl\":\"https:\/\/ladynemery.be\/wp-content\/uploads\/2023\/08\/Cascade-Peinture-numerique-Art-abstrait-Peintre-belge.jpg\",\"datePublished\":\"2023-08-23T14:49:47+00:00\",\"dateModified\":\"2025-04-07T18:16:36+00:00\",\"description\":\"Treat yourself to a digital print of \\\"Cascade\\\", an abstract work by Brussels-based artist Laetitia Nemery. Make your interior unique!\",\"breadcrumb\":{\"@id\":\"https:\/\/ladynemery.be\/en\/product\/cascade-painting-digital-art-abstract\/#breadcrumb\"},\"inLanguage\":\"en-US\",\"potentialAction\":[{\"@type\":\"ReadAction\",\"target\":[\"https:\/\/ladynemery.be\/en\/product\/cascade-painting-digital-art-abstract\/\"]}]},{\"@type\":\"ImageObject\",\"inLanguage\":\"en-US\",\"@id\":\"https:\/\/ladynemery.be\/en\/product\/cascade-painting-digital-art-abstract\/#primaryimage\",\"url\":\"https:\/\/ladynemery.be\/wp-content\/uploads\/2023\/08\/Cascade-Peinture-numerique-Art-abstrait-Peintre-belge.jpg\",\"contentUrl\":\"https:\/\/ladynemery.be\/wp-content\/uploads\/2023\/08\/Cascade-Peinture-numerique-Art-abstrait-Peintre-belge.jpg\",\"width\":2000,\"height\":2000,\"caption\":\"peinture num\u00e9rique d\u2019art contemporain abstrait nomm\u00e9e Cascade r\u00e9alis\u00e9e par l\u2019artiste peintre belge La\u00ebtitia Nemery. Toile dont le rouge et le jaune sont les tons dominants\"},{\"@type\":\"BreadcrumbList\",\"@id\":\"https:\/\/ladynemery.be\/en\/product\/cascade-painting-digital-art-abstract\/#breadcrumb\",\"itemListElement\":[{\"@type\":\"ListItem\",\"position\":1,\"name\":\"Accueil\",\"item\":\"https:\/\/ladynemery.be\/en\/home\/\"},{\"@type\":\"ListItem\",\"position\":2,\"name\":\"Gallery\",\"item\":\"https:\/\/ladynemery.be\/en\/shop\/\"},{\"@type\":\"ListItem\",\"position\":3,\"name\":\"Cascade &#8211; DIGITAL PAINTING &#8211; ABSTRACT ART\"}]},{\"@type\":\"WebSite\",\"@id\":\"https:\/\/ladynemery.be\/en\/#website\",\"url\":\"https:\/\/ladynemery.be\/en\/\",\"name\":\"Laetitia Nemery - Galerie d\u2019art\",\"description\":\"\",\"publisher\":{\"@id\":\"https:\/\/ladynemery.be\/en\/#\/schema\/person\/13a55c2dcd52fe1bec2a8e9e1f066e8a\"},\"potentialAction\":[{\"@type\":\"SearchAction\",\"target\":{\"@type\":\"EntryPoint\",\"urlTemplate\":\"https:\/\/ladynemery.be\/en\/?s={search_term_string}\"},\"query-input\":{\"@type\":\"PropertyValueSpecification\",\"valueRequired\":true,\"valueName\":\"search_term_string\"}}],\"inLanguage\":\"en-US\"},{\"@type\":[\"Person\",\"Organization\"],\"@id\":\"https:\/\/ladynemery.be\/en\/#\/schema\/person\/13a55c2dcd52fe1bec2a8e9e1f066e8a\",\"name\":\"Lady Nemery\",\"image\":{\"@type\":\"ImageObject\",\"inLanguage\":\"en-US\",\"@id\":\"https:\/\/ladynemery.be\/en\/#\/schema\/person\/image\/\",\"url\":\"https:\/\/ladynemery.be\/wp-content\/uploads\/2023\/04\/64F68535-852E-4A70-B218-B405E6391D70.jpeg\",\"contentUrl\":\"https:\/\/ladynemery.be\/wp-content\/uploads\/2023\/04\/64F68535-852E-4A70-B218-B405E6391D70.jpeg\",\"width\":313,\"height\":313,\"caption\":\"Lady Nemery\"},\"logo\":{\"@id\":\"https:\/\/ladynemery.be\/en\/#\/schema\/person\/image\/\"},\"sameAs\":[\"http:\/\/ladynemery.be\"]}]}<\/script>\n<!-- \/ Yoast SEO plugin. -->","yoast_head_json":{"title":"Cascade - DIGITAL PAINTING - ABSTRACT ART - Laetitia Nemery - Galerie d\u2019art","description":"Treat yourself to a digital print of \"Cascade\", an abstract work by Brussels-based artist Laetitia Nemery. Make your interior unique!","robots":{"index":"index","follow":"follow","max-snippet":"max-snippet:-1","max-image-preview":"max-image-preview:large","max-video-preview":"max-video-preview:-1"},"canonical":"https:\/\/ladynemery.be\/en\/product\/cascade-painting-digital-art-abstract\/","og_locale":"en_US","og_type":"article","og_title":"Cascade - DIGITAL PAINTING - ABSTRACT ART - Laetitia Nemery - Galerie d\u2019art","og_description":"Treat yourself to a digital print of \"Cascade\", an abstract work by Brussels-based artist Laetitia Nemery. Make your interior unique!","og_url":"https:\/\/ladynemery.be\/en\/product\/cascade-painting-digital-art-abstract\/","og_site_name":"Laetitia Nemery - Galerie d\u2019art","article_modified_time":"2025-04-07T18:16:36+00:00","og_image":[{"width":2000,"height":2000,"url":"https:\/\/ladynemery.be\/wp-content\/uploads\/2023\/08\/Cascade-Peinture-numerique-Art-abstrait-Peintre-belge.jpg","type":"image\/jpeg"}],"twitter_card":"summary_large_image","twitter_misc":{"Est. reading time":"1 minute"},"schema":{"@context":"https:\/\/schema.org","@graph":[{"@type":"WebPage","@id":"https:\/\/ladynemery.be\/en\/product\/cascade-painting-digital-art-abstract\/","url":"https:\/\/ladynemery.be\/en\/product\/cascade-painting-digital-art-abstract\/","name":"Cascade - DIGITAL PAINTING - ABSTRACT ART - Laetitia Nemery - Galerie d\u2019art","isPartOf":{"@id":"https:\/\/ladynemery.be\/en\/#website"},"primaryImageOfPage":{"@id":"https:\/\/ladynemery.be\/en\/product\/cascade-painting-digital-art-abstract\/#primaryimage"},"image":{"@id":"https:\/\/ladynemery.be\/en\/product\/cascade-painting-digital-art-abstract\/#primaryimage"},"thumbnailUrl":"https:\/\/ladynemery.be\/wp-content\/uploads\/2023\/08\/Cascade-Peinture-numerique-Art-abstrait-Peintre-belge.jpg","datePublished":"2023-08-23T14:49:47+00:00","dateModified":"2025-04-07T18:16:36+00:00","description":"Treat yourself to a digital print of \"Cascade\", an abstract work by Brussels-based artist Laetitia Nemery. Make your interior unique!","breadcrumb":{"@id":"https:\/\/ladynemery.be\/en\/product\/cascade-painting-digital-art-abstract\/#breadcrumb"},"inLanguage":"en-US","potentialAction":[{"@type":"ReadAction","target":["https:\/\/ladynemery.be\/en\/product\/cascade-painting-digital-art-abstract\/"]}]},{"@type":"ImageObject","inLanguage":"en-US","@id":"https:\/\/ladynemery.be\/en\/product\/cascade-painting-digital-art-abstract\/#primaryimage","url":"https:\/\/ladynemery.be\/wp-content\/uploads\/2023\/08\/Cascade-Peinture-numerique-Art-abstrait-Peintre-belge.jpg","contentUrl":"https:\/\/ladynemery.be\/wp-content\/uploads\/2023\/08\/Cascade-Peinture-numerique-Art-abstrait-Peintre-belge.jpg","width":2000,"height":2000,"caption":"peinture num\u00e9rique d\u2019art contemporain abstrait nomm\u00e9e Cascade r\u00e9alis\u00e9e par l\u2019artiste peintre belge La\u00ebtitia Nemery. Toile dont le rouge et le jaune sont les tons dominants"},{"@type":"BreadcrumbList","@id":"https:\/\/ladynemery.be\/en\/product\/cascade-painting-digital-art-abstract\/#breadcrumb","itemListElement":[{"@type":"ListItem","position":1,"name":"Accueil","item":"https:\/\/ladynemery.be\/en\/home\/"},{"@type":"ListItem","position":2,"name":"Gallery","item":"https:\/\/ladynemery.be\/en\/shop\/"},{"@type":"ListItem","position":3,"name":"Cascade &#8211; DIGITAL PAINTING &#8211; ABSTRACT ART"}]},{"@type":"WebSite","@id":"https:\/\/ladynemery.be\/en\/#website","url":"https:\/\/ladynemery.be\/en\/","name":"Laetitia Nemery - Galerie d\u2019art","description":"","publisher":{"@id":"https:\/\/ladynemery.be\/en\/#\/schema\/person\/13a55c2dcd52fe1bec2a8e9e1f066e8a"},"potentialAction":[{"@type":"SearchAction","target":{"@type":"EntryPoint","urlTemplate":"https:\/\/ladynemery.be\/en\/?s={search_term_string}"},"query-input":{"@type":"PropertyValueSpecification","valueRequired":true,"valueName":"search_term_string"}}],"inLanguage":"en-US"},{"@type":["Person","Organization"],"@id":"https:\/\/ladynemery.be\/en\/#\/schema\/person\/13a55c2dcd52fe1bec2a8e9e1f066e8a","name":"Lady Nemery","image":{"@type":"ImageObject","inLanguage":"en-US","@id":"https:\/\/ladynemery.be\/en\/#\/schema\/person\/image\/","url":"https:\/\/ladynemery.be\/wp-content\/uploads\/2023\/04\/64F68535-852E-4A70-B218-B405E6391D70.jpeg","contentUrl":"https:\/\/ladynemery.be\/wp-content\/uploads\/2023\/04\/64F68535-852E-4A70-B218-B405E6391D70.jpeg","width":313,"height":313,"caption":"Lady Nemery"},"logo":{"@id":"https:\/\/ladynemery.be\/en\/#\/schema\/person\/image\/"},"sameAs":["http:\/\/ladynemery.be"]}]}},"_links":{"self":[{"href":"https:\/\/ladynemery.be\/en\/wp-json\/wp\/v2\/product\/2549","targetHints":{"allow":["GET"]}}],"collection":[{"href":"https:\/\/ladynemery.be\/en\/wp-json\/wp\/v2\/product"}],"about":[{"href":"https:\/\/ladynemery.be\/en\/wp-json\/wp\/v2\/types\/product"}],"replies":[{"embeddable":true,"href":"https:\/\/ladynemery.be\/en\/wp-json\/wp\/v2\/comments?post=2549"}],"version-history":[{"count":3,"href":"https:\/\/ladynemery.be\/en\/wp-json\/wp\/v2\/product\/2549\/revisions"}],"predecessor-version":[{"id":6639,"href":"https:\/\/ladynemery.be\/en\/wp-json\/wp\/v2\/product\/2549\/revisions\/6639"}],"wp:featuredmedia":[{"embeddable":true,"href":"https:\/\/ladynemery.be\/en\/wp-json\/wp\/v2\/media\/6336"}],"wp:attachment":[{"href":"https:\/\/ladynemery.be\/en\/wp-json\/wp\/v2\/media?parent=2549"}],"wp:term":[{"taxonomy":"product_brand","embeddable":true,"href":"https:\/\/ladynemery.be\/en\/wp-json\/wp\/v2\/product_brand?post=2549"},{"taxonomy":"product_cat","embeddable":true,"href":"https:\/\/ladynemery.be\/en\/wp-json\/wp\/v2\/product_cat?post=2549"},{"taxonomy":"product_tag","embeddable":true,"href":"https:\/\/ladynemery.be\/en\/wp-json\/wp\/v2\/product_tag?post=2549"}],"curies":[{"name":"wp","href":"https:\/\/api.w.org\/{rel}","templated":true}]}}