{"id":2701,"date":"2023-06-09T10:48:54","date_gmt":"2023-06-09T08:48:54","guid":{"rendered":"https:\/\/ladynemery.be\/index.php\/product\/thought-painting-on-canvas-abstract-art\/"},"modified":"2025-04-07T20:25:23","modified_gmt":"2025-04-07T18:25:23","slug":"pensee-painting-on-canvas-art-abstract","status":"publish","type":"product","link":"https:\/\/ladynemery.be\/en\/product\/pensee-painting-on-canvas-art-abstract\/","title":{"rendered":"Pens\u00e9e &#8211; Painting on canvas &#8211; Abstract art"},"content":{"rendered":"<p>&#8220;Pansy&#8221; is the fruit of my recent artistic exploration. This abstract painting on canvas draws its inspiration from my childhood memories, particularly marked by a fascination for pansies, those flowers of striking contrasts. I undertook the creation of this work by imagining myself on a fictional stroll through a field of flowers, expressing my abstract vision through the use of a painting knife and linear forms.  <\/p>\n<p>Shades of mauve dominate the canvas, creating a rich, captivating color palette. The play of colors and contrasts, accentuated by touches of violet, yellow and white, lend the whole a dynamic, vibrant atmosphere. <\/p>\n<p>Looking at &#8220;Pens\u00e9e&#8221;, you&#8217;re invited to transport yourself into an abstract world where shapes unfold in fluid, linear lines. The contours of the flowers blend, merge and metamorphose, encouraging each viewer to make a personal interpretation of this imaginary ballad. <\/p>\n<p>The use of the painting knife was crucial in bringing a distinctive texture to the canvas, creating an impression of movement and spontaneity.<\/p>\n<p>&#8220;Pansy&#8221; is closely linked to another twin work I&#8217;ve entitled<a href=\"https:\/\/ladynemery.be\/product\/blooming-peinture-sur-toile-art-abstrait\/\">&#8220;Blooming<\/a>&#8220;. These two creations share a common source of inspiration: flowers and their remarkable contrasts. Together, they establish a visual harmony of form, color and emotion.  <\/p>\n<p>I invite you to dive into the world of &#8220;Pens\u00e9e&#8221; and let yourself be carried away by this abstract interpretation of a ballad in a field of flowers. Explore shades of mauve, color schemes and linear shapes that evoke the ephemeral beauty of thoughts. Let your imagination run wild and discover the emotions this unique work of art awakens in you.<\/p>\n","protected":false},"excerpt":{"rendered":"<p>Painting on canvas &#8211; acrylic &#8211; 30&#215;30 cm<\/p>\n","protected":false},"featured_media":6357,"comment_status":"closed","ping_status":"closed","template":"","meta":[],"product_brand":[],"product_cat":[123],"product_tag":[209,222,137,223,125,210],"class_list":{"0":"post-2701","1":"product","2":"type-product","3":"status-publish","4":"has-post-thumbnail","6":"product_cat-painting","7":"product_tag-abstract-art","8":"product_tag-acrylic","9":"product_tag-painting-on-canvas","10":"product_tag-violet-en","11":"product_tag-white","12":"product_tag-yellow","14":"first","15":"instock","16":"taxable","17":"shipping-taxable","18":"purchasable","19":"product-type-simple"},"yoast_head":"<!-- This site is optimized with the Yoast SEO plugin v26.9 - https:\/\/yoast.com\/product\/yoast-seo-wordpress\/ -->\n<title>Pens\u00e9e - Painting on canvas - Abstract art - Art gallery<\/title>\n<meta name=\"description\" content=\"Treat yourself to &quot;Pens\u00e9e&quot;, an abstract canvas painting by Brussels artist Laetitia Nemery. Make your interior unique!\" \/>\n<meta name=\"robots\" content=\"index, follow, max-snippet:-1, max-image-preview:large, max-video-preview:-1\" \/>\n<link rel=\"canonical\" href=\"https:\/\/ladynemery.be\/en\/product\/pensee-painting-on-canvas-art-abstract\/\" \/>\n<meta property=\"og:locale\" content=\"en_US\" \/>\n<meta property=\"og:type\" content=\"article\" \/>\n<meta property=\"og:title\" content=\"Pens\u00e9e - Painting on canvas - Abstract art - Art gallery\" \/>\n<meta property=\"og:description\" content=\"Treat yourself to &quot;Pens\u00e9e&quot;, an abstract canvas painting by Brussels artist Laetitia Nemery. Make your interior unique!\" \/>\n<meta property=\"og:url\" content=\"https:\/\/ladynemery.be\/en\/product\/pensee-painting-on-canvas-art-abstract\/\" \/>\n<meta property=\"og:site_name\" content=\"Laetitia Nemery - Galerie d\u2019art\" \/>\n<meta property=\"article:modified_time\" content=\"2025-04-07T18:25:23+00:00\" \/>\n<meta property=\"og:image\" content=\"https:\/\/ladynemery.be\/wp-content\/uploads\/2023\/06\/Pensee-Peinture-toile-art-abstrait.jpg\" \/>\n\t<meta property=\"og:image:width\" content=\"2000\" \/>\n\t<meta property=\"og:image:height\" content=\"2000\" \/>\n\t<meta property=\"og:image:type\" content=\"image\/jpeg\" \/>\n<meta name=\"twitter:card\" content=\"summary_large_image\" \/>\n<meta name=\"twitter:label1\" content=\"Est. reading time\" \/>\n\t<meta name=\"twitter:data1\" content=\"1 minute\" \/>\n<script type=\"application\/ld+json\" class=\"yoast-schema-graph\">{\"@context\":\"https:\/\/schema.org\",\"@graph\":[{\"@type\":\"WebPage\",\"@id\":\"https:\/\/ladynemery.be\/en\/product\/pensee-painting-on-canvas-art-abstract\/\",\"url\":\"https:\/\/ladynemery.be\/en\/product\/pensee-painting-on-canvas-art-abstract\/\",\"name\":\"Pens\u00e9e - Painting on canvas - Abstract art - Art gallery\",\"isPartOf\":{\"@id\":\"https:\/\/ladynemery.be\/en\/#website\"},\"primaryImageOfPage\":{\"@id\":\"https:\/\/ladynemery.be\/en\/product\/pensee-painting-on-canvas-art-abstract\/#primaryimage\"},\"image\":{\"@id\":\"https:\/\/ladynemery.be\/en\/product\/pensee-painting-on-canvas-art-abstract\/#primaryimage\"},\"thumbnailUrl\":\"https:\/\/ladynemery.be\/wp-content\/uploads\/2023\/06\/Pensee-Peinture-toile-art-abstrait.jpg\",\"datePublished\":\"2023-06-09T08:48:54+00:00\",\"dateModified\":\"2025-04-07T18:25:23+00:00\",\"description\":\"Treat yourself to \\\"Pens\u00e9e\\\", an abstract canvas painting by Brussels artist Laetitia Nemery. Make your interior unique!\",\"breadcrumb\":{\"@id\":\"https:\/\/ladynemery.be\/en\/product\/pensee-painting-on-canvas-art-abstract\/#breadcrumb\"},\"inLanguage\":\"en-US\",\"potentialAction\":[{\"@type\":\"ReadAction\",\"target\":[\"https:\/\/ladynemery.be\/en\/product\/pensee-painting-on-canvas-art-abstract\/\"]}]},{\"@type\":\"ImageObject\",\"inLanguage\":\"en-US\",\"@id\":\"https:\/\/ladynemery.be\/en\/product\/pensee-painting-on-canvas-art-abstract\/#primaryimage\",\"url\":\"https:\/\/ladynemery.be\/wp-content\/uploads\/2023\/06\/Pensee-Peinture-toile-art-abstrait.jpg\",\"contentUrl\":\"https:\/\/ladynemery.be\/wp-content\/uploads\/2023\/06\/Pensee-Peinture-toile-art-abstrait.jpg\",\"width\":2000,\"height\":2000,\"caption\":\"Pens\u00e9e - tableau d'une peinture abstraite r\u00e9alis\u00e9e par l'artiste peintre belge Laetitia Nemery. Peinture sur toile dans les tons mauve fort contrastes avec du blanc et jaune et effets de texture. Oeuvre de galerie d'art en ligne.\"},{\"@type\":\"BreadcrumbList\",\"@id\":\"https:\/\/ladynemery.be\/en\/product\/pensee-painting-on-canvas-art-abstract\/#breadcrumb\",\"itemListElement\":[{\"@type\":\"ListItem\",\"position\":1,\"name\":\"Accueil\",\"item\":\"https:\/\/ladynemery.be\/en\/home\/\"},{\"@type\":\"ListItem\",\"position\":2,\"name\":\"Gallery\",\"item\":\"https:\/\/ladynemery.be\/en\/shop\/\"},{\"@type\":\"ListItem\",\"position\":3,\"name\":\"Pens\u00e9e &#8211; Painting on canvas &#8211; Abstract art\"}]},{\"@type\":\"WebSite\",\"@id\":\"https:\/\/ladynemery.be\/en\/#website\",\"url\":\"https:\/\/ladynemery.be\/en\/\",\"name\":\"Laetitia Nemery - Galerie d\u2019art\",\"description\":\"\",\"publisher\":{\"@id\":\"https:\/\/ladynemery.be\/en\/#\/schema\/person\/13a55c2dcd52fe1bec2a8e9e1f066e8a\"},\"potentialAction\":[{\"@type\":\"SearchAction\",\"target\":{\"@type\":\"EntryPoint\",\"urlTemplate\":\"https:\/\/ladynemery.be\/en\/?s={search_term_string}\"},\"query-input\":{\"@type\":\"PropertyValueSpecification\",\"valueRequired\":true,\"valueName\":\"search_term_string\"}}],\"inLanguage\":\"en-US\"},{\"@type\":[\"Person\",\"Organization\"],\"@id\":\"https:\/\/ladynemery.be\/en\/#\/schema\/person\/13a55c2dcd52fe1bec2a8e9e1f066e8a\",\"name\":\"Lady Nemery\",\"image\":{\"@type\":\"ImageObject\",\"inLanguage\":\"en-US\",\"@id\":\"https:\/\/ladynemery.be\/en\/#\/schema\/person\/image\/\",\"url\":\"https:\/\/ladynemery.be\/wp-content\/uploads\/2023\/04\/64F68535-852E-4A70-B218-B405E6391D70.jpeg\",\"contentUrl\":\"https:\/\/ladynemery.be\/wp-content\/uploads\/2023\/04\/64F68535-852E-4A70-B218-B405E6391D70.jpeg\",\"width\":313,\"height\":313,\"caption\":\"Lady Nemery\"},\"logo\":{\"@id\":\"https:\/\/ladynemery.be\/en\/#\/schema\/person\/image\/\"},\"sameAs\":[\"http:\/\/ladynemery.be\"]}]}<\/script>\n<!-- \/ Yoast SEO plugin. -->","yoast_head_json":{"title":"Pens\u00e9e - Painting on canvas - Abstract art - Art gallery","description":"Treat yourself to \"Pens\u00e9e\", an abstract canvas painting by Brussels artist Laetitia Nemery. Make your interior unique!","robots":{"index":"index","follow":"follow","max-snippet":"max-snippet:-1","max-image-preview":"max-image-preview:large","max-video-preview":"max-video-preview:-1"},"canonical":"https:\/\/ladynemery.be\/en\/product\/pensee-painting-on-canvas-art-abstract\/","og_locale":"en_US","og_type":"article","og_title":"Pens\u00e9e - Painting on canvas - Abstract art - Art gallery","og_description":"Treat yourself to \"Pens\u00e9e\", an abstract canvas painting by Brussels artist Laetitia Nemery. Make your interior unique!","og_url":"https:\/\/ladynemery.be\/en\/product\/pensee-painting-on-canvas-art-abstract\/","og_site_name":"Laetitia Nemery - Galerie d\u2019art","article_modified_time":"2025-04-07T18:25:23+00:00","og_image":[{"width":2000,"height":2000,"url":"https:\/\/ladynemery.be\/wp-content\/uploads\/2023\/06\/Pensee-Peinture-toile-art-abstrait.jpg","type":"image\/jpeg"}],"twitter_card":"summary_large_image","twitter_misc":{"Est. reading time":"1 minute"},"schema":{"@context":"https:\/\/schema.org","@graph":[{"@type":"WebPage","@id":"https:\/\/ladynemery.be\/en\/product\/pensee-painting-on-canvas-art-abstract\/","url":"https:\/\/ladynemery.be\/en\/product\/pensee-painting-on-canvas-art-abstract\/","name":"Pens\u00e9e - Painting on canvas - Abstract art - Art gallery","isPartOf":{"@id":"https:\/\/ladynemery.be\/en\/#website"},"primaryImageOfPage":{"@id":"https:\/\/ladynemery.be\/en\/product\/pensee-painting-on-canvas-art-abstract\/#primaryimage"},"image":{"@id":"https:\/\/ladynemery.be\/en\/product\/pensee-painting-on-canvas-art-abstract\/#primaryimage"},"thumbnailUrl":"https:\/\/ladynemery.be\/wp-content\/uploads\/2023\/06\/Pensee-Peinture-toile-art-abstrait.jpg","datePublished":"2023-06-09T08:48:54+00:00","dateModified":"2025-04-07T18:25:23+00:00","description":"Treat yourself to \"Pens\u00e9e\", an abstract canvas painting by Brussels artist Laetitia Nemery. Make your interior unique!","breadcrumb":{"@id":"https:\/\/ladynemery.be\/en\/product\/pensee-painting-on-canvas-art-abstract\/#breadcrumb"},"inLanguage":"en-US","potentialAction":[{"@type":"ReadAction","target":["https:\/\/ladynemery.be\/en\/product\/pensee-painting-on-canvas-art-abstract\/"]}]},{"@type":"ImageObject","inLanguage":"en-US","@id":"https:\/\/ladynemery.be\/en\/product\/pensee-painting-on-canvas-art-abstract\/#primaryimage","url":"https:\/\/ladynemery.be\/wp-content\/uploads\/2023\/06\/Pensee-Peinture-toile-art-abstrait.jpg","contentUrl":"https:\/\/ladynemery.be\/wp-content\/uploads\/2023\/06\/Pensee-Peinture-toile-art-abstrait.jpg","width":2000,"height":2000,"caption":"Pens\u00e9e - tableau d'une peinture abstraite r\u00e9alis\u00e9e par l'artiste peintre belge Laetitia Nemery. Peinture sur toile dans les tons mauve fort contrastes avec du blanc et jaune et effets de texture. Oeuvre de galerie d'art en ligne."},{"@type":"BreadcrumbList","@id":"https:\/\/ladynemery.be\/en\/product\/pensee-painting-on-canvas-art-abstract\/#breadcrumb","itemListElement":[{"@type":"ListItem","position":1,"name":"Accueil","item":"https:\/\/ladynemery.be\/en\/home\/"},{"@type":"ListItem","position":2,"name":"Gallery","item":"https:\/\/ladynemery.be\/en\/shop\/"},{"@type":"ListItem","position":3,"name":"Pens\u00e9e &#8211; Painting on canvas &#8211; Abstract art"}]},{"@type":"WebSite","@id":"https:\/\/ladynemery.be\/en\/#website","url":"https:\/\/ladynemery.be\/en\/","name":"Laetitia Nemery - Galerie d\u2019art","description":"","publisher":{"@id":"https:\/\/ladynemery.be\/en\/#\/schema\/person\/13a55c2dcd52fe1bec2a8e9e1f066e8a"},"potentialAction":[{"@type":"SearchAction","target":{"@type":"EntryPoint","urlTemplate":"https:\/\/ladynemery.be\/en\/?s={search_term_string}"},"query-input":{"@type":"PropertyValueSpecification","valueRequired":true,"valueName":"search_term_string"}}],"inLanguage":"en-US"},{"@type":["Person","Organization"],"@id":"https:\/\/ladynemery.be\/en\/#\/schema\/person\/13a55c2dcd52fe1bec2a8e9e1f066e8a","name":"Lady Nemery","image":{"@type":"ImageObject","inLanguage":"en-US","@id":"https:\/\/ladynemery.be\/en\/#\/schema\/person\/image\/","url":"https:\/\/ladynemery.be\/wp-content\/uploads\/2023\/04\/64F68535-852E-4A70-B218-B405E6391D70.jpeg","contentUrl":"https:\/\/ladynemery.be\/wp-content\/uploads\/2023\/04\/64F68535-852E-4A70-B218-B405E6391D70.jpeg","width":313,"height":313,"caption":"Lady Nemery"},"logo":{"@id":"https:\/\/ladynemery.be\/en\/#\/schema\/person\/image\/"},"sameAs":["http:\/\/ladynemery.be"]}]}},"_links":{"self":[{"href":"https:\/\/ladynemery.be\/en\/wp-json\/wp\/v2\/product\/2701","targetHints":{"allow":["GET"]}}],"collection":[{"href":"https:\/\/ladynemery.be\/en\/wp-json\/wp\/v2\/product"}],"about":[{"href":"https:\/\/ladynemery.be\/en\/wp-json\/wp\/v2\/types\/product"}],"replies":[{"embeddable":true,"href":"https:\/\/ladynemery.be\/en\/wp-json\/wp\/v2\/comments?post=2701"}],"version-history":[{"count":4,"href":"https:\/\/ladynemery.be\/en\/wp-json\/wp\/v2\/product\/2701\/revisions"}],"predecessor-version":[{"id":6653,"href":"https:\/\/ladynemery.be\/en\/wp-json\/wp\/v2\/product\/2701\/revisions\/6653"}],"wp:featuredmedia":[{"embeddable":true,"href":"https:\/\/ladynemery.be\/en\/wp-json\/wp\/v2\/media\/6357"}],"wp:attachment":[{"href":"https:\/\/ladynemery.be\/en\/wp-json\/wp\/v2\/media?parent=2701"}],"wp:term":[{"taxonomy":"product_brand","embeddable":true,"href":"https:\/\/ladynemery.be\/en\/wp-json\/wp\/v2\/product_brand?post=2701"},{"taxonomy":"product_cat","embeddable":true,"href":"https:\/\/ladynemery.be\/en\/wp-json\/wp\/v2\/product_cat?post=2701"},{"taxonomy":"product_tag","embeddable":true,"href":"https:\/\/ladynemery.be\/en\/wp-json\/wp\/v2\/product_tag?post=2701"}],"curies":[{"name":"wp","href":"https:\/\/api.w.org\/{rel}","templated":true}]}}