{"id":2734,"date":"2023-06-18T14:17:50","date_gmt":"2023-06-18T12:17:50","guid":{"rendered":"https:\/\/ladynemery.be\/index.php\/product\/mutism-digital-painting-abstract-art\/"},"modified":"2025-04-07T20:18:59","modified_gmt":"2025-04-07T18:18:59","slug":"mute-painting-digital-art-abstract","status":"publish","type":"product","link":"https:\/\/ladynemery.be\/en\/product\/mute-painting-digital-art-abstract\/","title":{"rendered":"Mutism &#8211; Digital painting &#8211; Abstract art"},"content":{"rendered":"<p>&#8220;Mutism&#8221; is an abstract digital painting that stands out from the usual works. This time, we move away from pure abstraction to discover a more figurative aspect.<\/p>\n<p>Apart from my interest in abstract art, I&#8217;m passionate about drawing, and more specifically, portraits. It was in this artistic exploration that &#8220;Mutisme&#8221; was born, almost by chance. Originally, it was simply a sketch made without much thought.<\/p>\n<p>However, one thing led to another, and I let myself be carried away by inspiration, and the painting &#8220;Mutism&#8221; was born. This work carries a profound and universal message, the meaning of which can be interpreted in different ways by different people.<\/p>\n<p>Silence evokes a vast and personal notion. It can refer to things left unsaid, secrets or even a restriction on freedom of expression. Because in today&#8217;s society, it sometimes seems difficult to say what we feel or think. We are all confronted with these situations, at different levels.<\/p>\n<p>In &#8220;Mutism&#8221;, I seek to express this complexity through visual representation. Abstract forms mingle with more figurative elements, creating a visual tension that encourages us to think and feel. <\/p>\n<p>This abstract digital painting offers a space for reflection, where everyone can find their own interpretation, based on their own experiences and emotions. She invites us to explore the power of silences, unspoken words and buried emotions.<\/p>\n<p>In this way, &#8220;Mutism&#8221; is an invitation to become aware of the importance of communication and self-expression. While recognizing the challenges and complexities that can impede this process. It&#8217;s an artistic exploration that reminds us of the importance of listening, empathizing and freeing the words that lie dormant within us.<\/p>\n","protected":false},"excerpt":{"rendered":"<p>Digital painting available in various media and formats.<\/p>\n","protected":false},"featured_media":6345,"comment_status":"closed","ping_status":"closed","template":"","meta":[],"product_brand":[],"product_cat":[121],"product_tag":[209,133,127,129,135,131,219,208],"class_list":{"0":"post-2734","1":"product","2":"type-product","3":"status-publish","4":"has-post-thumbnail","6":"product_cat-digital-painting","7":"product_tag-abstract-art","8":"product_tag-black","9":"product_tag-blue","10":"product_tag-brown","11":"product_tag-digital-painting","12":"product_tag-figurative","13":"product_tag-portrait-en","14":"product_tag-red","16":"first","17":"instock","18":"taxable","19":"shipping-taxable","20":"purchasable","21":"product-type-variable"},"yoast_head":"<!-- This site is optimized with the Yoast SEO plugin v26.9 - https:\/\/yoast.com\/product\/yoast-seo-wordpress\/ -->\n<title>Mutism - Digital painting - Abstract art - Art gallery<\/title>\n<meta name=\"description\" content=\"Treat yourself to a digital print of &quot;Mutisme&quot;, an abstract work by Brussels artist Laetitia Nemery. Make your interior unique!\" \/>\n<meta name=\"robots\" content=\"index, follow, max-snippet:-1, max-image-preview:large, max-video-preview:-1\" \/>\n<link rel=\"canonical\" href=\"https:\/\/ladynemery.be\/en\/product\/mute-painting-digital-art-abstract\/\" \/>\n<meta property=\"og:locale\" content=\"en_US\" \/>\n<meta property=\"og:type\" content=\"article\" \/>\n<meta property=\"og:title\" content=\"Mutism - Digital painting - Abstract art - Art gallery\" \/>\n<meta property=\"og:description\" content=\"Treat yourself to a digital print of &quot;Mutisme&quot;, an abstract work by Brussels artist Laetitia Nemery. Make your interior unique!\" \/>\n<meta property=\"og:url\" content=\"https:\/\/ladynemery.be\/en\/product\/mute-painting-digital-art-abstract\/\" \/>\n<meta property=\"og:site_name\" content=\"Laetitia Nemery - Galerie d\u2019art\" \/>\n<meta property=\"article:modified_time\" content=\"2025-04-07T18:18:59+00:00\" \/>\n<meta property=\"og:image\" content=\"https:\/\/ladynemery.be\/wp-content\/uploads\/2023\/06\/Mutisme-Peinture-numerique-Art-abstrait-Peintre-belge.jpg\" \/>\n\t<meta property=\"og:image:width\" content=\"2000\" \/>\n\t<meta property=\"og:image:height\" content=\"2000\" \/>\n\t<meta property=\"og:image:type\" content=\"image\/jpeg\" \/>\n<meta name=\"twitter:card\" content=\"summary_large_image\" \/>\n<meta name=\"twitter:label1\" content=\"Est. reading time\" \/>\n\t<meta name=\"twitter:data1\" content=\"1 minute\" \/>\n<script type=\"application\/ld+json\" class=\"yoast-schema-graph\">{\"@context\":\"https:\/\/schema.org\",\"@graph\":[{\"@type\":\"WebPage\",\"@id\":\"https:\/\/ladynemery.be\/en\/product\/mute-painting-digital-art-abstract\/\",\"url\":\"https:\/\/ladynemery.be\/en\/product\/mute-painting-digital-art-abstract\/\",\"name\":\"Mutism - Digital painting - Abstract art - Art gallery\",\"isPartOf\":{\"@id\":\"https:\/\/ladynemery.be\/en\/#website\"},\"primaryImageOfPage\":{\"@id\":\"https:\/\/ladynemery.be\/en\/product\/mute-painting-digital-art-abstract\/#primaryimage\"},\"image\":{\"@id\":\"https:\/\/ladynemery.be\/en\/product\/mute-painting-digital-art-abstract\/#primaryimage\"},\"thumbnailUrl\":\"https:\/\/ladynemery.be\/wp-content\/uploads\/2023\/06\/Mutisme-Peinture-numerique-Art-abstrait-Peintre-belge.jpg\",\"datePublished\":\"2023-06-18T12:17:50+00:00\",\"dateModified\":\"2025-04-07T18:18:59+00:00\",\"description\":\"Treat yourself to a digital print of \\\"Mutisme\\\", an abstract work by Brussels artist Laetitia Nemery. Make your interior unique!\",\"breadcrumb\":{\"@id\":\"https:\/\/ladynemery.be\/en\/product\/mute-painting-digital-art-abstract\/#breadcrumb\"},\"inLanguage\":\"en-US\",\"potentialAction\":[{\"@type\":\"ReadAction\",\"target\":[\"https:\/\/ladynemery.be\/en\/product\/mute-painting-digital-art-abstract\/\"]}]},{\"@type\":\"ImageObject\",\"inLanguage\":\"en-US\",\"@id\":\"https:\/\/ladynemery.be\/en\/product\/mute-painting-digital-art-abstract\/#primaryimage\",\"url\":\"https:\/\/ladynemery.be\/wp-content\/uploads\/2023\/06\/Mutisme-Peinture-numerique-Art-abstrait-Peintre-belge.jpg\",\"contentUrl\":\"https:\/\/ladynemery.be\/wp-content\/uploads\/2023\/06\/Mutisme-Peinture-numerique-Art-abstrait-Peintre-belge.jpg\",\"width\":2000,\"height\":2000,\"caption\":\"une peinture num\u00e9rique d\u2019art contemporain abstrait nomm\u00e9e Mutisme r\u00e9alis\u00e9e par l\u2019artiste peintre belge La\u00ebtitia Nemery. Toile dont le rouge et gris sont les tons dominants. Peinture portrait\"},{\"@type\":\"BreadcrumbList\",\"@id\":\"https:\/\/ladynemery.be\/en\/product\/mute-painting-digital-art-abstract\/#breadcrumb\",\"itemListElement\":[{\"@type\":\"ListItem\",\"position\":1,\"name\":\"Accueil\",\"item\":\"https:\/\/ladynemery.be\/en\/home\/\"},{\"@type\":\"ListItem\",\"position\":2,\"name\":\"Gallery\",\"item\":\"https:\/\/ladynemery.be\/en\/shop\/\"},{\"@type\":\"ListItem\",\"position\":3,\"name\":\"Mutism &#8211; Digital painting &#8211; Abstract art\"}]},{\"@type\":\"WebSite\",\"@id\":\"https:\/\/ladynemery.be\/en\/#website\",\"url\":\"https:\/\/ladynemery.be\/en\/\",\"name\":\"Laetitia Nemery - Galerie d\u2019art\",\"description\":\"\",\"publisher\":{\"@id\":\"https:\/\/ladynemery.be\/en\/#\/schema\/person\/13a55c2dcd52fe1bec2a8e9e1f066e8a\"},\"potentialAction\":[{\"@type\":\"SearchAction\",\"target\":{\"@type\":\"EntryPoint\",\"urlTemplate\":\"https:\/\/ladynemery.be\/en\/?s={search_term_string}\"},\"query-input\":{\"@type\":\"PropertyValueSpecification\",\"valueRequired\":true,\"valueName\":\"search_term_string\"}}],\"inLanguage\":\"en-US\"},{\"@type\":[\"Person\",\"Organization\"],\"@id\":\"https:\/\/ladynemery.be\/en\/#\/schema\/person\/13a55c2dcd52fe1bec2a8e9e1f066e8a\",\"name\":\"Lady Nemery\",\"image\":{\"@type\":\"ImageObject\",\"inLanguage\":\"en-US\",\"@id\":\"https:\/\/ladynemery.be\/en\/#\/schema\/person\/image\/\",\"url\":\"https:\/\/ladynemery.be\/wp-content\/uploads\/2023\/04\/64F68535-852E-4A70-B218-B405E6391D70.jpeg\",\"contentUrl\":\"https:\/\/ladynemery.be\/wp-content\/uploads\/2023\/04\/64F68535-852E-4A70-B218-B405E6391D70.jpeg\",\"width\":313,\"height\":313,\"caption\":\"Lady Nemery\"},\"logo\":{\"@id\":\"https:\/\/ladynemery.be\/en\/#\/schema\/person\/image\/\"},\"sameAs\":[\"http:\/\/ladynemery.be\"]}]}<\/script>\n<!-- \/ Yoast SEO plugin. -->","yoast_head_json":{"title":"Mutism - Digital painting - Abstract art - Art gallery","description":"Treat yourself to a digital print of \"Mutisme\", an abstract work by Brussels artist Laetitia Nemery. Make your interior unique!","robots":{"index":"index","follow":"follow","max-snippet":"max-snippet:-1","max-image-preview":"max-image-preview:large","max-video-preview":"max-video-preview:-1"},"canonical":"https:\/\/ladynemery.be\/en\/product\/mute-painting-digital-art-abstract\/","og_locale":"en_US","og_type":"article","og_title":"Mutism - Digital painting - Abstract art - Art gallery","og_description":"Treat yourself to a digital print of \"Mutisme\", an abstract work by Brussels artist Laetitia Nemery. Make your interior unique!","og_url":"https:\/\/ladynemery.be\/en\/product\/mute-painting-digital-art-abstract\/","og_site_name":"Laetitia Nemery - Galerie d\u2019art","article_modified_time":"2025-04-07T18:18:59+00:00","og_image":[{"width":2000,"height":2000,"url":"https:\/\/ladynemery.be\/wp-content\/uploads\/2023\/06\/Mutisme-Peinture-numerique-Art-abstrait-Peintre-belge.jpg","type":"image\/jpeg"}],"twitter_card":"summary_large_image","twitter_misc":{"Est. reading time":"1 minute"},"schema":{"@context":"https:\/\/schema.org","@graph":[{"@type":"WebPage","@id":"https:\/\/ladynemery.be\/en\/product\/mute-painting-digital-art-abstract\/","url":"https:\/\/ladynemery.be\/en\/product\/mute-painting-digital-art-abstract\/","name":"Mutism - Digital painting - Abstract art - Art gallery","isPartOf":{"@id":"https:\/\/ladynemery.be\/en\/#website"},"primaryImageOfPage":{"@id":"https:\/\/ladynemery.be\/en\/product\/mute-painting-digital-art-abstract\/#primaryimage"},"image":{"@id":"https:\/\/ladynemery.be\/en\/product\/mute-painting-digital-art-abstract\/#primaryimage"},"thumbnailUrl":"https:\/\/ladynemery.be\/wp-content\/uploads\/2023\/06\/Mutisme-Peinture-numerique-Art-abstrait-Peintre-belge.jpg","datePublished":"2023-06-18T12:17:50+00:00","dateModified":"2025-04-07T18:18:59+00:00","description":"Treat yourself to a digital print of \"Mutisme\", an abstract work by Brussels artist Laetitia Nemery. Make your interior unique!","breadcrumb":{"@id":"https:\/\/ladynemery.be\/en\/product\/mute-painting-digital-art-abstract\/#breadcrumb"},"inLanguage":"en-US","potentialAction":[{"@type":"ReadAction","target":["https:\/\/ladynemery.be\/en\/product\/mute-painting-digital-art-abstract\/"]}]},{"@type":"ImageObject","inLanguage":"en-US","@id":"https:\/\/ladynemery.be\/en\/product\/mute-painting-digital-art-abstract\/#primaryimage","url":"https:\/\/ladynemery.be\/wp-content\/uploads\/2023\/06\/Mutisme-Peinture-numerique-Art-abstrait-Peintre-belge.jpg","contentUrl":"https:\/\/ladynemery.be\/wp-content\/uploads\/2023\/06\/Mutisme-Peinture-numerique-Art-abstrait-Peintre-belge.jpg","width":2000,"height":2000,"caption":"une peinture num\u00e9rique d\u2019art contemporain abstrait nomm\u00e9e Mutisme r\u00e9alis\u00e9e par l\u2019artiste peintre belge La\u00ebtitia Nemery. Toile dont le rouge et gris sont les tons dominants. Peinture portrait"},{"@type":"BreadcrumbList","@id":"https:\/\/ladynemery.be\/en\/product\/mute-painting-digital-art-abstract\/#breadcrumb","itemListElement":[{"@type":"ListItem","position":1,"name":"Accueil","item":"https:\/\/ladynemery.be\/en\/home\/"},{"@type":"ListItem","position":2,"name":"Gallery","item":"https:\/\/ladynemery.be\/en\/shop\/"},{"@type":"ListItem","position":3,"name":"Mutism &#8211; Digital painting &#8211; Abstract art"}]},{"@type":"WebSite","@id":"https:\/\/ladynemery.be\/en\/#website","url":"https:\/\/ladynemery.be\/en\/","name":"Laetitia Nemery - Galerie d\u2019art","description":"","publisher":{"@id":"https:\/\/ladynemery.be\/en\/#\/schema\/person\/13a55c2dcd52fe1bec2a8e9e1f066e8a"},"potentialAction":[{"@type":"SearchAction","target":{"@type":"EntryPoint","urlTemplate":"https:\/\/ladynemery.be\/en\/?s={search_term_string}"},"query-input":{"@type":"PropertyValueSpecification","valueRequired":true,"valueName":"search_term_string"}}],"inLanguage":"en-US"},{"@type":["Person","Organization"],"@id":"https:\/\/ladynemery.be\/en\/#\/schema\/person\/13a55c2dcd52fe1bec2a8e9e1f066e8a","name":"Lady Nemery","image":{"@type":"ImageObject","inLanguage":"en-US","@id":"https:\/\/ladynemery.be\/en\/#\/schema\/person\/image\/","url":"https:\/\/ladynemery.be\/wp-content\/uploads\/2023\/04\/64F68535-852E-4A70-B218-B405E6391D70.jpeg","contentUrl":"https:\/\/ladynemery.be\/wp-content\/uploads\/2023\/04\/64F68535-852E-4A70-B218-B405E6391D70.jpeg","width":313,"height":313,"caption":"Lady Nemery"},"logo":{"@id":"https:\/\/ladynemery.be\/en\/#\/schema\/person\/image\/"},"sameAs":["http:\/\/ladynemery.be"]}]}},"_links":{"self":[{"href":"https:\/\/ladynemery.be\/en\/wp-json\/wp\/v2\/product\/2734","targetHints":{"allow":["GET"]}}],"collection":[{"href":"https:\/\/ladynemery.be\/en\/wp-json\/wp\/v2\/product"}],"about":[{"href":"https:\/\/ladynemery.be\/en\/wp-json\/wp\/v2\/types\/product"}],"replies":[{"embeddable":true,"href":"https:\/\/ladynemery.be\/en\/wp-json\/wp\/v2\/comments?post=2734"}],"version-history":[{"count":2,"href":"https:\/\/ladynemery.be\/en\/wp-json\/wp\/v2\/product\/2734\/revisions"}],"predecessor-version":[{"id":6641,"href":"https:\/\/ladynemery.be\/en\/wp-json\/wp\/v2\/product\/2734\/revisions\/6641"}],"wp:featuredmedia":[{"embeddable":true,"href":"https:\/\/ladynemery.be\/en\/wp-json\/wp\/v2\/media\/6345"}],"wp:attachment":[{"href":"https:\/\/ladynemery.be\/en\/wp-json\/wp\/v2\/media?parent=2734"}],"wp:term":[{"taxonomy":"product_brand","embeddable":true,"href":"https:\/\/ladynemery.be\/en\/wp-json\/wp\/v2\/product_brand?post=2734"},{"taxonomy":"product_cat","embeddable":true,"href":"https:\/\/ladynemery.be\/en\/wp-json\/wp\/v2\/product_cat?post=2734"},{"taxonomy":"product_tag","embeddable":true,"href":"https:\/\/ladynemery.be\/en\/wp-json\/wp\/v2\/product_tag?post=2734"}],"curies":[{"name":"wp","href":"https:\/\/api.w.org\/{rel}","templated":true}]}}