{"id":3262,"date":"2023-05-09T13:41:35","date_gmt":"2023-05-09T11:41:35","guid":{"rendered":"https:\/\/ladynemery.be\/index.php\/product\/blizzard-digital-painting-abstract-art\/"},"modified":"2025-04-07T20:20:28","modified_gmt":"2025-04-07T18:20:28","slug":"blizzard-digital-art-abstract-painting","status":"publish","type":"product","link":"https:\/\/ladynemery.be\/en\/product\/blizzard-digital-art-abstract-painting\/","title":{"rendered":"Blizzard &#8211; Digital painting &#8211; Abstract art"},"content":{"rendered":"<p>&#8220;Blizzard&#8221; is a digital work that allowed me to explore the richness of shades of blue, creating a captivating canvas. The contrasts are accentuated by the touches of yellow and red that run through the composition, adding a vibrant dimension to the whole. <\/p>\n<p>This immersive creation plunges viewers into a world of waking dreams, where the imagination comes to life. A mysterious mist moves across the canvas, gradually revealing an alternative reality with mysterious landscapes and enigmatic shapes. <\/p>\n<p>The swirling, vibrant colors evoke a dynamic energy and visual intensity that captivate the eye. Subtle textural effects add tactile depth to the work, offering an immersive visual experience. <\/p>\n<p>With &#8220;Blizzard&#8221;, I invite you to explore your own inner world. To discover the secrets buried in your imagination and create a unique atmosphere in your inner space. <\/p>\n<p>This original piece of digital art is an invitation to contemplation, reflection and escape into a dreamlike universe where the boundary between reality and imagination becomes blurred.<\/p>\n","protected":false},"excerpt":{"rendered":"<p>Digital painting available in various media and formats.<\/p>\n","protected":false},"featured_media":6312,"comment_status":"closed","ping_status":"closed","template":"","meta":[],"product_brand":[],"product_cat":[121],"product_tag":[209,127,135,208,210],"class_list":{"0":"post-3262","1":"product","2":"type-product","3":"status-publish","4":"has-post-thumbnail","6":"product_cat-digital-painting","7":"product_tag-abstract-art","8":"product_tag-blue","9":"product_tag-digital-painting","10":"product_tag-red","11":"product_tag-yellow","13":"first","14":"instock","15":"taxable","16":"shipping-taxable","17":"purchasable","18":"product-type-variable"},"yoast_head":"<!-- This site is optimized with the Yoast SEO plugin v26.9 - https:\/\/yoast.com\/product\/yoast-seo-wordpress\/ -->\n<title>Blizzard - Abstract digital art - Laetitia Nemery - Galerie d\u2019art<\/title>\n<meta name=\"description\" content=\"Treat yourself to a digital print of &quot;Blizzard&quot;, an abstract work by Brussels artist Laetitia Nemery. Make your interior unique!\" \/>\n<meta name=\"robots\" content=\"index, follow, max-snippet:-1, max-image-preview:large, max-video-preview:-1\" \/>\n<link rel=\"canonical\" href=\"https:\/\/ladynemery.be\/en\/product\/blizzard-digital-art-abstract-painting\/\" \/>\n<meta property=\"og:locale\" content=\"en_US\" \/>\n<meta property=\"og:type\" content=\"article\" \/>\n<meta property=\"og:title\" content=\"Blizzard - Abstract digital art - Laetitia Nemery - Galerie d\u2019art\" \/>\n<meta property=\"og:description\" content=\"Treat yourself to a digital print of &quot;Blizzard&quot;, an abstract work by Brussels artist Laetitia Nemery. Make your interior unique!\" \/>\n<meta property=\"og:url\" content=\"https:\/\/ladynemery.be\/en\/product\/blizzard-digital-art-abstract-painting\/\" \/>\n<meta property=\"og:site_name\" content=\"Laetitia Nemery - Galerie d\u2019art\" \/>\n<meta property=\"article:modified_time\" content=\"2025-04-07T18:20:28+00:00\" \/>\n<meta property=\"og:image\" content=\"https:\/\/ladynemery.be\/wp-content\/uploads\/2023\/05\/Blizzard-Peinture-numerique-Art-abstrait-Peintre-belge-1.jpg\" \/>\n\t<meta property=\"og:image:width\" content=\"2000\" \/>\n\t<meta property=\"og:image:height\" content=\"2000\" \/>\n\t<meta property=\"og:image:type\" content=\"image\/jpeg\" \/>\n<meta name=\"twitter:card\" content=\"summary_large_image\" \/>\n<meta name=\"twitter:label1\" content=\"Est. reading time\" \/>\n\t<meta name=\"twitter:data1\" content=\"1 minute\" \/>\n<script type=\"application\/ld+json\" class=\"yoast-schema-graph\">{\"@context\":\"https:\/\/schema.org\",\"@graph\":[{\"@type\":\"WebPage\",\"@id\":\"https:\/\/ladynemery.be\/en\/product\/blizzard-digital-art-abstract-painting\/\",\"url\":\"https:\/\/ladynemery.be\/en\/product\/blizzard-digital-art-abstract-painting\/\",\"name\":\"Blizzard - Abstract digital art - Laetitia Nemery - Galerie d\u2019art\",\"isPartOf\":{\"@id\":\"https:\/\/ladynemery.be\/en\/#website\"},\"primaryImageOfPage\":{\"@id\":\"https:\/\/ladynemery.be\/en\/product\/blizzard-digital-art-abstract-painting\/#primaryimage\"},\"image\":{\"@id\":\"https:\/\/ladynemery.be\/en\/product\/blizzard-digital-art-abstract-painting\/#primaryimage\"},\"thumbnailUrl\":\"https:\/\/ladynemery.be\/wp-content\/uploads\/2023\/05\/Blizzard-Peinture-numerique-Art-abstrait-Peintre-belge-1.jpg\",\"datePublished\":\"2023-05-09T11:41:35+00:00\",\"dateModified\":\"2025-04-07T18:20:28+00:00\",\"description\":\"Treat yourself to a digital print of \\\"Blizzard\\\", an abstract work by Brussels artist Laetitia Nemery. Make your interior unique!\",\"breadcrumb\":{\"@id\":\"https:\/\/ladynemery.be\/en\/product\/blizzard-digital-art-abstract-painting\/#breadcrumb\"},\"inLanguage\":\"en-US\",\"potentialAction\":[{\"@type\":\"ReadAction\",\"target\":[\"https:\/\/ladynemery.be\/en\/product\/blizzard-digital-art-abstract-painting\/\"]}]},{\"@type\":\"ImageObject\",\"inLanguage\":\"en-US\",\"@id\":\"https:\/\/ladynemery.be\/en\/product\/blizzard-digital-art-abstract-painting\/#primaryimage\",\"url\":\"https:\/\/ladynemery.be\/wp-content\/uploads\/2023\/05\/Blizzard-Peinture-numerique-Art-abstrait-Peintre-belge-1.jpg\",\"contentUrl\":\"https:\/\/ladynemery.be\/wp-content\/uploads\/2023\/05\/Blizzard-Peinture-numerique-Art-abstrait-Peintre-belge-1.jpg\",\"width\":2000,\"height\":2000,\"caption\":\"Peinture num\u00e9rique d\u2019art contemporain abstrait nomm\u00e9e Blizzard r\u00e9alis\u00e9e par l\u2019artiste peintre belge La\u00ebtitia Nemery. Toile dont le bleu est le ton dominant travers\u00e9e par un brouillard de jaune et rouge contrastant l\u2019\u0153uvre.\"},{\"@type\":\"BreadcrumbList\",\"@id\":\"https:\/\/ladynemery.be\/en\/product\/blizzard-digital-art-abstract-painting\/#breadcrumb\",\"itemListElement\":[{\"@type\":\"ListItem\",\"position\":1,\"name\":\"Accueil\",\"item\":\"https:\/\/ladynemery.be\/en\/home\/\"},{\"@type\":\"ListItem\",\"position\":2,\"name\":\"Gallery\",\"item\":\"https:\/\/ladynemery.be\/en\/shop\/\"},{\"@type\":\"ListItem\",\"position\":3,\"name\":\"Blizzard &#8211; Digital painting &#8211; Abstract art\"}]},{\"@type\":\"WebSite\",\"@id\":\"https:\/\/ladynemery.be\/en\/#website\",\"url\":\"https:\/\/ladynemery.be\/en\/\",\"name\":\"Laetitia Nemery - Galerie d\u2019art\",\"description\":\"\",\"publisher\":{\"@id\":\"https:\/\/ladynemery.be\/en\/#\/schema\/person\/13a55c2dcd52fe1bec2a8e9e1f066e8a\"},\"potentialAction\":[{\"@type\":\"SearchAction\",\"target\":{\"@type\":\"EntryPoint\",\"urlTemplate\":\"https:\/\/ladynemery.be\/en\/?s={search_term_string}\"},\"query-input\":{\"@type\":\"PropertyValueSpecification\",\"valueRequired\":true,\"valueName\":\"search_term_string\"}}],\"inLanguage\":\"en-US\"},{\"@type\":[\"Person\",\"Organization\"],\"@id\":\"https:\/\/ladynemery.be\/en\/#\/schema\/person\/13a55c2dcd52fe1bec2a8e9e1f066e8a\",\"name\":\"Lady Nemery\",\"image\":{\"@type\":\"ImageObject\",\"inLanguage\":\"en-US\",\"@id\":\"https:\/\/ladynemery.be\/en\/#\/schema\/person\/image\/\",\"url\":\"https:\/\/ladynemery.be\/wp-content\/uploads\/2023\/04\/64F68535-852E-4A70-B218-B405E6391D70.jpeg\",\"contentUrl\":\"https:\/\/ladynemery.be\/wp-content\/uploads\/2023\/04\/64F68535-852E-4A70-B218-B405E6391D70.jpeg\",\"width\":313,\"height\":313,\"caption\":\"Lady Nemery\"},\"logo\":{\"@id\":\"https:\/\/ladynemery.be\/en\/#\/schema\/person\/image\/\"},\"sameAs\":[\"http:\/\/ladynemery.be\"]}]}<\/script>\n<!-- \/ Yoast SEO plugin. -->","yoast_head_json":{"title":"Blizzard - Abstract digital art - Laetitia Nemery - Galerie d\u2019art","description":"Treat yourself to a digital print of \"Blizzard\", an abstract work by Brussels artist Laetitia Nemery. Make your interior unique!","robots":{"index":"index","follow":"follow","max-snippet":"max-snippet:-1","max-image-preview":"max-image-preview:large","max-video-preview":"max-video-preview:-1"},"canonical":"https:\/\/ladynemery.be\/en\/product\/blizzard-digital-art-abstract-painting\/","og_locale":"en_US","og_type":"article","og_title":"Blizzard - Abstract digital art - Laetitia Nemery - Galerie d\u2019art","og_description":"Treat yourself to a digital print of \"Blizzard\", an abstract work by Brussels artist Laetitia Nemery. Make your interior unique!","og_url":"https:\/\/ladynemery.be\/en\/product\/blizzard-digital-art-abstract-painting\/","og_site_name":"Laetitia Nemery - Galerie d\u2019art","article_modified_time":"2025-04-07T18:20:28+00:00","og_image":[{"width":2000,"height":2000,"url":"https:\/\/ladynemery.be\/wp-content\/uploads\/2023\/05\/Blizzard-Peinture-numerique-Art-abstrait-Peintre-belge-1.jpg","type":"image\/jpeg"}],"twitter_card":"summary_large_image","twitter_misc":{"Est. reading time":"1 minute"},"schema":{"@context":"https:\/\/schema.org","@graph":[{"@type":"WebPage","@id":"https:\/\/ladynemery.be\/en\/product\/blizzard-digital-art-abstract-painting\/","url":"https:\/\/ladynemery.be\/en\/product\/blizzard-digital-art-abstract-painting\/","name":"Blizzard - Abstract digital art - Laetitia Nemery - Galerie d\u2019art","isPartOf":{"@id":"https:\/\/ladynemery.be\/en\/#website"},"primaryImageOfPage":{"@id":"https:\/\/ladynemery.be\/en\/product\/blizzard-digital-art-abstract-painting\/#primaryimage"},"image":{"@id":"https:\/\/ladynemery.be\/en\/product\/blizzard-digital-art-abstract-painting\/#primaryimage"},"thumbnailUrl":"https:\/\/ladynemery.be\/wp-content\/uploads\/2023\/05\/Blizzard-Peinture-numerique-Art-abstrait-Peintre-belge-1.jpg","datePublished":"2023-05-09T11:41:35+00:00","dateModified":"2025-04-07T18:20:28+00:00","description":"Treat yourself to a digital print of \"Blizzard\", an abstract work by Brussels artist Laetitia Nemery. Make your interior unique!","breadcrumb":{"@id":"https:\/\/ladynemery.be\/en\/product\/blizzard-digital-art-abstract-painting\/#breadcrumb"},"inLanguage":"en-US","potentialAction":[{"@type":"ReadAction","target":["https:\/\/ladynemery.be\/en\/product\/blizzard-digital-art-abstract-painting\/"]}]},{"@type":"ImageObject","inLanguage":"en-US","@id":"https:\/\/ladynemery.be\/en\/product\/blizzard-digital-art-abstract-painting\/#primaryimage","url":"https:\/\/ladynemery.be\/wp-content\/uploads\/2023\/05\/Blizzard-Peinture-numerique-Art-abstrait-Peintre-belge-1.jpg","contentUrl":"https:\/\/ladynemery.be\/wp-content\/uploads\/2023\/05\/Blizzard-Peinture-numerique-Art-abstrait-Peintre-belge-1.jpg","width":2000,"height":2000,"caption":"Peinture num\u00e9rique d\u2019art contemporain abstrait nomm\u00e9e Blizzard r\u00e9alis\u00e9e par l\u2019artiste peintre belge La\u00ebtitia Nemery. Toile dont le bleu est le ton dominant travers\u00e9e par un brouillard de jaune et rouge contrastant l\u2019\u0153uvre."},{"@type":"BreadcrumbList","@id":"https:\/\/ladynemery.be\/en\/product\/blizzard-digital-art-abstract-painting\/#breadcrumb","itemListElement":[{"@type":"ListItem","position":1,"name":"Accueil","item":"https:\/\/ladynemery.be\/en\/home\/"},{"@type":"ListItem","position":2,"name":"Gallery","item":"https:\/\/ladynemery.be\/en\/shop\/"},{"@type":"ListItem","position":3,"name":"Blizzard &#8211; Digital painting &#8211; Abstract art"}]},{"@type":"WebSite","@id":"https:\/\/ladynemery.be\/en\/#website","url":"https:\/\/ladynemery.be\/en\/","name":"Laetitia Nemery - Galerie d\u2019art","description":"","publisher":{"@id":"https:\/\/ladynemery.be\/en\/#\/schema\/person\/13a55c2dcd52fe1bec2a8e9e1f066e8a"},"potentialAction":[{"@type":"SearchAction","target":{"@type":"EntryPoint","urlTemplate":"https:\/\/ladynemery.be\/en\/?s={search_term_string}"},"query-input":{"@type":"PropertyValueSpecification","valueRequired":true,"valueName":"search_term_string"}}],"inLanguage":"en-US"},{"@type":["Person","Organization"],"@id":"https:\/\/ladynemery.be\/en\/#\/schema\/person\/13a55c2dcd52fe1bec2a8e9e1f066e8a","name":"Lady Nemery","image":{"@type":"ImageObject","inLanguage":"en-US","@id":"https:\/\/ladynemery.be\/en\/#\/schema\/person\/image\/","url":"https:\/\/ladynemery.be\/wp-content\/uploads\/2023\/04\/64F68535-852E-4A70-B218-B405E6391D70.jpeg","contentUrl":"https:\/\/ladynemery.be\/wp-content\/uploads\/2023\/04\/64F68535-852E-4A70-B218-B405E6391D70.jpeg","width":313,"height":313,"caption":"Lady Nemery"},"logo":{"@id":"https:\/\/ladynemery.be\/en\/#\/schema\/person\/image\/"},"sameAs":["http:\/\/ladynemery.be"]}]}},"_links":{"self":[{"href":"https:\/\/ladynemery.be\/en\/wp-json\/wp\/v2\/product\/3262","targetHints":{"allow":["GET"]}}],"collection":[{"href":"https:\/\/ladynemery.be\/en\/wp-json\/wp\/v2\/product"}],"about":[{"href":"https:\/\/ladynemery.be\/en\/wp-json\/wp\/v2\/types\/product"}],"replies":[{"embeddable":true,"href":"https:\/\/ladynemery.be\/en\/wp-json\/wp\/v2\/comments?post=3262"}],"version-history":[{"count":2,"href":"https:\/\/ladynemery.be\/en\/wp-json\/wp\/v2\/product\/3262\/revisions"}],"predecessor-version":[{"id":6645,"href":"https:\/\/ladynemery.be\/en\/wp-json\/wp\/v2\/product\/3262\/revisions\/6645"}],"wp:featuredmedia":[{"embeddable":true,"href":"https:\/\/ladynemery.be\/en\/wp-json\/wp\/v2\/media\/6312"}],"wp:attachment":[{"href":"https:\/\/ladynemery.be\/en\/wp-json\/wp\/v2\/media?parent=3262"}],"wp:term":[{"taxonomy":"product_brand","embeddable":true,"href":"https:\/\/ladynemery.be\/en\/wp-json\/wp\/v2\/product_brand?post=3262"},{"taxonomy":"product_cat","embeddable":true,"href":"https:\/\/ladynemery.be\/en\/wp-json\/wp\/v2\/product_cat?post=3262"},{"taxonomy":"product_tag","embeddable":true,"href":"https:\/\/ladynemery.be\/en\/wp-json\/wp\/v2\/product_tag?post=3262"}],"curies":[{"name":"wp","href":"https:\/\/api.w.org\/{rel}","templated":true}]}}