{"id":3281,"date":"2023-05-09T13:44:01","date_gmt":"2023-05-09T11:44:01","guid":{"rendered":"https:\/\/ladynemery.be\/index.php\/product\/blitz-digital-painting-abstract-art\/"},"modified":"2025-04-07T20:19:58","modified_gmt":"2025-04-07T18:19:58","slug":"blitz-painting-digital-art-abstract","status":"publish","type":"product","link":"https:\/\/ladynemery.be\/en\/product\/blitz-painting-digital-art-abstract\/","title":{"rendered":"Blitz &#8211; Digital Painting &#8211; Abstract Art"},"content":{"rendered":"<p>&#8220;Blitz&#8221; is my latest digital creation, following on from my previous work,<a href=\"https:\/\/ladynemery.be\/product\/blizzard-peinture-numerique-art-abstrait\/\">&#8220;Blizzard<\/a>&#8220;. I&#8217;m once again exploring the waking dream theme that fascinates me so much. My aim is to share my unique vision of two realities that merge harmoniously on canvas, creating a delicate boundary between dream and reality.  <\/p>\n<p>The palette of &#8220;Blitz&#8221; is dominated by bluish hues, creating a haunting, dreamlike universe. In the background, strange, enigmatic shapes emerge, adding a touch of mystery to the whole. An enigmatic red mist hangs over the scene, creating striking, captivating contrasts.  <\/p>\n<p>With this creation, I seek to capture the unique sensations and emotions associated with daydreaming. The abstract shapes and colors invite the viewer to plunge into a world where reality and imagination merge. The result is an intriguing and immersive visual experience.  <\/p>\n<p>The subtle transitions between the different realities depicted add further depth and intensity to the work. The blue, symbolizing immensity and tranquility, blends harmoniously with the red mist, adding a touch of tension and mysticism. <\/p>\n<p>For me, &#8220;Blitz&#8221; represents a bold artistic exploration. An invitation to question our perception of reality and imagination. This digital painting offers a journey into the world of abstract art and daydreams. Where boundaries blur and the imagination runs free. Creating a unique visual and emotional experience.    <\/p>\n","protected":false},"excerpt":{"rendered":"<p>Digital painting available in various media and formats.<\/p>\n","protected":false},"featured_media":6318,"comment_status":"closed","ping_status":"closed","template":"","meta":[],"product_brand":[],"product_cat":[121],"product_tag":[209,127,135,208,210],"class_list":{"0":"post-3281","1":"product","2":"type-product","3":"status-publish","4":"has-post-thumbnail","6":"product_cat-digital-painting","7":"product_tag-abstract-art","8":"product_tag-blue","9":"product_tag-digital-painting","10":"product_tag-red","11":"product_tag-yellow","13":"first","14":"instock","15":"taxable","16":"shipping-taxable","17":"purchasable","18":"product-type-variable"},"yoast_head":"<!-- This site is optimized with the Yoast SEO plugin v26.9 - https:\/\/yoast.com\/product\/yoast-seo-wordpress\/ -->\n<title>Blitz - Digital Painting - Abstract Art - Art gallery<\/title>\n<meta name=\"description\" content=\"Treat yourself to a digital print of &quot;Blitz&quot;, an abstract work by Brussels artist Laetitia Nemery. Make your interior unique!\" \/>\n<meta name=\"robots\" content=\"index, follow, max-snippet:-1, max-image-preview:large, max-video-preview:-1\" \/>\n<link rel=\"canonical\" href=\"https:\/\/ladynemery.be\/en\/product\/blitz-painting-digital-art-abstract\/\" \/>\n<meta property=\"og:locale\" content=\"en_US\" \/>\n<meta property=\"og:type\" content=\"article\" \/>\n<meta property=\"og:title\" content=\"Blitz - Digital Painting - Abstract Art - Art gallery\" \/>\n<meta property=\"og:description\" content=\"Treat yourself to a digital print of &quot;Blitz&quot;, an abstract work by Brussels artist Laetitia Nemery. Make your interior unique!\" \/>\n<meta property=\"og:url\" content=\"https:\/\/ladynemery.be\/en\/product\/blitz-painting-digital-art-abstract\/\" \/>\n<meta property=\"og:site_name\" content=\"Laetitia Nemery - Galerie d\u2019art\" \/>\n<meta property=\"article:modified_time\" content=\"2025-04-07T18:19:58+00:00\" \/>\n<meta property=\"og:image\" content=\"https:\/\/ladynemery.be\/wp-content\/uploads\/2023\/05\/Blitz-Peinture-numerique-Art-abstrait-Peintrebelge-1.jpg\" \/>\n\t<meta property=\"og:image:width\" content=\"2000\" \/>\n\t<meta property=\"og:image:height\" content=\"2000\" \/>\n\t<meta property=\"og:image:type\" content=\"image\/jpeg\" \/>\n<meta name=\"twitter:card\" content=\"summary_large_image\" \/>\n<meta name=\"twitter:label1\" content=\"Est. reading time\" \/>\n\t<meta name=\"twitter:data1\" content=\"1 minute\" \/>\n<script type=\"application\/ld+json\" class=\"yoast-schema-graph\">{\"@context\":\"https:\/\/schema.org\",\"@graph\":[{\"@type\":\"WebPage\",\"@id\":\"https:\/\/ladynemery.be\/en\/product\/blitz-painting-digital-art-abstract\/\",\"url\":\"https:\/\/ladynemery.be\/en\/product\/blitz-painting-digital-art-abstract\/\",\"name\":\"Blitz - Digital Painting - Abstract Art - Art gallery\",\"isPartOf\":{\"@id\":\"https:\/\/ladynemery.be\/en\/#website\"},\"primaryImageOfPage\":{\"@id\":\"https:\/\/ladynemery.be\/en\/product\/blitz-painting-digital-art-abstract\/#primaryimage\"},\"image\":{\"@id\":\"https:\/\/ladynemery.be\/en\/product\/blitz-painting-digital-art-abstract\/#primaryimage\"},\"thumbnailUrl\":\"https:\/\/ladynemery.be\/wp-content\/uploads\/2023\/05\/Blitz-Peinture-numerique-Art-abstrait-Peintrebelge-1.jpg\",\"datePublished\":\"2023-05-09T11:44:01+00:00\",\"dateModified\":\"2025-04-07T18:19:58+00:00\",\"description\":\"Treat yourself to a digital print of \\\"Blitz\\\", an abstract work by Brussels artist Laetitia Nemery. Make your interior unique!\",\"breadcrumb\":{\"@id\":\"https:\/\/ladynemery.be\/en\/product\/blitz-painting-digital-art-abstract\/#breadcrumb\"},\"inLanguage\":\"en-US\",\"potentialAction\":[{\"@type\":\"ReadAction\",\"target\":[\"https:\/\/ladynemery.be\/en\/product\/blitz-painting-digital-art-abstract\/\"]}]},{\"@type\":\"ImageObject\",\"inLanguage\":\"en-US\",\"@id\":\"https:\/\/ladynemery.be\/en\/product\/blitz-painting-digital-art-abstract\/#primaryimage\",\"url\":\"https:\/\/ladynemery.be\/wp-content\/uploads\/2023\/05\/Blitz-Peinture-numerique-Art-abstrait-Peintrebelge-1.jpg\",\"contentUrl\":\"https:\/\/ladynemery.be\/wp-content\/uploads\/2023\/05\/Blitz-Peinture-numerique-Art-abstrait-Peintrebelge-1.jpg\",\"width\":2000,\"height\":2000,\"caption\":\"peinture num\u00e9rique d\u2019art contemporain abstrait nomm\u00e9e Blitz r\u00e9alis\u00e9e par l\u2019artiste peintre belge La\u00ebtitia Nemery. Toile dont le bleu est le ton dominant travers\u00e9e par un brouillard de jaune et rouge contrastant l\u2019\u0153uvre.\"},{\"@type\":\"BreadcrumbList\",\"@id\":\"https:\/\/ladynemery.be\/en\/product\/blitz-painting-digital-art-abstract\/#breadcrumb\",\"itemListElement\":[{\"@type\":\"ListItem\",\"position\":1,\"name\":\"Accueil\",\"item\":\"https:\/\/ladynemery.be\/en\/home\/\"},{\"@type\":\"ListItem\",\"position\":2,\"name\":\"Gallery\",\"item\":\"https:\/\/ladynemery.be\/en\/shop\/\"},{\"@type\":\"ListItem\",\"position\":3,\"name\":\"Blitz &#8211; Digital Painting &#8211; Abstract Art\"}]},{\"@type\":\"WebSite\",\"@id\":\"https:\/\/ladynemery.be\/en\/#website\",\"url\":\"https:\/\/ladynemery.be\/en\/\",\"name\":\"Laetitia Nemery - Galerie d\u2019art\",\"description\":\"\",\"publisher\":{\"@id\":\"https:\/\/ladynemery.be\/en\/#\/schema\/person\/13a55c2dcd52fe1bec2a8e9e1f066e8a\"},\"potentialAction\":[{\"@type\":\"SearchAction\",\"target\":{\"@type\":\"EntryPoint\",\"urlTemplate\":\"https:\/\/ladynemery.be\/en\/?s={search_term_string}\"},\"query-input\":{\"@type\":\"PropertyValueSpecification\",\"valueRequired\":true,\"valueName\":\"search_term_string\"}}],\"inLanguage\":\"en-US\"},{\"@type\":[\"Person\",\"Organization\"],\"@id\":\"https:\/\/ladynemery.be\/en\/#\/schema\/person\/13a55c2dcd52fe1bec2a8e9e1f066e8a\",\"name\":\"Lady Nemery\",\"image\":{\"@type\":\"ImageObject\",\"inLanguage\":\"en-US\",\"@id\":\"https:\/\/ladynemery.be\/en\/#\/schema\/person\/image\/\",\"url\":\"https:\/\/ladynemery.be\/wp-content\/uploads\/2023\/04\/64F68535-852E-4A70-B218-B405E6391D70.jpeg\",\"contentUrl\":\"https:\/\/ladynemery.be\/wp-content\/uploads\/2023\/04\/64F68535-852E-4A70-B218-B405E6391D70.jpeg\",\"width\":313,\"height\":313,\"caption\":\"Lady Nemery\"},\"logo\":{\"@id\":\"https:\/\/ladynemery.be\/en\/#\/schema\/person\/image\/\"},\"sameAs\":[\"http:\/\/ladynemery.be\"]}]}<\/script>\n<!-- \/ Yoast SEO plugin. -->","yoast_head_json":{"title":"Blitz - Digital Painting - Abstract Art - Art gallery","description":"Treat yourself to a digital print of \"Blitz\", an abstract work by Brussels artist Laetitia Nemery. Make your interior unique!","robots":{"index":"index","follow":"follow","max-snippet":"max-snippet:-1","max-image-preview":"max-image-preview:large","max-video-preview":"max-video-preview:-1"},"canonical":"https:\/\/ladynemery.be\/en\/product\/blitz-painting-digital-art-abstract\/","og_locale":"en_US","og_type":"article","og_title":"Blitz - Digital Painting - Abstract Art - Art gallery","og_description":"Treat yourself to a digital print of \"Blitz\", an abstract work by Brussels artist Laetitia Nemery. Make your interior unique!","og_url":"https:\/\/ladynemery.be\/en\/product\/blitz-painting-digital-art-abstract\/","og_site_name":"Laetitia Nemery - Galerie d\u2019art","article_modified_time":"2025-04-07T18:19:58+00:00","og_image":[{"width":2000,"height":2000,"url":"https:\/\/ladynemery.be\/wp-content\/uploads\/2023\/05\/Blitz-Peinture-numerique-Art-abstrait-Peintrebelge-1.jpg","type":"image\/jpeg"}],"twitter_card":"summary_large_image","twitter_misc":{"Est. reading time":"1 minute"},"schema":{"@context":"https:\/\/schema.org","@graph":[{"@type":"WebPage","@id":"https:\/\/ladynemery.be\/en\/product\/blitz-painting-digital-art-abstract\/","url":"https:\/\/ladynemery.be\/en\/product\/blitz-painting-digital-art-abstract\/","name":"Blitz - Digital Painting - Abstract Art - Art gallery","isPartOf":{"@id":"https:\/\/ladynemery.be\/en\/#website"},"primaryImageOfPage":{"@id":"https:\/\/ladynemery.be\/en\/product\/blitz-painting-digital-art-abstract\/#primaryimage"},"image":{"@id":"https:\/\/ladynemery.be\/en\/product\/blitz-painting-digital-art-abstract\/#primaryimage"},"thumbnailUrl":"https:\/\/ladynemery.be\/wp-content\/uploads\/2023\/05\/Blitz-Peinture-numerique-Art-abstrait-Peintrebelge-1.jpg","datePublished":"2023-05-09T11:44:01+00:00","dateModified":"2025-04-07T18:19:58+00:00","description":"Treat yourself to a digital print of \"Blitz\", an abstract work by Brussels artist Laetitia Nemery. Make your interior unique!","breadcrumb":{"@id":"https:\/\/ladynemery.be\/en\/product\/blitz-painting-digital-art-abstract\/#breadcrumb"},"inLanguage":"en-US","potentialAction":[{"@type":"ReadAction","target":["https:\/\/ladynemery.be\/en\/product\/blitz-painting-digital-art-abstract\/"]}]},{"@type":"ImageObject","inLanguage":"en-US","@id":"https:\/\/ladynemery.be\/en\/product\/blitz-painting-digital-art-abstract\/#primaryimage","url":"https:\/\/ladynemery.be\/wp-content\/uploads\/2023\/05\/Blitz-Peinture-numerique-Art-abstrait-Peintrebelge-1.jpg","contentUrl":"https:\/\/ladynemery.be\/wp-content\/uploads\/2023\/05\/Blitz-Peinture-numerique-Art-abstrait-Peintrebelge-1.jpg","width":2000,"height":2000,"caption":"peinture num\u00e9rique d\u2019art contemporain abstrait nomm\u00e9e Blitz r\u00e9alis\u00e9e par l\u2019artiste peintre belge La\u00ebtitia Nemery. Toile dont le bleu est le ton dominant travers\u00e9e par un brouillard de jaune et rouge contrastant l\u2019\u0153uvre."},{"@type":"BreadcrumbList","@id":"https:\/\/ladynemery.be\/en\/product\/blitz-painting-digital-art-abstract\/#breadcrumb","itemListElement":[{"@type":"ListItem","position":1,"name":"Accueil","item":"https:\/\/ladynemery.be\/en\/home\/"},{"@type":"ListItem","position":2,"name":"Gallery","item":"https:\/\/ladynemery.be\/en\/shop\/"},{"@type":"ListItem","position":3,"name":"Blitz &#8211; Digital Painting &#8211; Abstract Art"}]},{"@type":"WebSite","@id":"https:\/\/ladynemery.be\/en\/#website","url":"https:\/\/ladynemery.be\/en\/","name":"Laetitia Nemery - Galerie d\u2019art","description":"","publisher":{"@id":"https:\/\/ladynemery.be\/en\/#\/schema\/person\/13a55c2dcd52fe1bec2a8e9e1f066e8a"},"potentialAction":[{"@type":"SearchAction","target":{"@type":"EntryPoint","urlTemplate":"https:\/\/ladynemery.be\/en\/?s={search_term_string}"},"query-input":{"@type":"PropertyValueSpecification","valueRequired":true,"valueName":"search_term_string"}}],"inLanguage":"en-US"},{"@type":["Person","Organization"],"@id":"https:\/\/ladynemery.be\/en\/#\/schema\/person\/13a55c2dcd52fe1bec2a8e9e1f066e8a","name":"Lady Nemery","image":{"@type":"ImageObject","inLanguage":"en-US","@id":"https:\/\/ladynemery.be\/en\/#\/schema\/person\/image\/","url":"https:\/\/ladynemery.be\/wp-content\/uploads\/2023\/04\/64F68535-852E-4A70-B218-B405E6391D70.jpeg","contentUrl":"https:\/\/ladynemery.be\/wp-content\/uploads\/2023\/04\/64F68535-852E-4A70-B218-B405E6391D70.jpeg","width":313,"height":313,"caption":"Lady Nemery"},"logo":{"@id":"https:\/\/ladynemery.be\/en\/#\/schema\/person\/image\/"},"sameAs":["http:\/\/ladynemery.be"]}]}},"_links":{"self":[{"href":"https:\/\/ladynemery.be\/en\/wp-json\/wp\/v2\/product\/3281","targetHints":{"allow":["GET"]}}],"collection":[{"href":"https:\/\/ladynemery.be\/en\/wp-json\/wp\/v2\/product"}],"about":[{"href":"https:\/\/ladynemery.be\/en\/wp-json\/wp\/v2\/types\/product"}],"replies":[{"embeddable":true,"href":"https:\/\/ladynemery.be\/en\/wp-json\/wp\/v2\/comments?post=3281"}],"version-history":[{"count":2,"href":"https:\/\/ladynemery.be\/en\/wp-json\/wp\/v2\/product\/3281\/revisions"}],"predecessor-version":[{"id":6643,"href":"https:\/\/ladynemery.be\/en\/wp-json\/wp\/v2\/product\/3281\/revisions\/6643"}],"wp:featuredmedia":[{"embeddable":true,"href":"https:\/\/ladynemery.be\/en\/wp-json\/wp\/v2\/media\/6318"}],"wp:attachment":[{"href":"https:\/\/ladynemery.be\/en\/wp-json\/wp\/v2\/media?parent=3281"}],"wp:term":[{"taxonomy":"product_brand","embeddable":true,"href":"https:\/\/ladynemery.be\/en\/wp-json\/wp\/v2\/product_brand?post=3281"},{"taxonomy":"product_cat","embeddable":true,"href":"https:\/\/ladynemery.be\/en\/wp-json\/wp\/v2\/product_cat?post=3281"},{"taxonomy":"product_tag","embeddable":true,"href":"https:\/\/ladynemery.be\/en\/wp-json\/wp\/v2\/product_tag?post=3281"}],"curies":[{"name":"wp","href":"https:\/\/api.w.org\/{rel}","templated":true}]}}