{"id":3301,"date":"2023-05-09T13:43:06","date_gmt":"2023-05-09T11:43:06","guid":{"rendered":"https:\/\/ladynemery.be\/index.php\/product\/cime-digital-painting-abstract-art\/"},"modified":"2025-04-07T20:19:36","modified_gmt":"2025-04-07T18:19:36","slug":"cime-peinture-numerique-art-abstrait","status":"publish","type":"product","link":"https:\/\/ladynemery.be\/en\/product\/cime-peinture-numerique-art-abstrait\/","title":{"rendered":"Cime &#8211; Digital painting &#8211; Abstract art"},"content":{"rendered":"<p>&#8220;Cime&#8221; is a digital painting inspired by a trip to Asia. I was captivated during my visit to a temple in Malaysia, nestled at the top of a mountain in a cave.<\/p>\n<p>Then, when I looked up, I saw huge rocks covered in vegetation. Feeling the grandeur and immensity of this environment, I wanted to convey this sensation on my canvas. In this way, my work, which borders on the abstract, evokes an almost mystical atmosphere.  <\/p>\n<p>An abstract cavern, in shades of blue, is depicted from a low-angle point of view. It offers a view of a mystical sky in pale yellow and light golden hues. Red flowers cascade over the rocks, creating magnificent contrasts.<\/p>\n<p>This painting invites you to plunge into an abstract world. A place where nature and spirituality blend harmoniously. The combination of blue tones adds depth and an enigmatic atmosphere. While touches of yellow and red add warmth and vitality.<\/p>\n<p>&#8220;Cime&#8221; captures the spirit of my trip to Asia, preserving the essence of the natural beauty and transcendence I felt in this special place. This work offers an immersive visual experience, inviting everyone to lose themselves in the mysteries and poetry of this abstract cavern.<\/p>\n","protected":false},"excerpt":{"rendered":"<p>Digital painting available in various media and formats.<\/p>\n","protected":false},"featured_media":6315,"comment_status":"closed","ping_status":"closed","template":"","meta":[],"product_brand":[],"product_cat":[121],"product_tag":[209,127,135,208,210],"class_list":{"0":"post-3301","1":"product","2":"type-product","3":"status-publish","4":"has-post-thumbnail","6":"product_cat-digital-painting","7":"product_tag-abstract-art","8":"product_tag-blue","9":"product_tag-digital-painting","10":"product_tag-red","11":"product_tag-yellow","13":"first","14":"instock","15":"taxable","16":"shipping-taxable","17":"purchasable","18":"product-type-variable"},"yoast_head":"<!-- This site is optimized with the Yoast SEO plugin v26.9 - https:\/\/yoast.com\/product\/yoast-seo-wordpress\/ -->\n<title>Cime - Digital painting - Abstract art - Art gallery<\/title>\n<meta name=\"description\" content=\"Treat yourself to a digital print of &quot;Cime&quot;, an abstract work by Brussels artist Laetitia Nemery. Make your interior unique!\" \/>\n<meta name=\"robots\" content=\"index, follow, max-snippet:-1, max-image-preview:large, max-video-preview:-1\" \/>\n<link rel=\"canonical\" href=\"https:\/\/ladynemery.be\/en\/product\/cime-peinture-numerique-art-abstrait\/\" \/>\n<meta property=\"og:locale\" content=\"en_US\" \/>\n<meta property=\"og:type\" content=\"article\" \/>\n<meta property=\"og:title\" content=\"Cime - Digital painting - Abstract art - Art gallery\" \/>\n<meta property=\"og:description\" content=\"Treat yourself to a digital print of &quot;Cime&quot;, an abstract work by Brussels artist Laetitia Nemery. Make your interior unique!\" \/>\n<meta property=\"og:url\" content=\"https:\/\/ladynemery.be\/en\/product\/cime-peinture-numerique-art-abstrait\/\" \/>\n<meta property=\"og:site_name\" content=\"Laetitia Nemery - Galerie d\u2019art\" \/>\n<meta property=\"article:modified_time\" content=\"2025-04-07T18:19:36+00:00\" \/>\n<meta property=\"og:image\" content=\"https:\/\/ladynemery.be\/wp-content\/uploads\/2023\/05\/Cime-Peinturenumerique-Artabstrait-Peintrebelge-1.jpg\" \/>\n\t<meta property=\"og:image:width\" content=\"2000\" \/>\n\t<meta property=\"og:image:height\" content=\"2000\" \/>\n\t<meta property=\"og:image:type\" content=\"image\/jpeg\" \/>\n<meta name=\"twitter:card\" content=\"summary_large_image\" \/>\n<meta name=\"twitter:label1\" content=\"Est. reading time\" \/>\n\t<meta name=\"twitter:data1\" content=\"1 minute\" \/>\n<script type=\"application\/ld+json\" class=\"yoast-schema-graph\">{\"@context\":\"https:\/\/schema.org\",\"@graph\":[{\"@type\":\"WebPage\",\"@id\":\"https:\/\/ladynemery.be\/en\/product\/cime-peinture-numerique-art-abstrait\/\",\"url\":\"https:\/\/ladynemery.be\/en\/product\/cime-peinture-numerique-art-abstrait\/\",\"name\":\"Cime - Digital painting - Abstract art - Art gallery\",\"isPartOf\":{\"@id\":\"https:\/\/ladynemery.be\/en\/#website\"},\"primaryImageOfPage\":{\"@id\":\"https:\/\/ladynemery.be\/en\/product\/cime-peinture-numerique-art-abstrait\/#primaryimage\"},\"image\":{\"@id\":\"https:\/\/ladynemery.be\/en\/product\/cime-peinture-numerique-art-abstrait\/#primaryimage\"},\"thumbnailUrl\":\"https:\/\/ladynemery.be\/wp-content\/uploads\/2023\/05\/Cime-Peinturenumerique-Artabstrait-Peintrebelge-1.jpg\",\"datePublished\":\"2023-05-09T11:43:06+00:00\",\"dateModified\":\"2025-04-07T18:19:36+00:00\",\"description\":\"Treat yourself to a digital print of \\\"Cime\\\", an abstract work by Brussels artist Laetitia Nemery. Make your interior unique!\",\"breadcrumb\":{\"@id\":\"https:\/\/ladynemery.be\/en\/product\/cime-peinture-numerique-art-abstrait\/#breadcrumb\"},\"inLanguage\":\"en-US\",\"potentialAction\":[{\"@type\":\"ReadAction\",\"target\":[\"https:\/\/ladynemery.be\/en\/product\/cime-peinture-numerique-art-abstrait\/\"]}]},{\"@type\":\"ImageObject\",\"inLanguage\":\"en-US\",\"@id\":\"https:\/\/ladynemery.be\/en\/product\/cime-peinture-numerique-art-abstrait\/#primaryimage\",\"url\":\"https:\/\/ladynemery.be\/wp-content\/uploads\/2023\/05\/Cime-Peinturenumerique-Artabstrait-Peintrebelge-1.jpg\",\"contentUrl\":\"https:\/\/ladynemery.be\/wp-content\/uploads\/2023\/05\/Cime-Peinturenumerique-Artabstrait-Peintrebelge-1.jpg\",\"width\":2000,\"height\":2000,\"caption\":\"peinture num\u00e9rique d\u2019art contemporain abstrait nomm\u00e9e C\u00eeme r\u00e9alis\u00e9e par l\u2019artiste peintre belge La\u00ebtitia Nemery. Toile dont le bleu est le ton dominant ainsi que du jaune et rouge contrastant l\u2019\u0153uvre.\"},{\"@type\":\"BreadcrumbList\",\"@id\":\"https:\/\/ladynemery.be\/en\/product\/cime-peinture-numerique-art-abstrait\/#breadcrumb\",\"itemListElement\":[{\"@type\":\"ListItem\",\"position\":1,\"name\":\"Accueil\",\"item\":\"https:\/\/ladynemery.be\/en\/home\/\"},{\"@type\":\"ListItem\",\"position\":2,\"name\":\"Gallery\",\"item\":\"https:\/\/ladynemery.be\/en\/shop\/\"},{\"@type\":\"ListItem\",\"position\":3,\"name\":\"Cime &#8211; Digital painting &#8211; Abstract art\"}]},{\"@type\":\"WebSite\",\"@id\":\"https:\/\/ladynemery.be\/en\/#website\",\"url\":\"https:\/\/ladynemery.be\/en\/\",\"name\":\"Laetitia Nemery - Galerie d\u2019art\",\"description\":\"\",\"publisher\":{\"@id\":\"https:\/\/ladynemery.be\/en\/#\/schema\/person\/13a55c2dcd52fe1bec2a8e9e1f066e8a\"},\"potentialAction\":[{\"@type\":\"SearchAction\",\"target\":{\"@type\":\"EntryPoint\",\"urlTemplate\":\"https:\/\/ladynemery.be\/en\/?s={search_term_string}\"},\"query-input\":{\"@type\":\"PropertyValueSpecification\",\"valueRequired\":true,\"valueName\":\"search_term_string\"}}],\"inLanguage\":\"en-US\"},{\"@type\":[\"Person\",\"Organization\"],\"@id\":\"https:\/\/ladynemery.be\/en\/#\/schema\/person\/13a55c2dcd52fe1bec2a8e9e1f066e8a\",\"name\":\"Lady Nemery\",\"image\":{\"@type\":\"ImageObject\",\"inLanguage\":\"en-US\",\"@id\":\"https:\/\/ladynemery.be\/en\/#\/schema\/person\/image\/\",\"url\":\"https:\/\/ladynemery.be\/wp-content\/uploads\/2023\/04\/64F68535-852E-4A70-B218-B405E6391D70.jpeg\",\"contentUrl\":\"https:\/\/ladynemery.be\/wp-content\/uploads\/2023\/04\/64F68535-852E-4A70-B218-B405E6391D70.jpeg\",\"width\":313,\"height\":313,\"caption\":\"Lady Nemery\"},\"logo\":{\"@id\":\"https:\/\/ladynemery.be\/en\/#\/schema\/person\/image\/\"},\"sameAs\":[\"http:\/\/ladynemery.be\"]}]}<\/script>\n<!-- \/ Yoast SEO plugin. -->","yoast_head_json":{"title":"Cime - Digital painting - Abstract art - Art gallery","description":"Treat yourself to a digital print of \"Cime\", an abstract work by Brussels artist Laetitia Nemery. Make your interior unique!","robots":{"index":"index","follow":"follow","max-snippet":"max-snippet:-1","max-image-preview":"max-image-preview:large","max-video-preview":"max-video-preview:-1"},"canonical":"https:\/\/ladynemery.be\/en\/product\/cime-peinture-numerique-art-abstrait\/","og_locale":"en_US","og_type":"article","og_title":"Cime - Digital painting - Abstract art - Art gallery","og_description":"Treat yourself to a digital print of \"Cime\", an abstract work by Brussels artist Laetitia Nemery. Make your interior unique!","og_url":"https:\/\/ladynemery.be\/en\/product\/cime-peinture-numerique-art-abstrait\/","og_site_name":"Laetitia Nemery - Galerie d\u2019art","article_modified_time":"2025-04-07T18:19:36+00:00","og_image":[{"width":2000,"height":2000,"url":"https:\/\/ladynemery.be\/wp-content\/uploads\/2023\/05\/Cime-Peinturenumerique-Artabstrait-Peintrebelge-1.jpg","type":"image\/jpeg"}],"twitter_card":"summary_large_image","twitter_misc":{"Est. reading time":"1 minute"},"schema":{"@context":"https:\/\/schema.org","@graph":[{"@type":"WebPage","@id":"https:\/\/ladynemery.be\/en\/product\/cime-peinture-numerique-art-abstrait\/","url":"https:\/\/ladynemery.be\/en\/product\/cime-peinture-numerique-art-abstrait\/","name":"Cime - Digital painting - Abstract art - Art gallery","isPartOf":{"@id":"https:\/\/ladynemery.be\/en\/#website"},"primaryImageOfPage":{"@id":"https:\/\/ladynemery.be\/en\/product\/cime-peinture-numerique-art-abstrait\/#primaryimage"},"image":{"@id":"https:\/\/ladynemery.be\/en\/product\/cime-peinture-numerique-art-abstrait\/#primaryimage"},"thumbnailUrl":"https:\/\/ladynemery.be\/wp-content\/uploads\/2023\/05\/Cime-Peinturenumerique-Artabstrait-Peintrebelge-1.jpg","datePublished":"2023-05-09T11:43:06+00:00","dateModified":"2025-04-07T18:19:36+00:00","description":"Treat yourself to a digital print of \"Cime\", an abstract work by Brussels artist Laetitia Nemery. Make your interior unique!","breadcrumb":{"@id":"https:\/\/ladynemery.be\/en\/product\/cime-peinture-numerique-art-abstrait\/#breadcrumb"},"inLanguage":"en-US","potentialAction":[{"@type":"ReadAction","target":["https:\/\/ladynemery.be\/en\/product\/cime-peinture-numerique-art-abstrait\/"]}]},{"@type":"ImageObject","inLanguage":"en-US","@id":"https:\/\/ladynemery.be\/en\/product\/cime-peinture-numerique-art-abstrait\/#primaryimage","url":"https:\/\/ladynemery.be\/wp-content\/uploads\/2023\/05\/Cime-Peinturenumerique-Artabstrait-Peintrebelge-1.jpg","contentUrl":"https:\/\/ladynemery.be\/wp-content\/uploads\/2023\/05\/Cime-Peinturenumerique-Artabstrait-Peintrebelge-1.jpg","width":2000,"height":2000,"caption":"peinture num\u00e9rique d\u2019art contemporain abstrait nomm\u00e9e C\u00eeme r\u00e9alis\u00e9e par l\u2019artiste peintre belge La\u00ebtitia Nemery. Toile dont le bleu est le ton dominant ainsi que du jaune et rouge contrastant l\u2019\u0153uvre."},{"@type":"BreadcrumbList","@id":"https:\/\/ladynemery.be\/en\/product\/cime-peinture-numerique-art-abstrait\/#breadcrumb","itemListElement":[{"@type":"ListItem","position":1,"name":"Accueil","item":"https:\/\/ladynemery.be\/en\/home\/"},{"@type":"ListItem","position":2,"name":"Gallery","item":"https:\/\/ladynemery.be\/en\/shop\/"},{"@type":"ListItem","position":3,"name":"Cime &#8211; Digital painting &#8211; Abstract art"}]},{"@type":"WebSite","@id":"https:\/\/ladynemery.be\/en\/#website","url":"https:\/\/ladynemery.be\/en\/","name":"Laetitia Nemery - Galerie d\u2019art","description":"","publisher":{"@id":"https:\/\/ladynemery.be\/en\/#\/schema\/person\/13a55c2dcd52fe1bec2a8e9e1f066e8a"},"potentialAction":[{"@type":"SearchAction","target":{"@type":"EntryPoint","urlTemplate":"https:\/\/ladynemery.be\/en\/?s={search_term_string}"},"query-input":{"@type":"PropertyValueSpecification","valueRequired":true,"valueName":"search_term_string"}}],"inLanguage":"en-US"},{"@type":["Person","Organization"],"@id":"https:\/\/ladynemery.be\/en\/#\/schema\/person\/13a55c2dcd52fe1bec2a8e9e1f066e8a","name":"Lady Nemery","image":{"@type":"ImageObject","inLanguage":"en-US","@id":"https:\/\/ladynemery.be\/en\/#\/schema\/person\/image\/","url":"https:\/\/ladynemery.be\/wp-content\/uploads\/2023\/04\/64F68535-852E-4A70-B218-B405E6391D70.jpeg","contentUrl":"https:\/\/ladynemery.be\/wp-content\/uploads\/2023\/04\/64F68535-852E-4A70-B218-B405E6391D70.jpeg","width":313,"height":313,"caption":"Lady Nemery"},"logo":{"@id":"https:\/\/ladynemery.be\/en\/#\/schema\/person\/image\/"},"sameAs":["http:\/\/ladynemery.be"]}]}},"_links":{"self":[{"href":"https:\/\/ladynemery.be\/en\/wp-json\/wp\/v2\/product\/3301","targetHints":{"allow":["GET"]}}],"collection":[{"href":"https:\/\/ladynemery.be\/en\/wp-json\/wp\/v2\/product"}],"about":[{"href":"https:\/\/ladynemery.be\/en\/wp-json\/wp\/v2\/types\/product"}],"replies":[{"embeddable":true,"href":"https:\/\/ladynemery.be\/en\/wp-json\/wp\/v2\/comments?post=3301"}],"version-history":[{"count":2,"href":"https:\/\/ladynemery.be\/en\/wp-json\/wp\/v2\/product\/3301\/revisions"}],"predecessor-version":[{"id":6642,"href":"https:\/\/ladynemery.be\/en\/wp-json\/wp\/v2\/product\/3301\/revisions\/6642"}],"wp:featuredmedia":[{"embeddable":true,"href":"https:\/\/ladynemery.be\/en\/wp-json\/wp\/v2\/media\/6315"}],"wp:attachment":[{"href":"https:\/\/ladynemery.be\/en\/wp-json\/wp\/v2\/media?parent=3301"}],"wp:term":[{"taxonomy":"product_brand","embeddable":true,"href":"https:\/\/ladynemery.be\/en\/wp-json\/wp\/v2\/product_brand?post=3301"},{"taxonomy":"product_cat","embeddable":true,"href":"https:\/\/ladynemery.be\/en\/wp-json\/wp\/v2\/product_cat?post=3301"},{"taxonomy":"product_tag","embeddable":true,"href":"https:\/\/ladynemery.be\/en\/wp-json\/wp\/v2\/product_tag?post=3301"}],"curies":[{"name":"wp","href":"https:\/\/api.w.org\/{rel}","templated":true}]}}