{"id":3364,"date":"2023-06-18T14:15:45","date_gmt":"2023-06-18T12:15:45","guid":{"rendered":"https:\/\/ladynemery.be\/index.php\/product\/forest-digital-painting-abstract-art\/"},"modified":"2025-04-07T20:21:39","modified_gmt":"2025-04-07T18:21:39","slug":"digital-art-abstract-drilling","status":"publish","type":"product","link":"https:\/\/ladynemery.be\/en\/product\/digital-art-abstract-drilling\/","title":{"rendered":"Forest &#8211; Digital painting &#8211; Abstract art"},"content":{"rendered":"<p>The abstract digital painting entitled &#8220;For\u00eat&#8221; evokes an enigmatic, almost mystical aura, revealing a captivating depth.<\/p>\n<p>In the background, a mysterious forest takes shape in shades of brown and blue, creating an intriguing atmosphere. Strange shapes stretch and overlap, offering striking contrasts in shades of yellow and orange. Finally, in the foreground, a strange mist, like a white veil, reinforces the impression of mystery and fantasy.<\/p>\n<p>This work is part of my <a href=\"https:\/\/ladynemery.be\/le-reve-eveille\/\">series of daydreams<\/a>, in which two realities merge and it becomes difficult to distinguish the real from the fake. You are invited to interpret this painting as you wish, asking yourself whether this is a dream or an alternative reality. <\/p>\n<p>Everyone who contemplates &#8220;For\u00eat&#8221; can find their own meaning in this fusion of worlds. It&#8217;s an introspective journey where the boundaries between reality and imagination become blurred, leaving room for a multitude of interpretations.<\/p>\n<p>The enigmatic nature of this abstract digital painting invites us to explore the recesses of our consciousness and question our own perceptions. She reminds us that dreams can be a source of inspiration and exploration, allowing us to transcend the limits of our everyday reality.<\/p>\n<p>Ultimately, &#8220;Forest&#8221; invites us to embrace the magic of dreams and appreciate the complexity of worlds coming together, offering us an escape into the unknown and unexplored.<\/p>\n","protected":false},"excerpt":{"rendered":"<p>Digital painting available in various media and formats.<\/p>\n","protected":false},"featured_media":6348,"comment_status":"closed","ping_status":"closed","template":"","meta":[],"product_brand":[],"product_cat":[121],"product_tag":[209,227,133,127,129,135,212,125,210],"class_list":{"0":"post-3364","1":"product","2":"type-product","3":"status-publish","4":"has-post-thumbnail","6":"product_cat-digital-painting","7":"product_tag-abstract-art","8":"product_tag-beige-en","9":"product_tag-black","10":"product_tag-blue","11":"product_tag-brown","12":"product_tag-digital-painting","13":"product_tag-orange-en","14":"product_tag-white","15":"product_tag-yellow","17":"first","18":"instock","19":"taxable","20":"shipping-taxable","21":"purchasable","22":"product-type-variable"},"yoast_head":"<!-- This site is optimized with the Yoast SEO plugin v26.9 - https:\/\/yoast.com\/product\/yoast-seo-wordpress\/ -->\n<title>Forest - Digital painting - Abstract art - Art gallery<\/title>\n<meta name=\"description\" content=\"Treat yourself to a digital print of &quot;For\u00eat&quot;, an abstract work by Brussels artist Laetitia Nemery. Make your interior unique!\" \/>\n<meta name=\"robots\" content=\"index, follow, max-snippet:-1, max-image-preview:large, max-video-preview:-1\" \/>\n<link rel=\"canonical\" href=\"https:\/\/ladynemery.be\/en\/product\/digital-art-abstract-drilling\/\" \/>\n<meta property=\"og:locale\" content=\"en_US\" \/>\n<meta property=\"og:type\" content=\"article\" \/>\n<meta property=\"og:title\" content=\"Forest - Digital painting - Abstract art - Art gallery\" \/>\n<meta property=\"og:description\" content=\"Treat yourself to a digital print of &quot;For\u00eat&quot;, an abstract work by Brussels artist Laetitia Nemery. Make your interior unique!\" \/>\n<meta property=\"og:url\" content=\"https:\/\/ladynemery.be\/en\/product\/digital-art-abstract-drilling\/\" \/>\n<meta property=\"og:site_name\" content=\"Laetitia Nemery - Galerie d\u2019art\" \/>\n<meta property=\"article:modified_time\" content=\"2025-04-07T18:21:39+00:00\" \/>\n<meta property=\"og:image\" content=\"https:\/\/ladynemery.be\/wp-content\/uploads\/2023\/06\/Foret-Peinture-numerique-Art-abstrait-Peintre-belge.jpg\" \/>\n\t<meta property=\"og:image:width\" content=\"2000\" \/>\n\t<meta property=\"og:image:height\" content=\"2000\" \/>\n\t<meta property=\"og:image:type\" content=\"image\/jpeg\" \/>\n<meta name=\"twitter:card\" content=\"summary_large_image\" \/>\n<meta name=\"twitter:label1\" content=\"Est. reading time\" \/>\n\t<meta name=\"twitter:data1\" content=\"1 minute\" \/>\n<script type=\"application\/ld+json\" class=\"yoast-schema-graph\">{\"@context\":\"https:\/\/schema.org\",\"@graph\":[{\"@type\":\"WebPage\",\"@id\":\"https:\/\/ladynemery.be\/en\/product\/digital-art-abstract-drilling\/\",\"url\":\"https:\/\/ladynemery.be\/en\/product\/digital-art-abstract-drilling\/\",\"name\":\"Forest - Digital painting - Abstract art - Art gallery\",\"isPartOf\":{\"@id\":\"https:\/\/ladynemery.be\/en\/#website\"},\"primaryImageOfPage\":{\"@id\":\"https:\/\/ladynemery.be\/en\/product\/digital-art-abstract-drilling\/#primaryimage\"},\"image\":{\"@id\":\"https:\/\/ladynemery.be\/en\/product\/digital-art-abstract-drilling\/#primaryimage\"},\"thumbnailUrl\":\"https:\/\/ladynemery.be\/wp-content\/uploads\/2023\/06\/Foret-Peinture-numerique-Art-abstrait-Peintre-belge.jpg\",\"datePublished\":\"2023-06-18T12:15:45+00:00\",\"dateModified\":\"2025-04-07T18:21:39+00:00\",\"description\":\"Treat yourself to a digital print of \\\"For\u00eat\\\", an abstract work by Brussels artist Laetitia Nemery. Make your interior unique!\",\"breadcrumb\":{\"@id\":\"https:\/\/ladynemery.be\/en\/product\/digital-art-abstract-drilling\/#breadcrumb\"},\"inLanguage\":\"en-US\",\"potentialAction\":[{\"@type\":\"ReadAction\",\"target\":[\"https:\/\/ladynemery.be\/en\/product\/digital-art-abstract-drilling\/\"]}]},{\"@type\":\"ImageObject\",\"inLanguage\":\"en-US\",\"@id\":\"https:\/\/ladynemery.be\/en\/product\/digital-art-abstract-drilling\/#primaryimage\",\"url\":\"https:\/\/ladynemery.be\/wp-content\/uploads\/2023\/06\/Foret-Peinture-numerique-Art-abstrait-Peintre-belge.jpg\",\"contentUrl\":\"https:\/\/ladynemery.be\/wp-content\/uploads\/2023\/06\/Foret-Peinture-numerique-Art-abstrait-Peintre-belge.jpg\",\"width\":2000,\"height\":2000,\"caption\":\"peinture num\u00e9rique d\u2019art contemporain abstrait nomm\u00e9e For\u00eat r\u00e9alis\u00e9e par l\u2019artiste peintre belge La\u00ebtitia Nemery. Toile dont le bleu est le ton dominant ainsi que du jaune et du gris contrastant l\u2019\u0153uvre.\"},{\"@type\":\"BreadcrumbList\",\"@id\":\"https:\/\/ladynemery.be\/en\/product\/digital-art-abstract-drilling\/#breadcrumb\",\"itemListElement\":[{\"@type\":\"ListItem\",\"position\":1,\"name\":\"Accueil\",\"item\":\"https:\/\/ladynemery.be\/en\/home\/\"},{\"@type\":\"ListItem\",\"position\":2,\"name\":\"Gallery\",\"item\":\"https:\/\/ladynemery.be\/en\/shop\/\"},{\"@type\":\"ListItem\",\"position\":3,\"name\":\"Forest &#8211; Digital painting &#8211; Abstract art\"}]},{\"@type\":\"WebSite\",\"@id\":\"https:\/\/ladynemery.be\/en\/#website\",\"url\":\"https:\/\/ladynemery.be\/en\/\",\"name\":\"Laetitia Nemery - Galerie d\u2019art\",\"description\":\"\",\"publisher\":{\"@id\":\"https:\/\/ladynemery.be\/en\/#\/schema\/person\/13a55c2dcd52fe1bec2a8e9e1f066e8a\"},\"potentialAction\":[{\"@type\":\"SearchAction\",\"target\":{\"@type\":\"EntryPoint\",\"urlTemplate\":\"https:\/\/ladynemery.be\/en\/?s={search_term_string}\"},\"query-input\":{\"@type\":\"PropertyValueSpecification\",\"valueRequired\":true,\"valueName\":\"search_term_string\"}}],\"inLanguage\":\"en-US\"},{\"@type\":[\"Person\",\"Organization\"],\"@id\":\"https:\/\/ladynemery.be\/en\/#\/schema\/person\/13a55c2dcd52fe1bec2a8e9e1f066e8a\",\"name\":\"Lady Nemery\",\"image\":{\"@type\":\"ImageObject\",\"inLanguage\":\"en-US\",\"@id\":\"https:\/\/ladynemery.be\/en\/#\/schema\/person\/image\/\",\"url\":\"https:\/\/ladynemery.be\/wp-content\/uploads\/2023\/04\/64F68535-852E-4A70-B218-B405E6391D70.jpeg\",\"contentUrl\":\"https:\/\/ladynemery.be\/wp-content\/uploads\/2023\/04\/64F68535-852E-4A70-B218-B405E6391D70.jpeg\",\"width\":313,\"height\":313,\"caption\":\"Lady Nemery\"},\"logo\":{\"@id\":\"https:\/\/ladynemery.be\/en\/#\/schema\/person\/image\/\"},\"sameAs\":[\"http:\/\/ladynemery.be\"]}]}<\/script>\n<!-- \/ Yoast SEO plugin. -->","yoast_head_json":{"title":"Forest - Digital painting - Abstract art - Art gallery","description":"Treat yourself to a digital print of \"For\u00eat\", an abstract work by Brussels artist Laetitia Nemery. Make your interior unique!","robots":{"index":"index","follow":"follow","max-snippet":"max-snippet:-1","max-image-preview":"max-image-preview:large","max-video-preview":"max-video-preview:-1"},"canonical":"https:\/\/ladynemery.be\/en\/product\/digital-art-abstract-drilling\/","og_locale":"en_US","og_type":"article","og_title":"Forest - Digital painting - Abstract art - Art gallery","og_description":"Treat yourself to a digital print of \"For\u00eat\", an abstract work by Brussels artist Laetitia Nemery. Make your interior unique!","og_url":"https:\/\/ladynemery.be\/en\/product\/digital-art-abstract-drilling\/","og_site_name":"Laetitia Nemery - Galerie d\u2019art","article_modified_time":"2025-04-07T18:21:39+00:00","og_image":[{"width":2000,"height":2000,"url":"https:\/\/ladynemery.be\/wp-content\/uploads\/2023\/06\/Foret-Peinture-numerique-Art-abstrait-Peintre-belge.jpg","type":"image\/jpeg"}],"twitter_card":"summary_large_image","twitter_misc":{"Est. reading time":"1 minute"},"schema":{"@context":"https:\/\/schema.org","@graph":[{"@type":"WebPage","@id":"https:\/\/ladynemery.be\/en\/product\/digital-art-abstract-drilling\/","url":"https:\/\/ladynemery.be\/en\/product\/digital-art-abstract-drilling\/","name":"Forest - Digital painting - Abstract art - Art gallery","isPartOf":{"@id":"https:\/\/ladynemery.be\/en\/#website"},"primaryImageOfPage":{"@id":"https:\/\/ladynemery.be\/en\/product\/digital-art-abstract-drilling\/#primaryimage"},"image":{"@id":"https:\/\/ladynemery.be\/en\/product\/digital-art-abstract-drilling\/#primaryimage"},"thumbnailUrl":"https:\/\/ladynemery.be\/wp-content\/uploads\/2023\/06\/Foret-Peinture-numerique-Art-abstrait-Peintre-belge.jpg","datePublished":"2023-06-18T12:15:45+00:00","dateModified":"2025-04-07T18:21:39+00:00","description":"Treat yourself to a digital print of \"For\u00eat\", an abstract work by Brussels artist Laetitia Nemery. Make your interior unique!","breadcrumb":{"@id":"https:\/\/ladynemery.be\/en\/product\/digital-art-abstract-drilling\/#breadcrumb"},"inLanguage":"en-US","potentialAction":[{"@type":"ReadAction","target":["https:\/\/ladynemery.be\/en\/product\/digital-art-abstract-drilling\/"]}]},{"@type":"ImageObject","inLanguage":"en-US","@id":"https:\/\/ladynemery.be\/en\/product\/digital-art-abstract-drilling\/#primaryimage","url":"https:\/\/ladynemery.be\/wp-content\/uploads\/2023\/06\/Foret-Peinture-numerique-Art-abstrait-Peintre-belge.jpg","contentUrl":"https:\/\/ladynemery.be\/wp-content\/uploads\/2023\/06\/Foret-Peinture-numerique-Art-abstrait-Peintre-belge.jpg","width":2000,"height":2000,"caption":"peinture num\u00e9rique d\u2019art contemporain abstrait nomm\u00e9e For\u00eat r\u00e9alis\u00e9e par l\u2019artiste peintre belge La\u00ebtitia Nemery. Toile dont le bleu est le ton dominant ainsi que du jaune et du gris contrastant l\u2019\u0153uvre."},{"@type":"BreadcrumbList","@id":"https:\/\/ladynemery.be\/en\/product\/digital-art-abstract-drilling\/#breadcrumb","itemListElement":[{"@type":"ListItem","position":1,"name":"Accueil","item":"https:\/\/ladynemery.be\/en\/home\/"},{"@type":"ListItem","position":2,"name":"Gallery","item":"https:\/\/ladynemery.be\/en\/shop\/"},{"@type":"ListItem","position":3,"name":"Forest &#8211; Digital painting &#8211; Abstract art"}]},{"@type":"WebSite","@id":"https:\/\/ladynemery.be\/en\/#website","url":"https:\/\/ladynemery.be\/en\/","name":"Laetitia Nemery - Galerie d\u2019art","description":"","publisher":{"@id":"https:\/\/ladynemery.be\/en\/#\/schema\/person\/13a55c2dcd52fe1bec2a8e9e1f066e8a"},"potentialAction":[{"@type":"SearchAction","target":{"@type":"EntryPoint","urlTemplate":"https:\/\/ladynemery.be\/en\/?s={search_term_string}"},"query-input":{"@type":"PropertyValueSpecification","valueRequired":true,"valueName":"search_term_string"}}],"inLanguage":"en-US"},{"@type":["Person","Organization"],"@id":"https:\/\/ladynemery.be\/en\/#\/schema\/person\/13a55c2dcd52fe1bec2a8e9e1f066e8a","name":"Lady Nemery","image":{"@type":"ImageObject","inLanguage":"en-US","@id":"https:\/\/ladynemery.be\/en\/#\/schema\/person\/image\/","url":"https:\/\/ladynemery.be\/wp-content\/uploads\/2023\/04\/64F68535-852E-4A70-B218-B405E6391D70.jpeg","contentUrl":"https:\/\/ladynemery.be\/wp-content\/uploads\/2023\/04\/64F68535-852E-4A70-B218-B405E6391D70.jpeg","width":313,"height":313,"caption":"Lady Nemery"},"logo":{"@id":"https:\/\/ladynemery.be\/en\/#\/schema\/person\/image\/"},"sameAs":["http:\/\/ladynemery.be"]}]}},"_links":{"self":[{"href":"https:\/\/ladynemery.be\/en\/wp-json\/wp\/v2\/product\/3364","targetHints":{"allow":["GET"]}}],"collection":[{"href":"https:\/\/ladynemery.be\/en\/wp-json\/wp\/v2\/product"}],"about":[{"href":"https:\/\/ladynemery.be\/en\/wp-json\/wp\/v2\/types\/product"}],"replies":[{"embeddable":true,"href":"https:\/\/ladynemery.be\/en\/wp-json\/wp\/v2\/comments?post=3364"}],"version-history":[{"count":3,"href":"https:\/\/ladynemery.be\/en\/wp-json\/wp\/v2\/product\/3364\/revisions"}],"predecessor-version":[{"id":6646,"href":"https:\/\/ladynemery.be\/en\/wp-json\/wp\/v2\/product\/3364\/revisions\/6646"}],"wp:featuredmedia":[{"embeddable":true,"href":"https:\/\/ladynemery.be\/en\/wp-json\/wp\/v2\/media\/6348"}],"wp:attachment":[{"href":"https:\/\/ladynemery.be\/en\/wp-json\/wp\/v2\/media?parent=3364"}],"wp:term":[{"taxonomy":"product_brand","embeddable":true,"href":"https:\/\/ladynemery.be\/en\/wp-json\/wp\/v2\/product_brand?post=3364"},{"taxonomy":"product_cat","embeddable":true,"href":"https:\/\/ladynemery.be\/en\/wp-json\/wp\/v2\/product_cat?post=3364"},{"taxonomy":"product_tag","embeddable":true,"href":"https:\/\/ladynemery.be\/en\/wp-json\/wp\/v2\/product_tag?post=3364"}],"curies":[{"name":"wp","href":"https:\/\/api.w.org\/{rel}","templated":true}]}}