{"id":5727,"date":"2024-01-04T15:53:58","date_gmt":"2024-01-04T14:53:58","guid":{"rendered":"https:\/\/ladynemery.be\/product\/chimeres-4-painting-on-canvas-abstract-art\/"},"modified":"2025-04-21T19:00:35","modified_gmt":"2025-04-21T17:00:35","slug":"chimeres-4-painting-on-canvas-abstract-art","status":"publish","type":"product","link":"https:\/\/ladynemery.be\/en\/product\/chimeres-4-painting-on-canvas-abstract-art\/","title":{"rendered":"Chim\u00e8res 4 &#8211; Painting on canvas &#8211; Abstract art"},"content":{"rendered":"<p class=\"\" data-start=\"648\" data-end=\"935\"><strong data-start=\"648\" data-end=\"662\">Chim\u00e8res 4<\/strong> is an abstract painting on linen canvas, <strong data-start=\"718\" data-end=\"730\">40&#215;40 cm<\/strong>, using acrylic and <strong data-start=\"761\" data-end=\"792\">organic foam collage<\/strong>. It is part of the <em data-start=\"823\" data-end=\"833\">Chim\u00e8res<\/em> series, an artistic exploration of dream states, floating thoughts and mental complexity. <\/p>\n<p class=\"\" data-start=\"937\" data-end=\"1264\">Inspired by your own tendency to mental escapism &#8211; whether while traveling, in night-time dreams or through intrusive thoughts &#8211; this work captures that fragile moment when reality is tinged with fantasy. Where the mind can no longer stay anchored, carried away by a flood of uncontrollable ideas and connections. <\/p>\n<p class=\"\" data-start=\"1266\" data-end=\"1548\">The <strong data-start=\"1270\" data-end=\"1298\">masses of colored foam<\/strong> symbolize <strong data-start=\"1315\" data-end=\"1340\">neuronal connections<\/strong>, forming a complex organic mesh. They emerge from a cloudy blue background, crossed by <strong data-start=\"1433\" data-end=\"1470\">pink, fuchsia and yellow streaks<\/strong>, like <strong data-start=\"1482\" data-end=\"1500\">nerve impulses<\/strong> gushing from a brain in constant activity. <\/p>\n<p class=\"\" data-start=\"1550\" data-end=\"1677\"><em data-start=\"1550\" data-end=\"1562\">Chim\u00e8res 4<\/em> is a representation of the mind in turmoil: between mental escape and awakening, between dream and inner tension.<\/p>\n<h3 class=\"\" data-start=\"2068\" data-end=\"2092\"><strong data-start=\"2072\" data-end=\"2090\">Decorating tip:<\/strong><\/h3>\n<p class=\"\" data-start=\"2093\" data-end=\"2325\">With its intense colors and surprising relief, <em data-start=\"2146\" data-end=\"2158\">Chim\u00e8res 4<\/em> brings a dreamlike, vibrant dimension to a modern interior. Hang alone or as part of a series to stimulate thought and sensibility. <\/p>\n","protected":false},"excerpt":{"rendered":"<p>Painting on canvas &#8211; acrylic &amp; collage &#8211; 40&#215;40 cm<\/p>\n<p>Thoughts, dreams and connections materialize in <em data-start=\"506\" data-end=\"518\">Chim\u00e8res 4<\/em>, a sensory and introspective work where the mind infiltrates matter.<\/p>\n","protected":false},"featured_media":6327,"comment_status":"closed","ping_status":"closed","template":"","meta":[],"product_brand":[],"product_cat":[123],"product_tag":[],"class_list":{"0":"post-5727","1":"product","2":"type-product","3":"status-publish","4":"has-post-thumbnail","6":"product_cat-painting","8":"first","9":"instock","10":"taxable","11":"shipping-taxable","12":"purchasable","13":"product-type-simple"},"yoast_head":"<!-- This site is optimized with the Yoast SEO plugin v26.9 - https:\/\/yoast.com\/product\/yoast-seo-wordpress\/ -->\n<title>Chim\u00e8res 4 - Painting on canvas - Abstract art - Laetitia Nemery - Galerie d\u2019art<\/title>\n<meta name=\"description\" content=\"Treat yourself to &quot;Chim\u00e8res 4&quot;, an abstract canvas painting by Brussels artist Laetitia Nemery. Make your interior unique!\" \/>\n<meta name=\"robots\" content=\"index, follow, max-snippet:-1, max-image-preview:large, max-video-preview:-1\" \/>\n<link rel=\"canonical\" href=\"https:\/\/ladynemery.be\/en\/product\/chimeres-4-painting-on-canvas-abstract-art\/\" \/>\n<meta property=\"og:locale\" content=\"en_US\" \/>\n<meta property=\"og:type\" content=\"article\" \/>\n<meta property=\"og:title\" content=\"Chim\u00e8res 4 - Painting on canvas - Abstract art - Laetitia Nemery - Galerie d\u2019art\" \/>\n<meta property=\"og:description\" content=\"Treat yourself to &quot;Chim\u00e8res 4&quot;, an abstract canvas painting by Brussels artist Laetitia Nemery. Make your interior unique!\" \/>\n<meta property=\"og:url\" content=\"https:\/\/ladynemery.be\/en\/product\/chimeres-4-painting-on-canvas-abstract-art\/\" \/>\n<meta property=\"og:site_name\" content=\"Laetitia Nemery - Galerie d\u2019art\" \/>\n<meta property=\"article:modified_time\" content=\"2025-04-21T17:00:35+00:00\" \/>\n<meta property=\"og:image\" content=\"https:\/\/ladynemery.be\/wp-content\/uploads\/2024\/01\/Chimeres4-Peinture-toile-Art-abstrait.jpg\" \/>\n\t<meta property=\"og:image:width\" content=\"2000\" \/>\n\t<meta property=\"og:image:height\" content=\"2000\" \/>\n\t<meta property=\"og:image:type\" content=\"image\/jpeg\" \/>\n<meta name=\"twitter:card\" content=\"summary_large_image\" \/>\n<meta name=\"twitter:label1\" content=\"Est. reading time\" \/>\n\t<meta name=\"twitter:data1\" content=\"1 minute\" \/>\n<script type=\"application\/ld+json\" class=\"yoast-schema-graph\">{\"@context\":\"https:\/\/schema.org\",\"@graph\":[{\"@type\":\"WebPage\",\"@id\":\"https:\/\/ladynemery.be\/en\/product\/chimeres-4-painting-on-canvas-abstract-art\/\",\"url\":\"https:\/\/ladynemery.be\/en\/product\/chimeres-4-painting-on-canvas-abstract-art\/\",\"name\":\"Chim\u00e8res 4 - Painting on canvas - Abstract art - Laetitia Nemery - Galerie d\u2019art\",\"isPartOf\":{\"@id\":\"https:\/\/ladynemery.be\/en\/#website\"},\"primaryImageOfPage\":{\"@id\":\"https:\/\/ladynemery.be\/en\/product\/chimeres-4-painting-on-canvas-abstract-art\/#primaryimage\"},\"image\":{\"@id\":\"https:\/\/ladynemery.be\/en\/product\/chimeres-4-painting-on-canvas-abstract-art\/#primaryimage\"},\"thumbnailUrl\":\"https:\/\/ladynemery.be\/wp-content\/uploads\/2024\/01\/Chimeres4-Peinture-toile-Art-abstrait.jpg\",\"datePublished\":\"2024-01-04T14:53:58+00:00\",\"dateModified\":\"2025-04-21T17:00:35+00:00\",\"description\":\"Treat yourself to \\\"Chim\u00e8res 4\\\", an abstract canvas painting by Brussels artist Laetitia Nemery. Make your interior unique!\",\"breadcrumb\":{\"@id\":\"https:\/\/ladynemery.be\/en\/product\/chimeres-4-painting-on-canvas-abstract-art\/#breadcrumb\"},\"inLanguage\":\"en-US\",\"potentialAction\":[{\"@type\":\"ReadAction\",\"target\":[\"https:\/\/ladynemery.be\/en\/product\/chimeres-4-painting-on-canvas-abstract-art\/\"]}]},{\"@type\":\"ImageObject\",\"inLanguage\":\"en-US\",\"@id\":\"https:\/\/ladynemery.be\/en\/product\/chimeres-4-painting-on-canvas-abstract-art\/#primaryimage\",\"url\":\"https:\/\/ladynemery.be\/wp-content\/uploads\/2024\/01\/Chimeres4-Peinture-toile-Art-abstrait.jpg\",\"contentUrl\":\"https:\/\/ladynemery.be\/wp-content\/uploads\/2024\/01\/Chimeres4-Peinture-toile-Art-abstrait.jpg\",\"width\":2000,\"height\":2000,\"caption\":\"Peinture sur toile Chim\u00e8res, peinture color\u00e9e n\u00e9on fluo. Tableau art abstrait acrylique et collage\"},{\"@type\":\"BreadcrumbList\",\"@id\":\"https:\/\/ladynemery.be\/en\/product\/chimeres-4-painting-on-canvas-abstract-art\/#breadcrumb\",\"itemListElement\":[{\"@type\":\"ListItem\",\"position\":1,\"name\":\"Accueil\",\"item\":\"https:\/\/ladynemery.be\/en\/home\/\"},{\"@type\":\"ListItem\",\"position\":2,\"name\":\"Gallery\",\"item\":\"https:\/\/ladynemery.be\/en\/shop\/\"},{\"@type\":\"ListItem\",\"position\":3,\"name\":\"Chim\u00e8res 4 &#8211; Painting on canvas &#8211; Abstract art\"}]},{\"@type\":\"WebSite\",\"@id\":\"https:\/\/ladynemery.be\/en\/#website\",\"url\":\"https:\/\/ladynemery.be\/en\/\",\"name\":\"Laetitia Nemery - Galerie d\u2019art\",\"description\":\"\",\"publisher\":{\"@id\":\"https:\/\/ladynemery.be\/en\/#\/schema\/person\/13a55c2dcd52fe1bec2a8e9e1f066e8a\"},\"potentialAction\":[{\"@type\":\"SearchAction\",\"target\":{\"@type\":\"EntryPoint\",\"urlTemplate\":\"https:\/\/ladynemery.be\/en\/?s={search_term_string}\"},\"query-input\":{\"@type\":\"PropertyValueSpecification\",\"valueRequired\":true,\"valueName\":\"search_term_string\"}}],\"inLanguage\":\"en-US\"},{\"@type\":[\"Person\",\"Organization\"],\"@id\":\"https:\/\/ladynemery.be\/en\/#\/schema\/person\/13a55c2dcd52fe1bec2a8e9e1f066e8a\",\"name\":\"Lady Nemery\",\"image\":{\"@type\":\"ImageObject\",\"inLanguage\":\"en-US\",\"@id\":\"https:\/\/ladynemery.be\/en\/#\/schema\/person\/image\/\",\"url\":\"https:\/\/ladynemery.be\/wp-content\/uploads\/2023\/04\/64F68535-852E-4A70-B218-B405E6391D70.jpeg\",\"contentUrl\":\"https:\/\/ladynemery.be\/wp-content\/uploads\/2023\/04\/64F68535-852E-4A70-B218-B405E6391D70.jpeg\",\"width\":313,\"height\":313,\"caption\":\"Lady Nemery\"},\"logo\":{\"@id\":\"https:\/\/ladynemery.be\/en\/#\/schema\/person\/image\/\"},\"sameAs\":[\"http:\/\/ladynemery.be\"]}]}<\/script>\n<!-- \/ Yoast SEO plugin. -->","yoast_head_json":{"title":"Chim\u00e8res 4 - Painting on canvas - Abstract art - Laetitia Nemery - Galerie d\u2019art","description":"Treat yourself to \"Chim\u00e8res 4\", an abstract canvas painting by Brussels artist Laetitia Nemery. Make your interior unique!","robots":{"index":"index","follow":"follow","max-snippet":"max-snippet:-1","max-image-preview":"max-image-preview:large","max-video-preview":"max-video-preview:-1"},"canonical":"https:\/\/ladynemery.be\/en\/product\/chimeres-4-painting-on-canvas-abstract-art\/","og_locale":"en_US","og_type":"article","og_title":"Chim\u00e8res 4 - Painting on canvas - Abstract art - Laetitia Nemery - Galerie d\u2019art","og_description":"Treat yourself to \"Chim\u00e8res 4\", an abstract canvas painting by Brussels artist Laetitia Nemery. Make your interior unique!","og_url":"https:\/\/ladynemery.be\/en\/product\/chimeres-4-painting-on-canvas-abstract-art\/","og_site_name":"Laetitia Nemery - Galerie d\u2019art","article_modified_time":"2025-04-21T17:00:35+00:00","og_image":[{"width":2000,"height":2000,"url":"https:\/\/ladynemery.be\/wp-content\/uploads\/2024\/01\/Chimeres4-Peinture-toile-Art-abstrait.jpg","type":"image\/jpeg"}],"twitter_card":"summary_large_image","twitter_misc":{"Est. reading time":"1 minute"},"schema":{"@context":"https:\/\/schema.org","@graph":[{"@type":"WebPage","@id":"https:\/\/ladynemery.be\/en\/product\/chimeres-4-painting-on-canvas-abstract-art\/","url":"https:\/\/ladynemery.be\/en\/product\/chimeres-4-painting-on-canvas-abstract-art\/","name":"Chim\u00e8res 4 - Painting on canvas - Abstract art - Laetitia Nemery - Galerie d\u2019art","isPartOf":{"@id":"https:\/\/ladynemery.be\/en\/#website"},"primaryImageOfPage":{"@id":"https:\/\/ladynemery.be\/en\/product\/chimeres-4-painting-on-canvas-abstract-art\/#primaryimage"},"image":{"@id":"https:\/\/ladynemery.be\/en\/product\/chimeres-4-painting-on-canvas-abstract-art\/#primaryimage"},"thumbnailUrl":"https:\/\/ladynemery.be\/wp-content\/uploads\/2024\/01\/Chimeres4-Peinture-toile-Art-abstrait.jpg","datePublished":"2024-01-04T14:53:58+00:00","dateModified":"2025-04-21T17:00:35+00:00","description":"Treat yourself to \"Chim\u00e8res 4\", an abstract canvas painting by Brussels artist Laetitia Nemery. Make your interior unique!","breadcrumb":{"@id":"https:\/\/ladynemery.be\/en\/product\/chimeres-4-painting-on-canvas-abstract-art\/#breadcrumb"},"inLanguage":"en-US","potentialAction":[{"@type":"ReadAction","target":["https:\/\/ladynemery.be\/en\/product\/chimeres-4-painting-on-canvas-abstract-art\/"]}]},{"@type":"ImageObject","inLanguage":"en-US","@id":"https:\/\/ladynemery.be\/en\/product\/chimeres-4-painting-on-canvas-abstract-art\/#primaryimage","url":"https:\/\/ladynemery.be\/wp-content\/uploads\/2024\/01\/Chimeres4-Peinture-toile-Art-abstrait.jpg","contentUrl":"https:\/\/ladynemery.be\/wp-content\/uploads\/2024\/01\/Chimeres4-Peinture-toile-Art-abstrait.jpg","width":2000,"height":2000,"caption":"Peinture sur toile Chim\u00e8res, peinture color\u00e9e n\u00e9on fluo. Tableau art abstrait acrylique et collage"},{"@type":"BreadcrumbList","@id":"https:\/\/ladynemery.be\/en\/product\/chimeres-4-painting-on-canvas-abstract-art\/#breadcrumb","itemListElement":[{"@type":"ListItem","position":1,"name":"Accueil","item":"https:\/\/ladynemery.be\/en\/home\/"},{"@type":"ListItem","position":2,"name":"Gallery","item":"https:\/\/ladynemery.be\/en\/shop\/"},{"@type":"ListItem","position":3,"name":"Chim\u00e8res 4 &#8211; Painting on canvas &#8211; Abstract art"}]},{"@type":"WebSite","@id":"https:\/\/ladynemery.be\/en\/#website","url":"https:\/\/ladynemery.be\/en\/","name":"Laetitia Nemery - Galerie d\u2019art","description":"","publisher":{"@id":"https:\/\/ladynemery.be\/en\/#\/schema\/person\/13a55c2dcd52fe1bec2a8e9e1f066e8a"},"potentialAction":[{"@type":"SearchAction","target":{"@type":"EntryPoint","urlTemplate":"https:\/\/ladynemery.be\/en\/?s={search_term_string}"},"query-input":{"@type":"PropertyValueSpecification","valueRequired":true,"valueName":"search_term_string"}}],"inLanguage":"en-US"},{"@type":["Person","Organization"],"@id":"https:\/\/ladynemery.be\/en\/#\/schema\/person\/13a55c2dcd52fe1bec2a8e9e1f066e8a","name":"Lady Nemery","image":{"@type":"ImageObject","inLanguage":"en-US","@id":"https:\/\/ladynemery.be\/en\/#\/schema\/person\/image\/","url":"https:\/\/ladynemery.be\/wp-content\/uploads\/2023\/04\/64F68535-852E-4A70-B218-B405E6391D70.jpeg","contentUrl":"https:\/\/ladynemery.be\/wp-content\/uploads\/2023\/04\/64F68535-852E-4A70-B218-B405E6391D70.jpeg","width":313,"height":313,"caption":"Lady Nemery"},"logo":{"@id":"https:\/\/ladynemery.be\/en\/#\/schema\/person\/image\/"},"sameAs":["http:\/\/ladynemery.be"]}]}},"_links":{"self":[{"href":"https:\/\/ladynemery.be\/en\/wp-json\/wp\/v2\/product\/5727","targetHints":{"allow":["GET"]}}],"collection":[{"href":"https:\/\/ladynemery.be\/en\/wp-json\/wp\/v2\/product"}],"about":[{"href":"https:\/\/ladynemery.be\/en\/wp-json\/wp\/v2\/types\/product"}],"replies":[{"embeddable":true,"href":"https:\/\/ladynemery.be\/en\/wp-json\/wp\/v2\/comments?post=5727"}],"version-history":[{"count":3,"href":"https:\/\/ladynemery.be\/en\/wp-json\/wp\/v2\/product\/5727\/revisions"}],"predecessor-version":[{"id":6957,"href":"https:\/\/ladynemery.be\/en\/wp-json\/wp\/v2\/product\/5727\/revisions\/6957"}],"wp:featuredmedia":[{"embeddable":true,"href":"https:\/\/ladynemery.be\/en\/wp-json\/wp\/v2\/media\/6327"}],"wp:attachment":[{"href":"https:\/\/ladynemery.be\/en\/wp-json\/wp\/v2\/media?parent=5727"}],"wp:term":[{"taxonomy":"product_brand","embeddable":true,"href":"https:\/\/ladynemery.be\/en\/wp-json\/wp\/v2\/product_brand?post=5727"},{"taxonomy":"product_cat","embeddable":true,"href":"https:\/\/ladynemery.be\/en\/wp-json\/wp\/v2\/product_cat?post=5727"},{"taxonomy":"product_tag","embeddable":true,"href":"https:\/\/ladynemery.be\/en\/wp-json\/wp\/v2\/product_tag?post=5727"}],"curies":[{"name":"wp","href":"https:\/\/api.w.org\/{rel}","templated":true}]}}