{"id":6513,"date":"2024-05-15T12:17:37","date_gmt":"2024-05-15T10:17:37","guid":{"rendered":"https:\/\/ladynemery.be\/product\/chimeras-10-painting-on-canvas-abstract-art\/"},"modified":"2024-05-15T12:17:37","modified_gmt":"2024-05-15T10:17:37","slug":"chimeras-10-painting-on-canvas-abstract-art","status":"publish","type":"product","link":"https:\/\/ladynemery.be\/en\/product\/chimeras-10-painting-on-canvas-abstract-art\/","title":{"rendered":"Chimeras 10 &#8211; Painting on canvas &#8211; Abstract art"},"content":{"rendered":"<p>Since childhood, I&#8217;ve been immersed in a world of creativity and imagination, which has profoundly influenced my artistic vision. Through my experiences, I discovered the importance of the connection between daydreaming and reality. This fusion between dreams and concrete thoughts was the driving force behind my collection entitled &#8220;Chimeras&#8221;.  <\/p>\n<p>This series explores the complex dynamics between the mind and tangible reality. Using a variety of artistic mediums, I capture the essence of human thought in motion. Dreamlike landscapes merge with everyday scenes, creating a captivating visual experience.  <\/p>\n<p>Each work in the &#8220;Chim\u00e8res&#8221; collection is a profound exploration of the human psyche, highlighting the subtle connections between conscious thoughts and the hidden recesses of the unconscious. Vivid colors and dynamic textures represent the different layers of our mind, while abstract forms capture the essence of our deepest dreams. <\/p>\n","protected":false},"excerpt":{"rendered":"<p>Painting on canvas &#8211; acrylic &amp; collage &#8211; 40&#215;40 cm<\/p>\n","protected":false},"featured_media":6321,"comment_status":"closed","ping_status":"closed","template":"","meta":[],"product_brand":[],"product_cat":[123],"product_tag":[],"class_list":{"0":"post-6513","1":"product","2":"type-product","3":"status-publish","4":"has-post-thumbnail","6":"product_cat-painting","8":"first","9":"instock","10":"taxable","11":"shipping-taxable","12":"purchasable","13":"product-type-simple"},"yoast_head":"<!-- This site is optimized with the Yoast SEO plugin v26.9 - https:\/\/yoast.com\/product\/yoast-seo-wordpress\/ -->\n<title>Chimeras 10 - Painting on canvas - Abstract art - Laetitia Nemery - Galerie d\u2019art<\/title>\n<meta name=\"description\" content=\"Treat yourself to &quot;Chim\u00e8res 10&quot;, an abstract canvas painting by Brussels artist Laetitia Nemery. Make your interior unique!\" \/>\n<meta name=\"robots\" content=\"index, follow, max-snippet:-1, max-image-preview:large, max-video-preview:-1\" \/>\n<link rel=\"canonical\" href=\"https:\/\/ladynemery.be\/en\/product\/chimeras-10-painting-on-canvas-abstract-art\/\" \/>\n<meta property=\"og:locale\" content=\"en_US\" \/>\n<meta property=\"og:type\" content=\"article\" \/>\n<meta property=\"og:title\" content=\"Chimeras 10 - Painting on canvas - Abstract art - Laetitia Nemery - Galerie d\u2019art\" \/>\n<meta property=\"og:description\" content=\"Treat yourself to &quot;Chim\u00e8res 10&quot;, an abstract canvas painting by Brussels artist Laetitia Nemery. Make your interior unique!\" \/>\n<meta property=\"og:url\" content=\"https:\/\/ladynemery.be\/en\/product\/chimeras-10-painting-on-canvas-abstract-art\/\" \/>\n<meta property=\"og:site_name\" content=\"Laetitia Nemery - Galerie d\u2019art\" \/>\n<meta property=\"og:image\" content=\"https:\/\/ladynemery.be\/wp-content\/uploads\/2024\/05\/Chimeres10-Peinture-toile-Artabstrait.jpg\" \/>\n\t<meta property=\"og:image:width\" content=\"2000\" \/>\n\t<meta property=\"og:image:height\" content=\"2000\" \/>\n\t<meta property=\"og:image:type\" content=\"image\/jpeg\" \/>\n<meta name=\"twitter:card\" content=\"summary_large_image\" \/>\n<meta name=\"twitter:label1\" content=\"Est. reading time\" \/>\n\t<meta name=\"twitter:data1\" content=\"1 minute\" \/>\n<script type=\"application\/ld+json\" class=\"yoast-schema-graph\">{\"@context\":\"https:\/\/schema.org\",\"@graph\":[{\"@type\":\"WebPage\",\"@id\":\"https:\/\/ladynemery.be\/en\/product\/chimeras-10-painting-on-canvas-abstract-art\/\",\"url\":\"https:\/\/ladynemery.be\/en\/product\/chimeras-10-painting-on-canvas-abstract-art\/\",\"name\":\"Chimeras 10 - Painting on canvas - Abstract art - Laetitia Nemery - Galerie d\u2019art\",\"isPartOf\":{\"@id\":\"https:\/\/ladynemery.be\/en\/#website\"},\"primaryImageOfPage\":{\"@id\":\"https:\/\/ladynemery.be\/en\/product\/chimeras-10-painting-on-canvas-abstract-art\/#primaryimage\"},\"image\":{\"@id\":\"https:\/\/ladynemery.be\/en\/product\/chimeras-10-painting-on-canvas-abstract-art\/#primaryimage\"},\"thumbnailUrl\":\"https:\/\/ladynemery.be\/wp-content\/uploads\/2024\/05\/Chimeres10-Peinture-toile-Artabstrait.jpg\",\"datePublished\":\"2024-05-15T10:17:37+00:00\",\"description\":\"Treat yourself to \\\"Chim\u00e8res 10\\\", an abstract canvas painting by Brussels artist Laetitia Nemery. Make your interior unique!\",\"breadcrumb\":{\"@id\":\"https:\/\/ladynemery.be\/en\/product\/chimeras-10-painting-on-canvas-abstract-art\/#breadcrumb\"},\"inLanguage\":\"en-US\",\"potentialAction\":[{\"@type\":\"ReadAction\",\"target\":[\"https:\/\/ladynemery.be\/en\/product\/chimeras-10-painting-on-canvas-abstract-art\/\"]}]},{\"@type\":\"ImageObject\",\"inLanguage\":\"en-US\",\"@id\":\"https:\/\/ladynemery.be\/en\/product\/chimeras-10-painting-on-canvas-abstract-art\/#primaryimage\",\"url\":\"https:\/\/ladynemery.be\/wp-content\/uploads\/2024\/05\/Chimeres10-Peinture-toile-Artabstrait.jpg\",\"contentUrl\":\"https:\/\/ladynemery.be\/wp-content\/uploads\/2024\/05\/Chimeres10-Peinture-toile-Artabstrait.jpg\",\"width\":2000,\"height\":2000,\"caption\":\"Peinture sur toile Chim\u00e8res, peinture color\u00e9e n\u00e9on fluo. Tableau art abstrait acrylique et collage\"},{\"@type\":\"BreadcrumbList\",\"@id\":\"https:\/\/ladynemery.be\/en\/product\/chimeras-10-painting-on-canvas-abstract-art\/#breadcrumb\",\"itemListElement\":[{\"@type\":\"ListItem\",\"position\":1,\"name\":\"Accueil\",\"item\":\"https:\/\/ladynemery.be\/en\/home\/\"},{\"@type\":\"ListItem\",\"position\":2,\"name\":\"Gallery\",\"item\":\"https:\/\/ladynemery.be\/en\/shop\/\"},{\"@type\":\"ListItem\",\"position\":3,\"name\":\"Chimeras 10 &#8211; Painting on canvas &#8211; Abstract art\"}]},{\"@type\":\"WebSite\",\"@id\":\"https:\/\/ladynemery.be\/en\/#website\",\"url\":\"https:\/\/ladynemery.be\/en\/\",\"name\":\"Laetitia Nemery - Galerie d\u2019art\",\"description\":\"\",\"publisher\":{\"@id\":\"https:\/\/ladynemery.be\/en\/#\/schema\/person\/13a55c2dcd52fe1bec2a8e9e1f066e8a\"},\"potentialAction\":[{\"@type\":\"SearchAction\",\"target\":{\"@type\":\"EntryPoint\",\"urlTemplate\":\"https:\/\/ladynemery.be\/en\/?s={search_term_string}\"},\"query-input\":{\"@type\":\"PropertyValueSpecification\",\"valueRequired\":true,\"valueName\":\"search_term_string\"}}],\"inLanguage\":\"en-US\"},{\"@type\":[\"Person\",\"Organization\"],\"@id\":\"https:\/\/ladynemery.be\/en\/#\/schema\/person\/13a55c2dcd52fe1bec2a8e9e1f066e8a\",\"name\":\"Lady Nemery\",\"image\":{\"@type\":\"ImageObject\",\"inLanguage\":\"en-US\",\"@id\":\"https:\/\/ladynemery.be\/en\/#\/schema\/person\/image\/\",\"url\":\"https:\/\/ladynemery.be\/wp-content\/uploads\/2023\/04\/64F68535-852E-4A70-B218-B405E6391D70.jpeg\",\"contentUrl\":\"https:\/\/ladynemery.be\/wp-content\/uploads\/2023\/04\/64F68535-852E-4A70-B218-B405E6391D70.jpeg\",\"width\":313,\"height\":313,\"caption\":\"Lady Nemery\"},\"logo\":{\"@id\":\"https:\/\/ladynemery.be\/en\/#\/schema\/person\/image\/\"},\"sameAs\":[\"http:\/\/ladynemery.be\"]}]}<\/script>\n<!-- \/ Yoast SEO plugin. -->","yoast_head_json":{"title":"Chimeras 10 - Painting on canvas - Abstract art - Laetitia Nemery - Galerie d\u2019art","description":"Treat yourself to \"Chim\u00e8res 10\", an abstract canvas painting by Brussels artist Laetitia Nemery. Make your interior unique!","robots":{"index":"index","follow":"follow","max-snippet":"max-snippet:-1","max-image-preview":"max-image-preview:large","max-video-preview":"max-video-preview:-1"},"canonical":"https:\/\/ladynemery.be\/en\/product\/chimeras-10-painting-on-canvas-abstract-art\/","og_locale":"en_US","og_type":"article","og_title":"Chimeras 10 - Painting on canvas - Abstract art - Laetitia Nemery - Galerie d\u2019art","og_description":"Treat yourself to \"Chim\u00e8res 10\", an abstract canvas painting by Brussels artist Laetitia Nemery. Make your interior unique!","og_url":"https:\/\/ladynemery.be\/en\/product\/chimeras-10-painting-on-canvas-abstract-art\/","og_site_name":"Laetitia Nemery - Galerie d\u2019art","og_image":[{"width":2000,"height":2000,"url":"https:\/\/ladynemery.be\/wp-content\/uploads\/2024\/05\/Chimeres10-Peinture-toile-Artabstrait.jpg","type":"image\/jpeg"}],"twitter_card":"summary_large_image","twitter_misc":{"Est. reading time":"1 minute"},"schema":{"@context":"https:\/\/schema.org","@graph":[{"@type":"WebPage","@id":"https:\/\/ladynemery.be\/en\/product\/chimeras-10-painting-on-canvas-abstract-art\/","url":"https:\/\/ladynemery.be\/en\/product\/chimeras-10-painting-on-canvas-abstract-art\/","name":"Chimeras 10 - Painting on canvas - Abstract art - Laetitia Nemery - Galerie d\u2019art","isPartOf":{"@id":"https:\/\/ladynemery.be\/en\/#website"},"primaryImageOfPage":{"@id":"https:\/\/ladynemery.be\/en\/product\/chimeras-10-painting-on-canvas-abstract-art\/#primaryimage"},"image":{"@id":"https:\/\/ladynemery.be\/en\/product\/chimeras-10-painting-on-canvas-abstract-art\/#primaryimage"},"thumbnailUrl":"https:\/\/ladynemery.be\/wp-content\/uploads\/2024\/05\/Chimeres10-Peinture-toile-Artabstrait.jpg","datePublished":"2024-05-15T10:17:37+00:00","description":"Treat yourself to \"Chim\u00e8res 10\", an abstract canvas painting by Brussels artist Laetitia Nemery. Make your interior unique!","breadcrumb":{"@id":"https:\/\/ladynemery.be\/en\/product\/chimeras-10-painting-on-canvas-abstract-art\/#breadcrumb"},"inLanguage":"en-US","potentialAction":[{"@type":"ReadAction","target":["https:\/\/ladynemery.be\/en\/product\/chimeras-10-painting-on-canvas-abstract-art\/"]}]},{"@type":"ImageObject","inLanguage":"en-US","@id":"https:\/\/ladynemery.be\/en\/product\/chimeras-10-painting-on-canvas-abstract-art\/#primaryimage","url":"https:\/\/ladynemery.be\/wp-content\/uploads\/2024\/05\/Chimeres10-Peinture-toile-Artabstrait.jpg","contentUrl":"https:\/\/ladynemery.be\/wp-content\/uploads\/2024\/05\/Chimeres10-Peinture-toile-Artabstrait.jpg","width":2000,"height":2000,"caption":"Peinture sur toile Chim\u00e8res, peinture color\u00e9e n\u00e9on fluo. Tableau art abstrait acrylique et collage"},{"@type":"BreadcrumbList","@id":"https:\/\/ladynemery.be\/en\/product\/chimeras-10-painting-on-canvas-abstract-art\/#breadcrumb","itemListElement":[{"@type":"ListItem","position":1,"name":"Accueil","item":"https:\/\/ladynemery.be\/en\/home\/"},{"@type":"ListItem","position":2,"name":"Gallery","item":"https:\/\/ladynemery.be\/en\/shop\/"},{"@type":"ListItem","position":3,"name":"Chimeras 10 &#8211; Painting on canvas &#8211; Abstract art"}]},{"@type":"WebSite","@id":"https:\/\/ladynemery.be\/en\/#website","url":"https:\/\/ladynemery.be\/en\/","name":"Laetitia Nemery - Galerie d\u2019art","description":"","publisher":{"@id":"https:\/\/ladynemery.be\/en\/#\/schema\/person\/13a55c2dcd52fe1bec2a8e9e1f066e8a"},"potentialAction":[{"@type":"SearchAction","target":{"@type":"EntryPoint","urlTemplate":"https:\/\/ladynemery.be\/en\/?s={search_term_string}"},"query-input":{"@type":"PropertyValueSpecification","valueRequired":true,"valueName":"search_term_string"}}],"inLanguage":"en-US"},{"@type":["Person","Organization"],"@id":"https:\/\/ladynemery.be\/en\/#\/schema\/person\/13a55c2dcd52fe1bec2a8e9e1f066e8a","name":"Lady Nemery","image":{"@type":"ImageObject","inLanguage":"en-US","@id":"https:\/\/ladynemery.be\/en\/#\/schema\/person\/image\/","url":"https:\/\/ladynemery.be\/wp-content\/uploads\/2023\/04\/64F68535-852E-4A70-B218-B405E6391D70.jpeg","contentUrl":"https:\/\/ladynemery.be\/wp-content\/uploads\/2023\/04\/64F68535-852E-4A70-B218-B405E6391D70.jpeg","width":313,"height":313,"caption":"Lady Nemery"},"logo":{"@id":"https:\/\/ladynemery.be\/en\/#\/schema\/person\/image\/"},"sameAs":["http:\/\/ladynemery.be"]}]}},"_links":{"self":[{"href":"https:\/\/ladynemery.be\/en\/wp-json\/wp\/v2\/product\/6513","targetHints":{"allow":["GET"]}}],"collection":[{"href":"https:\/\/ladynemery.be\/en\/wp-json\/wp\/v2\/product"}],"about":[{"href":"https:\/\/ladynemery.be\/en\/wp-json\/wp\/v2\/types\/product"}],"replies":[{"embeddable":true,"href":"https:\/\/ladynemery.be\/en\/wp-json\/wp\/v2\/comments?post=6513"}],"version-history":[{"count":0,"href":"https:\/\/ladynemery.be\/en\/wp-json\/wp\/v2\/product\/6513\/revisions"}],"wp:featuredmedia":[{"embeddable":true,"href":"https:\/\/ladynemery.be\/en\/wp-json\/wp\/v2\/media\/6321"}],"wp:attachment":[{"href":"https:\/\/ladynemery.be\/en\/wp-json\/wp\/v2\/media?parent=6513"}],"wp:term":[{"taxonomy":"product_brand","embeddable":true,"href":"https:\/\/ladynemery.be\/en\/wp-json\/wp\/v2\/product_brand?post=6513"},{"taxonomy":"product_cat","embeddable":true,"href":"https:\/\/ladynemery.be\/en\/wp-json\/wp\/v2\/product_cat?post=6513"},{"taxonomy":"product_tag","embeddable":true,"href":"https:\/\/ladynemery.be\/en\/wp-json\/wp\/v2\/product_tag?post=6513"}],"curies":[{"name":"wp","href":"https:\/\/api.w.org\/{rel}","templated":true}]}}