{"id":2092,"date":"2023-04-15T03:00:46","date_gmt":"2023-04-15T01:00:46","guid":{"rendered":"https:\/\/ladynemery.be\/index.php\/winkelkarretje\/"},"modified":"2026-02-14T21:29:24","modified_gmt":"2026-02-14T20:29:24","slug":"winkelkarretje","status":"publish","type":"page","link":"https:\/\/ladynemery.be\/nl\/winkelkarretje\/","title":{"rendered":"Mand"},"content":{"rendered":"\t\t<div data-elementor-type=\"wp-page\" data-elementor-id=\"2092\" class=\"elementor elementor-2092 elementor-6\" data-elementor-post-type=\"page\">\n\t\t\t\t<div class=\"elementor-element elementor-element-9dd23cc e-flex e-con-boxed e-con e-parent\" data-id=\"9dd23cc\" data-element_type=\"container\" data-e-type=\"container\">\n\t\t\t\t\t<div class=\"e-con-inner\">\n\t\t\t\t<div class=\"elementor-element elementor-element-376b7a29 e-cart-layout-two-column elementor-widget elementor-widget-woocommerce-cart\" data-id=\"376b7a29\" data-element_type=\"widget\" data-e-type=\"widget\" data-settings=\"{&quot;sticky_right_column&quot;:&quot;yes&quot;,&quot;update_cart_automatically&quot;:&quot;yes&quot;}\" data-widget_type=\"woocommerce-cart.default\">\n\t\t\t\t<div class=\"elementor-widget-container\">\n\t\t\t\t\t<div class=\"woocommerce\">\n<div class=\"jet-woo-builder-woocommerce-empty-cart\">\n\t<style>.elementor-2634 .elementor-element.elementor-element-8bcb71e{--display:flex;--margin-top:5%;--margin-bottom:20%;--margin-left:0%;--margin-right:0%;}.elementor-2634 .elementor-element.elementor-element-c204a9e{--cart-empty-message-icon-display:none;}.elementor-2634 .elementor-element.elementor-element-c204a9e .cart-empty.woocommerce-info{font-family:var( --e-global-typography-text-font-family ), Sans-serif;font-size:var( --e-global-typography-text-font-size );font-weight:var( --e-global-typography-text-font-weight );color:var( --e-global-color-primary );background-color:var( --e-global-color-817dc45 );border-style:solid;border-color:var( --e-global-color-86c56d5 );}@media(min-width:2400px){.elementor-2634 .elementor-element.elementor-element-c204a9e .cart-empty.woocommerce-info{font-size:var( --e-global-typography-text-font-size );}}@media(max-width:1366px){.elementor-2634 .elementor-element.elementor-element-c204a9e .cart-empty.woocommerce-info{font-size:var( --e-global-typography-text-font-size );}}@media(max-width:1024px){.elementor-2634 .elementor-element.elementor-element-c204a9e .cart-empty.woocommerce-info{font-size:var( --e-global-typography-text-font-size );}}@media(max-width:767px){.elementor-2634 .elementor-element.elementor-element-8bcb71e{--padding-top:10px;--padding-bottom:10px;--padding-left:10px;--padding-right:10px;}.elementor-2634 .elementor-element.elementor-element-c204a9e .cart-empty.woocommerce-info{font-size:var( --e-global-typography-text-font-size );text-align:left;}.elementor-2634 .elementor-element.elementor-element-c204a9e > .elementor-widget-container{padding:10px 10px 10px 10px;}}<\/style>\t\t<div data-elementor-type=\"jet-woo-builder-cart\" data-elementor-id=\"2634\" class=\"elementor elementor-2634 elementor-1162\" data-elementor-post-type=\"jet-woo-builder\">\n\t\t\t\t<div class=\"elementor-element elementor-element-8bcb71e e-flex e-con-boxed e-con e-parent\" data-id=\"8bcb71e\" data-element_type=\"container\" data-e-type=\"container\">\n\t\t\t\t\t<div class=\"e-con-inner\">\n\t\t\t\t<div class=\"elementor-element elementor-element-c204a9e elementor-widget elementor-widget-jet-cart-empty-message\" data-id=\"c204a9e\" data-element_type=\"widget\" data-e-type=\"widget\" data-widget_type=\"jet-cart-empty-message.default\">\n\t\t\t\t<div class=\"elementor-widget-container\">\n\t\t\t\t\t<div class=\"elementor-jet-cart-empty-message jet-woo-builder\"><div class=\"woocommerce-notices-wrapper\"><\/div><div class=\"wc-empty-cart-message\">\n\t<div class=\"cart-empty woocommerce-info\" role=\"status\">\n\t\tJe winkelwagen is momenteel leeg.\t<\/div>\n<\/div><\/div>\t\t\t\t<\/div>\n\t\t\t\t<\/div>\n\t\t\t\t\t<\/div>\n\t\t\t\t<\/div>\n\t\t\t\t<\/div>\n\t\t<\/div>\n<\/div>\t\t\t\t<\/div>\n\t\t\t\t<\/div>\n\t\t\t\t\t<\/div>\n\t\t\t\t<\/div>\n\t\t\t\t<\/div>\n\t\t","protected":false},"excerpt":{"rendered":"<p>Supprimer l\u2019\u00e9l\u00e9ment Miniature Produit Prix Quantit\u00e9 Sous-total &times; Whales &#8211; Peinture sur toile &#8211; Art abstrait 1.750,00&euro; quantit\u00e9 de Whales &#8211; Peinture sur toile &#8211; Art abstrait&nbsp; 1.750,00&euro; Totalen winkelmandjes Sous-total 1.750,00&euro; Envoi 1 Livraison gratuite Livraison \u00e0 Rue du Bon Pasteur 31 bte9, 1080 Molenbeek-Saint-Jean. Total 1.750,00&euro; (dont 99,06&euro; TVA) Hoe te bestellen<\/p>\n","protected":false},"author":1,"featured_media":0,"parent":0,"menu_order":0,"comment_status":"closed","ping_status":"closed","template":"","meta":{"footnotes":""},"class_list":["post-2092","page","type-page","status-publish","hentry"],"yoast_head":"<!-- This site is optimized with the Yoast SEO plugin v26.9 - https:\/\/yoast.com\/product\/yoast-seo-wordpress\/ -->\n<title>Mand - Laetitia Nemery - Galerie d\u2019art<\/title>\n<meta name=\"robots\" content=\"index, follow, max-snippet:-1, max-image-preview:large, max-video-preview:-1\" \/>\n<link rel=\"canonical\" href=\"https:\/\/ladynemery.be\/nl\/winkelkarretje\/\" \/>\n<meta property=\"og:locale\" content=\"nl_NL\" \/>\n<meta property=\"og:type\" content=\"article\" \/>\n<meta property=\"og:title\" content=\"Mand - Laetitia Nemery - Galerie d\u2019art\" \/>\n<meta property=\"og:description\" content=\"Supprimer l\u2019\u00e9l\u00e9ment Miniature Produit Prix Quantit\u00e9 Sous-total &times; Whales &#8211; Peinture sur toile &#8211; Art abstrait 1.750,00&euro; quantit\u00e9 de Whales &#8211; Peinture sur toile &#8211; Art abstrait&nbsp; 1.750,00&euro; Totalen winkelmandjes Sous-total 1.750,00&euro; Envoi 1 Livraison gratuite Livraison \u00e0 Rue du Bon Pasteur 31 bte9, 1080 Molenbeek-Saint-Jean. Total 1.750,00&euro; (dont 99,06&euro; TVA) Hoe te bestellen\" \/>\n<meta property=\"og:url\" content=\"https:\/\/ladynemery.be\/nl\/winkelkarretje\/\" \/>\n<meta property=\"og:site_name\" content=\"Laetitia Nemery - Galerie d\u2019art\" \/>\n<meta property=\"article:modified_time\" content=\"2026-02-14T20:29:24+00:00\" \/>\n<meta property=\"og:image\" content=\"https:\/\/ladynemery.be\/wp-content\/uploads\/2026\/01\/Whales-dyptique-laetitia-nemery-artiste-belge-bruxelles-300x300.jpg\" \/>\n<meta name=\"twitter:card\" content=\"summary_large_image\" \/>\n<script type=\"application\/ld+json\" class=\"yoast-schema-graph\">{\"@context\":\"https:\/\/schema.org\",\"@graph\":[{\"@type\":\"WebPage\",\"@id\":\"https:\/\/ladynemery.be\/nl\/winkelkarretje\/\",\"url\":\"https:\/\/ladynemery.be\/nl\/winkelkarretje\/\",\"name\":\"Mand - Laetitia Nemery - Galerie d\u2019art\",\"isPartOf\":{\"@id\":\"https:\/\/ladynemery.be\/nl\/#website\"},\"primaryImageOfPage\":{\"@id\":\"https:\/\/ladynemery.be\/nl\/winkelkarretje\/#primaryimage\"},\"image\":{\"@id\":\"https:\/\/ladynemery.be\/nl\/winkelkarretje\/#primaryimage\"},\"thumbnailUrl\":\"https:\/\/ladynemery.be\/wp-content\/uploads\/2026\/01\/Whales-dyptique-laetitia-nemery-artiste-belge-bruxelles-300x300.jpg\",\"datePublished\":\"2023-04-15T01:00:46+00:00\",\"dateModified\":\"2026-02-14T20:29:24+00:00\",\"breadcrumb\":{\"@id\":\"https:\/\/ladynemery.be\/nl\/winkelkarretje\/#breadcrumb\"},\"inLanguage\":\"nl-NL\",\"potentialAction\":[{\"@type\":\"ReadAction\",\"target\":[\"https:\/\/ladynemery.be\/nl\/winkelkarretje\/\"]}]},{\"@type\":\"ImageObject\",\"inLanguage\":\"nl-NL\",\"@id\":\"https:\/\/ladynemery.be\/nl\/winkelkarretje\/#primaryimage\",\"url\":\"https:\/\/ladynemery.be\/wp-content\/uploads\/2026\/01\/Whales-dyptique-laetitia-nemery-artiste-belge-bruxelles-300x300.jpg\",\"contentUrl\":\"https:\/\/ladynemery.be\/wp-content\/uploads\/2026\/01\/Whales-dyptique-laetitia-nemery-artiste-belge-bruxelles-300x300.jpg\"},{\"@type\":\"BreadcrumbList\",\"@id\":\"https:\/\/ladynemery.be\/nl\/winkelkarretje\/#breadcrumb\",\"itemListElement\":[{\"@type\":\"ListItem\",\"position\":1,\"name\":\"Accueil\",\"item\":\"https:\/\/ladynemery.be\/nl\/home\/\"},{\"@type\":\"ListItem\",\"position\":2,\"name\":\"Mand\"}]},{\"@type\":\"WebSite\",\"@id\":\"https:\/\/ladynemery.be\/nl\/#website\",\"url\":\"https:\/\/ladynemery.be\/nl\/\",\"name\":\"Laetitia Nemery - Galerie d\u2019art\",\"description\":\"\",\"publisher\":{\"@id\":\"https:\/\/ladynemery.be\/nl\/#\/schema\/person\/13a55c2dcd52fe1bec2a8e9e1f066e8a\"},\"potentialAction\":[{\"@type\":\"SearchAction\",\"target\":{\"@type\":\"EntryPoint\",\"urlTemplate\":\"https:\/\/ladynemery.be\/nl\/?s={search_term_string}\"},\"query-input\":{\"@type\":\"PropertyValueSpecification\",\"valueRequired\":true,\"valueName\":\"search_term_string\"}}],\"inLanguage\":\"nl-NL\"},{\"@type\":[\"Person\",\"Organization\"],\"@id\":\"https:\/\/ladynemery.be\/nl\/#\/schema\/person\/13a55c2dcd52fe1bec2a8e9e1f066e8a\",\"name\":\"Lady Nemery\",\"image\":{\"@type\":\"ImageObject\",\"inLanguage\":\"nl-NL\",\"@id\":\"https:\/\/ladynemery.be\/nl\/#\/schema\/person\/image\/\",\"url\":\"https:\/\/ladynemery.be\/wp-content\/uploads\/2023\/04\/64F68535-852E-4A70-B218-B405E6391D70.jpeg\",\"contentUrl\":\"https:\/\/ladynemery.be\/wp-content\/uploads\/2023\/04\/64F68535-852E-4A70-B218-B405E6391D70.jpeg\",\"width\":313,\"height\":313,\"caption\":\"Lady Nemery\"},\"logo\":{\"@id\":\"https:\/\/ladynemery.be\/nl\/#\/schema\/person\/image\/\"},\"sameAs\":[\"http:\/\/ladynemery.be\"]}]}<\/script>\n<!-- \/ Yoast SEO plugin. -->","yoast_head_json":{"title":"Mand - Laetitia Nemery - Galerie d\u2019art","robots":{"index":"index","follow":"follow","max-snippet":"max-snippet:-1","max-image-preview":"max-image-preview:large","max-video-preview":"max-video-preview:-1"},"canonical":"https:\/\/ladynemery.be\/nl\/winkelkarretje\/","og_locale":"nl_NL","og_type":"article","og_title":"Mand - Laetitia Nemery - Galerie d\u2019art","og_description":"Supprimer l\u2019\u00e9l\u00e9ment Miniature Produit Prix Quantit\u00e9 Sous-total &times; Whales &#8211; Peinture sur toile &#8211; Art abstrait 1.750,00&euro; quantit\u00e9 de Whales &#8211; Peinture sur toile &#8211; Art abstrait&nbsp; 1.750,00&euro; Totalen winkelmandjes Sous-total 1.750,00&euro; Envoi 1 Livraison gratuite Livraison \u00e0 Rue du Bon Pasteur 31 bte9, 1080 Molenbeek-Saint-Jean. Total 1.750,00&euro; (dont 99,06&euro; TVA) Hoe te bestellen","og_url":"https:\/\/ladynemery.be\/nl\/winkelkarretje\/","og_site_name":"Laetitia Nemery - Galerie d\u2019art","article_modified_time":"2026-02-14T20:29:24+00:00","og_image":[{"url":"https:\/\/ladynemery.be\/wp-content\/uploads\/2026\/01\/Whales-dyptique-laetitia-nemery-artiste-belge-bruxelles-300x300.jpg","type":"","width":"","height":""}],"twitter_card":"summary_large_image","schema":{"@context":"https:\/\/schema.org","@graph":[{"@type":"WebPage","@id":"https:\/\/ladynemery.be\/nl\/winkelkarretje\/","url":"https:\/\/ladynemery.be\/nl\/winkelkarretje\/","name":"Mand - Laetitia Nemery - Galerie d\u2019art","isPartOf":{"@id":"https:\/\/ladynemery.be\/nl\/#website"},"primaryImageOfPage":{"@id":"https:\/\/ladynemery.be\/nl\/winkelkarretje\/#primaryimage"},"image":{"@id":"https:\/\/ladynemery.be\/nl\/winkelkarretje\/#primaryimage"},"thumbnailUrl":"https:\/\/ladynemery.be\/wp-content\/uploads\/2026\/01\/Whales-dyptique-laetitia-nemery-artiste-belge-bruxelles-300x300.jpg","datePublished":"2023-04-15T01:00:46+00:00","dateModified":"2026-02-14T20:29:24+00:00","breadcrumb":{"@id":"https:\/\/ladynemery.be\/nl\/winkelkarretje\/#breadcrumb"},"inLanguage":"nl-NL","potentialAction":[{"@type":"ReadAction","target":["https:\/\/ladynemery.be\/nl\/winkelkarretje\/"]}]},{"@type":"ImageObject","inLanguage":"nl-NL","@id":"https:\/\/ladynemery.be\/nl\/winkelkarretje\/#primaryimage","url":"https:\/\/ladynemery.be\/wp-content\/uploads\/2026\/01\/Whales-dyptique-laetitia-nemery-artiste-belge-bruxelles-300x300.jpg","contentUrl":"https:\/\/ladynemery.be\/wp-content\/uploads\/2026\/01\/Whales-dyptique-laetitia-nemery-artiste-belge-bruxelles-300x300.jpg"},{"@type":"BreadcrumbList","@id":"https:\/\/ladynemery.be\/nl\/winkelkarretje\/#breadcrumb","itemListElement":[{"@type":"ListItem","position":1,"name":"Accueil","item":"https:\/\/ladynemery.be\/nl\/home\/"},{"@type":"ListItem","position":2,"name":"Mand"}]},{"@type":"WebSite","@id":"https:\/\/ladynemery.be\/nl\/#website","url":"https:\/\/ladynemery.be\/nl\/","name":"Laetitia Nemery - Galerie d\u2019art","description":"","publisher":{"@id":"https:\/\/ladynemery.be\/nl\/#\/schema\/person\/13a55c2dcd52fe1bec2a8e9e1f066e8a"},"potentialAction":[{"@type":"SearchAction","target":{"@type":"EntryPoint","urlTemplate":"https:\/\/ladynemery.be\/nl\/?s={search_term_string}"},"query-input":{"@type":"PropertyValueSpecification","valueRequired":true,"valueName":"search_term_string"}}],"inLanguage":"nl-NL"},{"@type":["Person","Organization"],"@id":"https:\/\/ladynemery.be\/nl\/#\/schema\/person\/13a55c2dcd52fe1bec2a8e9e1f066e8a","name":"Lady Nemery","image":{"@type":"ImageObject","inLanguage":"nl-NL","@id":"https:\/\/ladynemery.be\/nl\/#\/schema\/person\/image\/","url":"https:\/\/ladynemery.be\/wp-content\/uploads\/2023\/04\/64F68535-852E-4A70-B218-B405E6391D70.jpeg","contentUrl":"https:\/\/ladynemery.be\/wp-content\/uploads\/2023\/04\/64F68535-852E-4A70-B218-B405E6391D70.jpeg","width":313,"height":313,"caption":"Lady Nemery"},"logo":{"@id":"https:\/\/ladynemery.be\/nl\/#\/schema\/person\/image\/"},"sameAs":["http:\/\/ladynemery.be"]}]}},"_links":{"self":[{"href":"https:\/\/ladynemery.be\/nl\/wp-json\/wp\/v2\/pages\/2092","targetHints":{"allow":["GET"]}}],"collection":[{"href":"https:\/\/ladynemery.be\/nl\/wp-json\/wp\/v2\/pages"}],"about":[{"href":"https:\/\/ladynemery.be\/nl\/wp-json\/wp\/v2\/types\/page"}],"author":[{"embeddable":true,"href":"https:\/\/ladynemery.be\/nl\/wp-json\/wp\/v2\/users\/1"}],"replies":[{"embeddable":true,"href":"https:\/\/ladynemery.be\/nl\/wp-json\/wp\/v2\/comments?post=2092"}],"version-history":[{"count":3,"href":"https:\/\/ladynemery.be\/nl\/wp-json\/wp\/v2\/pages\/2092\/revisions"}],"predecessor-version":[{"id":7411,"href":"https:\/\/ladynemery.be\/nl\/wp-json\/wp\/v2\/pages\/2092\/revisions\/7411"}],"wp:attachment":[{"href":"https:\/\/ladynemery.be\/nl\/wp-json\/wp\/v2\/media?parent=2092"}],"curies":[{"name":"wp","href":"https:\/\/api.w.org\/{rel}","templated":true}]}}