{"id":2568,"date":"2023-08-23T16:49:47","date_gmt":"2023-08-23T14:49:47","guid":{"rendered":"https:\/\/ladynemery.be\/index.php\/product\/cascade-digitaal-schilderen-abstraatkunst\/"},"modified":"2023-12-31T11:46:35","modified_gmt":"2023-12-31T10:46:35","slug":"cascade-digitale-kunst-abstract-schilderen","status":"publish","type":"product","link":"https:\/\/ladynemery.be\/nl\/product\/cascade-digitale-kunst-abstract-schilderen\/","title":{"rendered":"Cascade &#8211; DIGITAAL SCHILDEREN &#8211; ABSTRAATKUNST"},"content":{"rendered":"<p>&#8220;Cascade&#8221; is een abstract digitaal schilderij. In dit werk lijken raadselachtige vormen te dansen in gewichtloosheid, overlappend om een fascinerende diepte te cre\u00ebren.<\/p>\n<p>Rood-, geel- en wittinten geven het doek levendige kleuren. Een zwarte lijn verdeelt het schilderij en voegt een contrasterende dimensie toe. In het midden komt een mysterieus schrift tevoorschijn, dat een gedachte oproept die parasiteert op de werkelijkheid.<\/p>\n<p>In het hart van het werk loopt een gouden waterval door de compositie, die een gevoel van mystiek oproept. Deze waterval lijkt een levendige en raadselachtige energie te belichamen, stromend te midden van abstracte vormen.<\/p>\n<p>Het cre\u00ebren van &#8220;Cascade&#8221; was voor mij een vloeiend proces. Zonder te zoeken naar een specifieke boodschap of zelfs een vooraf bepaalde intentie. Ik liet me leiden door het huidige moment en mijn inspiratie. Het was een spontane daad, een manier om mezelf te laten gaan, net zoals je je laat meevoeren door de stroming van een waterval. Dit abstracte schilderij vertegenwoordigt een moment bevroren in de tijd, waar creativiteit zich onbelemmerd uitte. Het nodigt je uit om je onder te dompelen in deze visuele ervaring en je mee te laten voeren door de vormen, kleuren en emoties die ervan uitgaan.   <\/p>\n<p>Het mysterieuze schrift, als een fluistering uit het onderbewuste, voegt een laag complexiteit toe aan het werk. Het herinnert ons eraan dat onze gedachten en waarnemingen be\u00efnvloed kunnen worden door verborgen elementen, waardoor er een dualiteit ontstaat tussen de waargenomen werkelijkheid en de innerlijke werkelijkheid.<\/p>\n","protected":false},"excerpt":{"rendered":"<p>Digitaal schilderen beschikbaar in verschillende media en formaten.<\/p>\n","protected":false},"featured_media":6335,"comment_status":"closed","ping_status":"closed","template":"","meta":[],"product_brand":[],"product_cat":[120],"product_tag":[214,134,215,216,217,213,124],"class_list":{"0":"post-2568","1":"product","2":"type-product","3":"status-publish","4":"has-post-thumbnail","6":"product_cat-digitale-schilderkunst","7":"product_tag-abstracte-kunst","8":"product_tag-digitale-kunst","9":"product_tag-geel","10":"product_tag-goud","11":"product_tag-oranje","12":"product_tag-rood","13":"product_tag-wit","15":"first","16":"instock","17":"taxable","18":"shipping-taxable","19":"purchasable","20":"product-type-variable"},"yoast_head":"<!-- This site is optimized with the Yoast SEO plugin v26.9 - https:\/\/yoast.com\/product\/yoast-seo-wordpress\/ -->\n<title>Cascade - DIGITAAL SCHILDEREN - ABSTRAATKUNST - Laetitia Nemery - Galerie d\u2019art<\/title>\n<meta name=\"description\" content=\"Trakteer jezelf op een digitale print van &quot;Cascade&quot;, een abstract werk van de Brusselse kunstenaar Laetitia Nemery. Maak je huis uniek!\" \/>\n<meta name=\"robots\" content=\"index, follow, max-snippet:-1, max-image-preview:large, max-video-preview:-1\" \/>\n<link rel=\"canonical\" href=\"https:\/\/ladynemery.be\/nl\/product\/cascade-digitale-kunst-abstract-schilderen\/\" \/>\n<meta property=\"og:locale\" content=\"nl_NL\" \/>\n<meta property=\"og:type\" content=\"article\" \/>\n<meta property=\"og:title\" content=\"Cascade - DIGITAAL SCHILDEREN - ABSTRAATKUNST - Laetitia Nemery - Galerie d\u2019art\" \/>\n<meta property=\"og:description\" content=\"Trakteer jezelf op een digitale print van &quot;Cascade&quot;, een abstract werk van de Brusselse kunstenaar Laetitia Nemery. Maak je huis uniek!\" \/>\n<meta property=\"og:url\" content=\"https:\/\/ladynemery.be\/nl\/product\/cascade-digitale-kunst-abstract-schilderen\/\" \/>\n<meta property=\"og:site_name\" content=\"Laetitia Nemery - Galerie d\u2019art\" \/>\n<meta property=\"article:modified_time\" content=\"2023-12-31T10:46:35+00:00\" \/>\n<meta property=\"og:image\" content=\"https:\/\/ladynemery.be\/wp-content\/uploads\/2023\/09\/cascade_web.jpg\" \/>\n\t<meta property=\"og:image:width\" content=\"900\" \/>\n\t<meta property=\"og:image:height\" content=\"643\" \/>\n\t<meta property=\"og:image:type\" content=\"image\/jpeg\" \/>\n<meta name=\"twitter:card\" content=\"summary_large_image\" \/>\n<meta name=\"twitter:label1\" content=\"Geschatte leestijd\" \/>\n\t<meta name=\"twitter:data1\" content=\"1 minuut\" \/>\n<script type=\"application\/ld+json\" class=\"yoast-schema-graph\">{\"@context\":\"https:\/\/schema.org\",\"@graph\":[{\"@type\":\"WebPage\",\"@id\":\"https:\/\/ladynemery.be\/nl\/product\/cascade-digitale-kunst-abstract-schilderen\/\",\"url\":\"https:\/\/ladynemery.be\/nl\/product\/cascade-digitale-kunst-abstract-schilderen\/\",\"name\":\"Cascade - DIGITAAL SCHILDEREN - ABSTRAATKUNST - Laetitia Nemery - Galerie d\u2019art\",\"isPartOf\":{\"@id\":\"https:\/\/ladynemery.be\/nl\/#website\"},\"primaryImageOfPage\":{\"@id\":\"https:\/\/ladynemery.be\/nl\/product\/cascade-digitale-kunst-abstract-schilderen\/#primaryimage\"},\"image\":{\"@id\":\"https:\/\/ladynemery.be\/nl\/product\/cascade-digitale-kunst-abstract-schilderen\/#primaryimage\"},\"thumbnailUrl\":\"https:\/\/ladynemery.be\/wp-content\/uploads\/2023\/08\/Cascade-Peinture-numerique-Art-abstrait-Peintre-belge.jpg\",\"datePublished\":\"2023-08-23T14:49:47+00:00\",\"dateModified\":\"2023-12-31T10:46:35+00:00\",\"description\":\"Trakteer jezelf op een digitale print van \\\"Cascade\\\", een abstract werk van de Brusselse kunstenaar Laetitia Nemery. Maak je huis uniek!\",\"breadcrumb\":{\"@id\":\"https:\/\/ladynemery.be\/nl\/product\/cascade-digitale-kunst-abstract-schilderen\/#breadcrumb\"},\"inLanguage\":\"nl-NL\",\"potentialAction\":[{\"@type\":\"ReadAction\",\"target\":[\"https:\/\/ladynemery.be\/nl\/product\/cascade-digitale-kunst-abstract-schilderen\/\"]}]},{\"@type\":\"ImageObject\",\"inLanguage\":\"nl-NL\",\"@id\":\"https:\/\/ladynemery.be\/nl\/product\/cascade-digitale-kunst-abstract-schilderen\/#primaryimage\",\"url\":\"https:\/\/ladynemery.be\/wp-content\/uploads\/2023\/08\/Cascade-Peinture-numerique-Art-abstrait-Peintre-belge.jpg\",\"contentUrl\":\"https:\/\/ladynemery.be\/wp-content\/uploads\/2023\/08\/Cascade-Peinture-numerique-Art-abstrait-Peintre-belge.jpg\",\"width\":2000,\"height\":2000,\"caption\":\"peinture num\u00e9rique d\u2019art contemporain abstrait nomm\u00e9e Cascade r\u00e9alis\u00e9e par l\u2019artiste peintre belge La\u00ebtitia Nemery. Toile dont le rouge et le jaune sont les tons dominants\"},{\"@type\":\"BreadcrumbList\",\"@id\":\"https:\/\/ladynemery.be\/nl\/product\/cascade-digitale-kunst-abstract-schilderen\/#breadcrumb\",\"itemListElement\":[{\"@type\":\"ListItem\",\"position\":1,\"name\":\"Accueil\",\"item\":\"https:\/\/ladynemery.be\/nl\/home\/\"},{\"@type\":\"ListItem\",\"position\":2,\"name\":\"Galerij\",\"item\":\"https:\/\/ladynemery.be\/nl\/winkel\/\"},{\"@type\":\"ListItem\",\"position\":3,\"name\":\"Cascade &#8211; DIGITAAL SCHILDEREN &#8211; ABSTRAATKUNST\"}]},{\"@type\":\"WebSite\",\"@id\":\"https:\/\/ladynemery.be\/nl\/#website\",\"url\":\"https:\/\/ladynemery.be\/nl\/\",\"name\":\"Laetitia Nemery - Galerie d\u2019art\",\"description\":\"\",\"publisher\":{\"@id\":\"https:\/\/ladynemery.be\/nl\/#\/schema\/person\/13a55c2dcd52fe1bec2a8e9e1f066e8a\"},\"potentialAction\":[{\"@type\":\"SearchAction\",\"target\":{\"@type\":\"EntryPoint\",\"urlTemplate\":\"https:\/\/ladynemery.be\/nl\/?s={search_term_string}\"},\"query-input\":{\"@type\":\"PropertyValueSpecification\",\"valueRequired\":true,\"valueName\":\"search_term_string\"}}],\"inLanguage\":\"nl-NL\"},{\"@type\":[\"Person\",\"Organization\"],\"@id\":\"https:\/\/ladynemery.be\/nl\/#\/schema\/person\/13a55c2dcd52fe1bec2a8e9e1f066e8a\",\"name\":\"Lady Nemery\",\"image\":{\"@type\":\"ImageObject\",\"inLanguage\":\"nl-NL\",\"@id\":\"https:\/\/ladynemery.be\/nl\/#\/schema\/person\/image\/\",\"url\":\"https:\/\/ladynemery.be\/wp-content\/uploads\/2023\/04\/64F68535-852E-4A70-B218-B405E6391D70.jpeg\",\"contentUrl\":\"https:\/\/ladynemery.be\/wp-content\/uploads\/2023\/04\/64F68535-852E-4A70-B218-B405E6391D70.jpeg\",\"width\":313,\"height\":313,\"caption\":\"Lady Nemery\"},\"logo\":{\"@id\":\"https:\/\/ladynemery.be\/nl\/#\/schema\/person\/image\/\"},\"sameAs\":[\"http:\/\/ladynemery.be\"]}]}<\/script>\n<!-- \/ Yoast SEO plugin. -->","yoast_head_json":{"title":"Cascade - DIGITAAL SCHILDEREN - ABSTRAATKUNST - Laetitia Nemery - Galerie d\u2019art","description":"Trakteer jezelf op een digitale print van \"Cascade\", een abstract werk van de Brusselse kunstenaar Laetitia Nemery. Maak je huis uniek!","robots":{"index":"index","follow":"follow","max-snippet":"max-snippet:-1","max-image-preview":"max-image-preview:large","max-video-preview":"max-video-preview:-1"},"canonical":"https:\/\/ladynemery.be\/nl\/product\/cascade-digitale-kunst-abstract-schilderen\/","og_locale":"nl_NL","og_type":"article","og_title":"Cascade - DIGITAAL SCHILDEREN - ABSTRAATKUNST - Laetitia Nemery - Galerie d\u2019art","og_description":"Trakteer jezelf op een digitale print van \"Cascade\", een abstract werk van de Brusselse kunstenaar Laetitia Nemery. Maak je huis uniek!","og_url":"https:\/\/ladynemery.be\/nl\/product\/cascade-digitale-kunst-abstract-schilderen\/","og_site_name":"Laetitia Nemery - Galerie d\u2019art","article_modified_time":"2023-12-31T10:46:35+00:00","og_image":[{"width":900,"height":643,"url":"https:\/\/ladynemery.be\/wp-content\/uploads\/2023\/09\/cascade_web.jpg","type":"image\/jpeg"}],"twitter_card":"summary_large_image","twitter_misc":{"Geschatte leestijd":"1 minuut"},"schema":{"@context":"https:\/\/schema.org","@graph":[{"@type":"WebPage","@id":"https:\/\/ladynemery.be\/nl\/product\/cascade-digitale-kunst-abstract-schilderen\/","url":"https:\/\/ladynemery.be\/nl\/product\/cascade-digitale-kunst-abstract-schilderen\/","name":"Cascade - DIGITAAL SCHILDEREN - ABSTRAATKUNST - Laetitia Nemery - Galerie d\u2019art","isPartOf":{"@id":"https:\/\/ladynemery.be\/nl\/#website"},"primaryImageOfPage":{"@id":"https:\/\/ladynemery.be\/nl\/product\/cascade-digitale-kunst-abstract-schilderen\/#primaryimage"},"image":{"@id":"https:\/\/ladynemery.be\/nl\/product\/cascade-digitale-kunst-abstract-schilderen\/#primaryimage"},"thumbnailUrl":"https:\/\/ladynemery.be\/wp-content\/uploads\/2023\/08\/Cascade-Peinture-numerique-Art-abstrait-Peintre-belge.jpg","datePublished":"2023-08-23T14:49:47+00:00","dateModified":"2023-12-31T10:46:35+00:00","description":"Trakteer jezelf op een digitale print van \"Cascade\", een abstract werk van de Brusselse kunstenaar Laetitia Nemery. Maak je huis uniek!","breadcrumb":{"@id":"https:\/\/ladynemery.be\/nl\/product\/cascade-digitale-kunst-abstract-schilderen\/#breadcrumb"},"inLanguage":"nl-NL","potentialAction":[{"@type":"ReadAction","target":["https:\/\/ladynemery.be\/nl\/product\/cascade-digitale-kunst-abstract-schilderen\/"]}]},{"@type":"ImageObject","inLanguage":"nl-NL","@id":"https:\/\/ladynemery.be\/nl\/product\/cascade-digitale-kunst-abstract-schilderen\/#primaryimage","url":"https:\/\/ladynemery.be\/wp-content\/uploads\/2023\/08\/Cascade-Peinture-numerique-Art-abstrait-Peintre-belge.jpg","contentUrl":"https:\/\/ladynemery.be\/wp-content\/uploads\/2023\/08\/Cascade-Peinture-numerique-Art-abstrait-Peintre-belge.jpg","width":2000,"height":2000,"caption":"peinture num\u00e9rique d\u2019art contemporain abstrait nomm\u00e9e Cascade r\u00e9alis\u00e9e par l\u2019artiste peintre belge La\u00ebtitia Nemery. Toile dont le rouge et le jaune sont les tons dominants"},{"@type":"BreadcrumbList","@id":"https:\/\/ladynemery.be\/nl\/product\/cascade-digitale-kunst-abstract-schilderen\/#breadcrumb","itemListElement":[{"@type":"ListItem","position":1,"name":"Accueil","item":"https:\/\/ladynemery.be\/nl\/home\/"},{"@type":"ListItem","position":2,"name":"Galerij","item":"https:\/\/ladynemery.be\/nl\/winkel\/"},{"@type":"ListItem","position":3,"name":"Cascade &#8211; DIGITAAL SCHILDEREN &#8211; ABSTRAATKUNST"}]},{"@type":"WebSite","@id":"https:\/\/ladynemery.be\/nl\/#website","url":"https:\/\/ladynemery.be\/nl\/","name":"Laetitia Nemery - Galerie d\u2019art","description":"","publisher":{"@id":"https:\/\/ladynemery.be\/nl\/#\/schema\/person\/13a55c2dcd52fe1bec2a8e9e1f066e8a"},"potentialAction":[{"@type":"SearchAction","target":{"@type":"EntryPoint","urlTemplate":"https:\/\/ladynemery.be\/nl\/?s={search_term_string}"},"query-input":{"@type":"PropertyValueSpecification","valueRequired":true,"valueName":"search_term_string"}}],"inLanguage":"nl-NL"},{"@type":["Person","Organization"],"@id":"https:\/\/ladynemery.be\/nl\/#\/schema\/person\/13a55c2dcd52fe1bec2a8e9e1f066e8a","name":"Lady Nemery","image":{"@type":"ImageObject","inLanguage":"nl-NL","@id":"https:\/\/ladynemery.be\/nl\/#\/schema\/person\/image\/","url":"https:\/\/ladynemery.be\/wp-content\/uploads\/2023\/04\/64F68535-852E-4A70-B218-B405E6391D70.jpeg","contentUrl":"https:\/\/ladynemery.be\/wp-content\/uploads\/2023\/04\/64F68535-852E-4A70-B218-B405E6391D70.jpeg","width":313,"height":313,"caption":"Lady Nemery"},"logo":{"@id":"https:\/\/ladynemery.be\/nl\/#\/schema\/person\/image\/"},"sameAs":["http:\/\/ladynemery.be"]}]}},"_links":{"self":[{"href":"https:\/\/ladynemery.be\/nl\/wp-json\/wp\/v2\/product\/2568","targetHints":{"allow":["GET"]}}],"collection":[{"href":"https:\/\/ladynemery.be\/nl\/wp-json\/wp\/v2\/product"}],"about":[{"href":"https:\/\/ladynemery.be\/nl\/wp-json\/wp\/v2\/types\/product"}],"replies":[{"embeddable":true,"href":"https:\/\/ladynemery.be\/nl\/wp-json\/wp\/v2\/comments?post=2568"}],"version-history":[{"count":5,"href":"https:\/\/ladynemery.be\/nl\/wp-json\/wp\/v2\/product\/2568\/revisions"}],"predecessor-version":[{"id":4898,"href":"https:\/\/ladynemery.be\/nl\/wp-json\/wp\/v2\/product\/2568\/revisions\/4898"}],"wp:featuredmedia":[{"embeddable":true,"href":"https:\/\/ladynemery.be\/nl\/wp-json\/wp\/v2\/media\/6335"}],"wp:attachment":[{"href":"https:\/\/ladynemery.be\/nl\/wp-json\/wp\/v2\/media?parent=2568"}],"wp:term":[{"taxonomy":"product_brand","embeddable":true,"href":"https:\/\/ladynemery.be\/nl\/wp-json\/wp\/v2\/product_brand?post=2568"},{"taxonomy":"product_cat","embeddable":true,"href":"https:\/\/ladynemery.be\/nl\/wp-json\/wp\/v2\/product_cat?post=2568"},{"taxonomy":"product_tag","embeddable":true,"href":"https:\/\/ladynemery.be\/nl\/wp-json\/wp\/v2\/product_tag?post=2568"}],"curies":[{"name":"wp","href":"https:\/\/api.w.org\/{rel}","templated":true}]}}