{"id":2579,"date":"2023-08-23T16:22:32","date_gmt":"2023-08-23T14:22:32","guid":{"rendered":"https:\/\/ladynemery.be\/index.php\/product\/angelica-digitaal-schilderij-abstracte-kunst\/"},"modified":"2023-12-31T11:48:03","modified_gmt":"2023-12-31T10:48:03","slug":"angelica-digitale-kunst-abstract","status":"publish","type":"product","link":"https:\/\/ladynemery.be\/nl\/product\/angelica-digitale-kunst-abstract\/","title":{"rendered":"Angelica &#8211; Digitaal schilderij &#8211; Abstracte kunst"},"content":{"rendered":"<p>&#8220;Angelica&#8221;, een abstract digitaal schilderij, onderscheidt zich van mijn gebruikelijke werken. Zoals reeds opgemerkt in &#8220;<a href=\"https:\/\/ladynemery.be\/product\/mutisme-peinture-numerique-art-abstrait\/\">Mutism<\/a>&#8220;, wijkt het af van pure abstractie om een meer figuratief aspect te verkennen. <\/p>\n<p>Het werk wil vorm geven aan het begrip stilte. Deze aandoening bevat een spectrum aan betekenissen, allemaal persoonlijk. Dit kunnen dingen zijn die niet worden gezegd, geheimen en zelfs beperkingen op de vrijheid van meningsuiting in een context waar welsprekendheid in het gedrang lijkt te komen.<\/p>\n<p>Door deze keuze van voorstelling moedig ik je aan om na te denken over de complexiteit van stilte. En dus om na te denken over de verschillende interpretaties en de alomtegenwoordige aanwezigheid ervan in ons leven. Of de afwezigheid van spraak nu vrijwillig of onvrijwillig is. Stilte kan zowel een beschermingsmiddel als een last zijn. In &#8220;Angelica&#8221; cre\u00eber ik een ruimte waarin stilte een visuele vorm krijgt. Figuratieve elementen interageren met abstractie, waardoor een spanning tussen de twee ontstaat. Deze dualiteit versterkt het idee dat stilte niet simpelweg de afwezigheid van woorden is, maar een diepgaande en veelzijdige ervaring. &#8220;Angelica&#8221; herinnert ons eraan dat stilte soms meer kan zeggen dan woorden en dat achter ieder mens een complex verhaal schuilgaat. Dit werk moedigt medeleven en begrip aan voor hen die de last van stilte dragen. Wat dat ook voor hen mag betekenen. Uiteindelijk biedt &#8220;Angelica&#8221; ons een artistieke reflectie op een diep menselijk onderwerp en herinnert het ons eraan dat de nuances van ons bestaan vaak het best begrepen kunnen worden door het prisma van de kunst.   <\/p>\n","protected":false},"excerpt":{"rendered":"<p>Digitaal schilderen beschikbaar in verschillende media en formaten.<\/p>\n","protected":false},"featured_media":6338,"comment_status":"closed","ping_status":"closed","template":"","meta":[],"product_brand":[],"product_cat":[120],"product_tag":[214,126,134,130,218,213],"class_list":{"0":"post-2579","1":"product","2":"type-product","3":"status-publish","4":"has-post-thumbnail","6":"product_cat-digitale-schilderkunst","7":"product_tag-abstracte-kunst","8":"product_tag-blauw","9":"product_tag-digitale-kunst","10":"product_tag-figuratief","11":"product_tag-portret","12":"product_tag-rood","14":"first","15":"instock","16":"taxable","17":"shipping-taxable","18":"purchasable","19":"product-type-variable"},"yoast_head":"<!-- This site is optimized with the Yoast SEO plugin v26.9 - https:\/\/yoast.com\/product\/yoast-seo-wordpress\/ -->\n<title>Angelica - Digitaal schilderij - Abstracte kunst - Laetitia Nemery - Galerie d\u2019art<\/title>\n<meta name=\"description\" content=\"Trakteer jezelf op een digitale print van &quot;Angelica&quot;, een abstract werk van de Brusselse kunstenaar Laetitia Nemery. Maak je huis uniek!\" \/>\n<meta name=\"robots\" content=\"index, follow, max-snippet:-1, max-image-preview:large, max-video-preview:-1\" \/>\n<link rel=\"canonical\" href=\"https:\/\/ladynemery.be\/nl\/product\/angelica-digitale-kunst-abstract\/\" \/>\n<meta property=\"og:locale\" content=\"nl_NL\" \/>\n<meta property=\"og:type\" content=\"article\" \/>\n<meta property=\"og:title\" content=\"Angelica - Digitaal schilderij - Abstracte kunst - Laetitia Nemery - Galerie d\u2019art\" \/>\n<meta property=\"og:description\" content=\"Trakteer jezelf op een digitale print van &quot;Angelica&quot;, een abstract werk van de Brusselse kunstenaar Laetitia Nemery. Maak je huis uniek!\" \/>\n<meta property=\"og:url\" content=\"https:\/\/ladynemery.be\/nl\/product\/angelica-digitale-kunst-abstract\/\" \/>\n<meta property=\"og:site_name\" content=\"Laetitia Nemery - Galerie d\u2019art\" \/>\n<meta property=\"article:modified_time\" content=\"2023-12-31T10:48:03+00:00\" \/>\n<meta property=\"og:image\" content=\"https:\/\/ladynemery.be\/wp-content\/uploads\/2023\/08\/5920640B-A644-4121-BBFC-697592BA7ED8.jpg\" \/>\n\t<meta property=\"og:image:width\" content=\"1000\" \/>\n\t<meta property=\"og:image:height\" content=\"1000\" \/>\n\t<meta property=\"og:image:type\" content=\"image\/jpeg\" \/>\n<meta name=\"twitter:card\" content=\"summary_large_image\" \/>\n<meta name=\"twitter:label1\" content=\"Geschatte leestijd\" \/>\n\t<meta name=\"twitter:data1\" content=\"1 minuut\" \/>\n<script type=\"application\/ld+json\" class=\"yoast-schema-graph\">{\"@context\":\"https:\/\/schema.org\",\"@graph\":[{\"@type\":\"WebPage\",\"@id\":\"https:\/\/ladynemery.be\/nl\/product\/angelica-digitale-kunst-abstract\/\",\"url\":\"https:\/\/ladynemery.be\/nl\/product\/angelica-digitale-kunst-abstract\/\",\"name\":\"Angelica - Digitaal schilderij - Abstracte kunst - Laetitia Nemery - Galerie d\u2019art\",\"isPartOf\":{\"@id\":\"https:\/\/ladynemery.be\/nl\/#website\"},\"primaryImageOfPage\":{\"@id\":\"https:\/\/ladynemery.be\/nl\/product\/angelica-digitale-kunst-abstract\/#primaryimage\"},\"image\":{\"@id\":\"https:\/\/ladynemery.be\/nl\/product\/angelica-digitale-kunst-abstract\/#primaryimage\"},\"thumbnailUrl\":\"https:\/\/ladynemery.be\/wp-content\/uploads\/2023\/08\/Angelica-Peinture-numerique-Art-abstrait-Peintre-belge.jpg\",\"datePublished\":\"2023-08-23T14:22:32+00:00\",\"dateModified\":\"2023-12-31T10:48:03+00:00\",\"description\":\"Trakteer jezelf op een digitale print van \\\"Angelica\\\", een abstract werk van de Brusselse kunstenaar Laetitia Nemery. Maak je huis uniek!\",\"breadcrumb\":{\"@id\":\"https:\/\/ladynemery.be\/nl\/product\/angelica-digitale-kunst-abstract\/#breadcrumb\"},\"inLanguage\":\"nl-NL\",\"potentialAction\":[{\"@type\":\"ReadAction\",\"target\":[\"https:\/\/ladynemery.be\/nl\/product\/angelica-digitale-kunst-abstract\/\"]}]},{\"@type\":\"ImageObject\",\"inLanguage\":\"nl-NL\",\"@id\":\"https:\/\/ladynemery.be\/nl\/product\/angelica-digitale-kunst-abstract\/#primaryimage\",\"url\":\"https:\/\/ladynemery.be\/wp-content\/uploads\/2023\/08\/Angelica-Peinture-numerique-Art-abstrait-Peintre-belge.jpg\",\"contentUrl\":\"https:\/\/ladynemery.be\/wp-content\/uploads\/2023\/08\/Angelica-Peinture-numerique-Art-abstrait-Peintre-belge.jpg\",\"width\":2000,\"height\":2000,\"caption\":\"une peinture num\u00e9rique d\u2019art contemporain abstrait nomm\u00e9e Angelica r\u00e9alis\u00e9e par l\u2019artiste peintre belge La\u00ebtitia Nemery. Toile dont le rouge et gris sont les tons dominants. Peinture portrait\"},{\"@type\":\"BreadcrumbList\",\"@id\":\"https:\/\/ladynemery.be\/nl\/product\/angelica-digitale-kunst-abstract\/#breadcrumb\",\"itemListElement\":[{\"@type\":\"ListItem\",\"position\":1,\"name\":\"Accueil\",\"item\":\"https:\/\/ladynemery.be\/nl\/home\/\"},{\"@type\":\"ListItem\",\"position\":2,\"name\":\"Galerij\",\"item\":\"https:\/\/ladynemery.be\/nl\/winkel\/\"},{\"@type\":\"ListItem\",\"position\":3,\"name\":\"Angelica &#8211; Digitaal schilderij &#8211; Abstracte kunst\"}]},{\"@type\":\"WebSite\",\"@id\":\"https:\/\/ladynemery.be\/nl\/#website\",\"url\":\"https:\/\/ladynemery.be\/nl\/\",\"name\":\"Laetitia Nemery - Galerie d\u2019art\",\"description\":\"\",\"publisher\":{\"@id\":\"https:\/\/ladynemery.be\/nl\/#\/schema\/person\/13a55c2dcd52fe1bec2a8e9e1f066e8a\"},\"potentialAction\":[{\"@type\":\"SearchAction\",\"target\":{\"@type\":\"EntryPoint\",\"urlTemplate\":\"https:\/\/ladynemery.be\/nl\/?s={search_term_string}\"},\"query-input\":{\"@type\":\"PropertyValueSpecification\",\"valueRequired\":true,\"valueName\":\"search_term_string\"}}],\"inLanguage\":\"nl-NL\"},{\"@type\":[\"Person\",\"Organization\"],\"@id\":\"https:\/\/ladynemery.be\/nl\/#\/schema\/person\/13a55c2dcd52fe1bec2a8e9e1f066e8a\",\"name\":\"Lady Nemery\",\"image\":{\"@type\":\"ImageObject\",\"inLanguage\":\"nl-NL\",\"@id\":\"https:\/\/ladynemery.be\/nl\/#\/schema\/person\/image\/\",\"url\":\"https:\/\/ladynemery.be\/wp-content\/uploads\/2023\/04\/64F68535-852E-4A70-B218-B405E6391D70.jpeg\",\"contentUrl\":\"https:\/\/ladynemery.be\/wp-content\/uploads\/2023\/04\/64F68535-852E-4A70-B218-B405E6391D70.jpeg\",\"width\":313,\"height\":313,\"caption\":\"Lady Nemery\"},\"logo\":{\"@id\":\"https:\/\/ladynemery.be\/nl\/#\/schema\/person\/image\/\"},\"sameAs\":[\"http:\/\/ladynemery.be\"]}]}<\/script>\n<!-- \/ Yoast SEO plugin. -->","yoast_head_json":{"title":"Angelica - Digitaal schilderij - Abstracte kunst - Laetitia Nemery - Galerie d\u2019art","description":"Trakteer jezelf op een digitale print van \"Angelica\", een abstract werk van de Brusselse kunstenaar Laetitia Nemery. Maak je huis uniek!","robots":{"index":"index","follow":"follow","max-snippet":"max-snippet:-1","max-image-preview":"max-image-preview:large","max-video-preview":"max-video-preview:-1"},"canonical":"https:\/\/ladynemery.be\/nl\/product\/angelica-digitale-kunst-abstract\/","og_locale":"nl_NL","og_type":"article","og_title":"Angelica - Digitaal schilderij - Abstracte kunst - Laetitia Nemery - Galerie d\u2019art","og_description":"Trakteer jezelf op een digitale print van \"Angelica\", een abstract werk van de Brusselse kunstenaar Laetitia Nemery. Maak je huis uniek!","og_url":"https:\/\/ladynemery.be\/nl\/product\/angelica-digitale-kunst-abstract\/","og_site_name":"Laetitia Nemery - Galerie d\u2019art","article_modified_time":"2023-12-31T10:48:03+00:00","og_image":[{"width":1000,"height":1000,"url":"https:\/\/ladynemery.be\/wp-content\/uploads\/2023\/08\/5920640B-A644-4121-BBFC-697592BA7ED8.jpg","type":"image\/jpeg"}],"twitter_card":"summary_large_image","twitter_misc":{"Geschatte leestijd":"1 minuut"},"schema":{"@context":"https:\/\/schema.org","@graph":[{"@type":"WebPage","@id":"https:\/\/ladynemery.be\/nl\/product\/angelica-digitale-kunst-abstract\/","url":"https:\/\/ladynemery.be\/nl\/product\/angelica-digitale-kunst-abstract\/","name":"Angelica - Digitaal schilderij - Abstracte kunst - Laetitia Nemery - Galerie d\u2019art","isPartOf":{"@id":"https:\/\/ladynemery.be\/nl\/#website"},"primaryImageOfPage":{"@id":"https:\/\/ladynemery.be\/nl\/product\/angelica-digitale-kunst-abstract\/#primaryimage"},"image":{"@id":"https:\/\/ladynemery.be\/nl\/product\/angelica-digitale-kunst-abstract\/#primaryimage"},"thumbnailUrl":"https:\/\/ladynemery.be\/wp-content\/uploads\/2023\/08\/Angelica-Peinture-numerique-Art-abstrait-Peintre-belge.jpg","datePublished":"2023-08-23T14:22:32+00:00","dateModified":"2023-12-31T10:48:03+00:00","description":"Trakteer jezelf op een digitale print van \"Angelica\", een abstract werk van de Brusselse kunstenaar Laetitia Nemery. Maak je huis uniek!","breadcrumb":{"@id":"https:\/\/ladynemery.be\/nl\/product\/angelica-digitale-kunst-abstract\/#breadcrumb"},"inLanguage":"nl-NL","potentialAction":[{"@type":"ReadAction","target":["https:\/\/ladynemery.be\/nl\/product\/angelica-digitale-kunst-abstract\/"]}]},{"@type":"ImageObject","inLanguage":"nl-NL","@id":"https:\/\/ladynemery.be\/nl\/product\/angelica-digitale-kunst-abstract\/#primaryimage","url":"https:\/\/ladynemery.be\/wp-content\/uploads\/2023\/08\/Angelica-Peinture-numerique-Art-abstrait-Peintre-belge.jpg","contentUrl":"https:\/\/ladynemery.be\/wp-content\/uploads\/2023\/08\/Angelica-Peinture-numerique-Art-abstrait-Peintre-belge.jpg","width":2000,"height":2000,"caption":"une peinture num\u00e9rique d\u2019art contemporain abstrait nomm\u00e9e Angelica r\u00e9alis\u00e9e par l\u2019artiste peintre belge La\u00ebtitia Nemery. Toile dont le rouge et gris sont les tons dominants. Peinture portrait"},{"@type":"BreadcrumbList","@id":"https:\/\/ladynemery.be\/nl\/product\/angelica-digitale-kunst-abstract\/#breadcrumb","itemListElement":[{"@type":"ListItem","position":1,"name":"Accueil","item":"https:\/\/ladynemery.be\/nl\/home\/"},{"@type":"ListItem","position":2,"name":"Galerij","item":"https:\/\/ladynemery.be\/nl\/winkel\/"},{"@type":"ListItem","position":3,"name":"Angelica &#8211; Digitaal schilderij &#8211; Abstracte kunst"}]},{"@type":"WebSite","@id":"https:\/\/ladynemery.be\/nl\/#website","url":"https:\/\/ladynemery.be\/nl\/","name":"Laetitia Nemery - Galerie d\u2019art","description":"","publisher":{"@id":"https:\/\/ladynemery.be\/nl\/#\/schema\/person\/13a55c2dcd52fe1bec2a8e9e1f066e8a"},"potentialAction":[{"@type":"SearchAction","target":{"@type":"EntryPoint","urlTemplate":"https:\/\/ladynemery.be\/nl\/?s={search_term_string}"},"query-input":{"@type":"PropertyValueSpecification","valueRequired":true,"valueName":"search_term_string"}}],"inLanguage":"nl-NL"},{"@type":["Person","Organization"],"@id":"https:\/\/ladynemery.be\/nl\/#\/schema\/person\/13a55c2dcd52fe1bec2a8e9e1f066e8a","name":"Lady Nemery","image":{"@type":"ImageObject","inLanguage":"nl-NL","@id":"https:\/\/ladynemery.be\/nl\/#\/schema\/person\/image\/","url":"https:\/\/ladynemery.be\/wp-content\/uploads\/2023\/04\/64F68535-852E-4A70-B218-B405E6391D70.jpeg","contentUrl":"https:\/\/ladynemery.be\/wp-content\/uploads\/2023\/04\/64F68535-852E-4A70-B218-B405E6391D70.jpeg","width":313,"height":313,"caption":"Lady Nemery"},"logo":{"@id":"https:\/\/ladynemery.be\/nl\/#\/schema\/person\/image\/"},"sameAs":["http:\/\/ladynemery.be"]}]}},"_links":{"self":[{"href":"https:\/\/ladynemery.be\/nl\/wp-json\/wp\/v2\/product\/2579","targetHints":{"allow":["GET"]}}],"collection":[{"href":"https:\/\/ladynemery.be\/nl\/wp-json\/wp\/v2\/product"}],"about":[{"href":"https:\/\/ladynemery.be\/nl\/wp-json\/wp\/v2\/types\/product"}],"replies":[{"embeddable":true,"href":"https:\/\/ladynemery.be\/nl\/wp-json\/wp\/v2\/comments?post=2579"}],"version-history":[{"count":3,"href":"https:\/\/ladynemery.be\/nl\/wp-json\/wp\/v2\/product\/2579\/revisions"}],"predecessor-version":[{"id":4899,"href":"https:\/\/ladynemery.be\/nl\/wp-json\/wp\/v2\/product\/2579\/revisions\/4899"}],"wp:featuredmedia":[{"embeddable":true,"href":"https:\/\/ladynemery.be\/nl\/wp-json\/wp\/v2\/media\/6338"}],"wp:attachment":[{"href":"https:\/\/ladynemery.be\/nl\/wp-json\/wp\/v2\/media?parent=2579"}],"wp:term":[{"taxonomy":"product_brand","embeddable":true,"href":"https:\/\/ladynemery.be\/nl\/wp-json\/wp\/v2\/product_brand?post=2579"},{"taxonomy":"product_cat","embeddable":true,"href":"https:\/\/ladynemery.be\/nl\/wp-json\/wp\/v2\/product_cat?post=2579"},{"taxonomy":"product_tag","embeddable":true,"href":"https:\/\/ladynemery.be\/nl\/wp-json\/wp\/v2\/product_tag?post=2579"}],"curies":[{"name":"wp","href":"https:\/\/api.w.org\/{rel}","templated":true}]}}