{"id":2682,"date":"2023-06-18T14:27:15","date_gmt":"2023-06-18T12:27:15","guid":{"rendered":"https:\/\/ladynemery.be\/index.php\/product\/dans-digitaal-schilderen-abstracte-kunst\/"},"modified":"2023-12-31T11:49:07","modified_gmt":"2023-12-31T10:49:07","slug":"dans-schilderen-digitale-kunst-abstract","status":"publish","type":"product","link":"https:\/\/ladynemery.be\/nl\/product\/dans-schilderen-digitale-kunst-abstract\/","title":{"rendered":"Dans &#8211; Digitaal schilderen &#8211; Abstracte kunst"},"content":{"rendered":"<p>&#8220;Dance&#8221; is een abstract digitaal schilderij waarin raadselachtige vormen tot leven lijken te komen en dansen in een harmonieuze beweging. Ze zweven in de ruimte, overlappen elkaar en cre\u00ebren een fascinerend gevoel van diepte.<\/p>\n<p>Zoals vaak het geval is in mijn werk, is er deze intrigerende dualiteit. Het doek is gevuld met levendige kleuren, schakeringen van rood, geel en wit. In het hart van deze compositie verdeelt een zwarte lijn de ruimte, wat een subtiele spanning toevoegt. Bij het maken van dit schilderij liet ik me meeslepen door de handeling van het cre\u00ebren. Er was geen zoektocht naar betekenis of precieze intentie. Integendeel, ik liet mezelf over aan het huidige moment en liet mijn inspiratie zijn eigen gang gaan. Het is een beetje zoals luisteren naar muziek die je meeneemt en ontroert, en je aanmoedigt om te dansen zonder na te denken. &#8220;Dance&#8221; geeft deze gemoedstoestand van vrijheid en spontaniteit weer. De abstracte vormen lijken een vitale energie uit te drukken, een vloeiende en sierlijke beweging. Elk detail van deze compositie nodigt ons uit om ons mee te laten voeren door de innerlijke dans die in ieder van ons resoneert.  <\/p>\n<p>Dit abstracte digitale schilderij biedt een boeiende visuele ervaring en laat veel ruimte voor persoonlijke interpretatie. Het roept de magie van het huidige moment op, wanneer we ons verbinden met onze creatieve essentie en de grenzen tussen werkelijkheid en verbeelding vervagen.<\/p>\n<p>&#8220;Dans&#8221; is een uitnodiging om onszelf over te geven aan spontaniteit, om onze emoties los te laten en ons te laten leiden door de innerlijke beweging die in ons resoneert.<\/p>\n","protected":false},"excerpt":{"rendered":"<p>Digitaal schilderen beschikbaar in verschillende media en formaten.<\/p>\n","protected":false},"featured_media":6341,"comment_status":"closed","ping_status":"closed","template":"","meta":[],"product_brand":[],"product_cat":[120],"product_tag":[214,126,134,215,213,124,132],"class_list":{"0":"post-2682","1":"product","2":"type-product","3":"status-publish","4":"has-post-thumbnail","6":"product_cat-digitale-schilderkunst","7":"product_tag-abstracte-kunst","8":"product_tag-blauw","9":"product_tag-digitale-kunst","10":"product_tag-geel","11":"product_tag-rood","12":"product_tag-wit","13":"product_tag-zwart","15":"first","16":"instock","17":"sold-individually","18":"taxable","19":"shipping-taxable","20":"purchasable","21":"product-type-variable"},"yoast_head":"<!-- This site is optimized with the Yoast SEO plugin v26.9 - https:\/\/yoast.com\/product\/yoast-seo-wordpress\/ -->\n<title>Dans - Digitaal schilderen - Abstracte kunst - Kunstgalerie<\/title>\n<meta name=\"description\" content=\"Trakteer jezelf op een digitale afdruk van &quot;Danse&quot;, een abstract werk van de Brusselse kunstenares Laetitia Nemery. Maak je huis uniek!\" \/>\n<meta name=\"robots\" content=\"index, follow, max-snippet:-1, max-image-preview:large, max-video-preview:-1\" \/>\n<link rel=\"canonical\" href=\"https:\/\/ladynemery.be\/nl\/product\/dans-schilderen-digitale-kunst-abstract\/\" \/>\n<meta property=\"og:locale\" content=\"nl_NL\" \/>\n<meta property=\"og:type\" content=\"article\" \/>\n<meta property=\"og:title\" content=\"Dans - Digitaal schilderen - Abstracte kunst - Kunstgalerie\" \/>\n<meta property=\"og:description\" content=\"Trakteer jezelf op een digitale afdruk van &quot;Danse&quot;, een abstract werk van de Brusselse kunstenares Laetitia Nemery. Maak je huis uniek!\" \/>\n<meta property=\"og:url\" content=\"https:\/\/ladynemery.be\/nl\/product\/dans-schilderen-digitale-kunst-abstract\/\" \/>\n<meta property=\"og:site_name\" content=\"Laetitia Nemery - Galerie d\u2019art\" \/>\n<meta property=\"article:modified_time\" content=\"2023-12-31T10:49:07+00:00\" \/>\n<meta property=\"og:image\" content=\"https:\/\/ladynemery.be\/wp-content\/uploads\/2023\/09\/Danse_web.jpg\" \/>\n\t<meta property=\"og:image:width\" content=\"634\" \/>\n\t<meta property=\"og:image:height\" content=\"900\" \/>\n\t<meta property=\"og:image:type\" content=\"image\/jpeg\" \/>\n<meta name=\"twitter:card\" content=\"summary_large_image\" \/>\n<meta name=\"twitter:label1\" content=\"Geschatte leestijd\" \/>\n\t<meta name=\"twitter:data1\" content=\"1 minuut\" \/>\n<script type=\"application\/ld+json\" class=\"yoast-schema-graph\">{\"@context\":\"https:\/\/schema.org\",\"@graph\":[{\"@type\":\"WebPage\",\"@id\":\"https:\/\/ladynemery.be\/nl\/product\/dans-schilderen-digitale-kunst-abstract\/\",\"url\":\"https:\/\/ladynemery.be\/nl\/product\/dans-schilderen-digitale-kunst-abstract\/\",\"name\":\"Dans - Digitaal schilderen - Abstracte kunst - Kunstgalerie\",\"isPartOf\":{\"@id\":\"https:\/\/ladynemery.be\/nl\/#website\"},\"primaryImageOfPage\":{\"@id\":\"https:\/\/ladynemery.be\/nl\/product\/dans-schilderen-digitale-kunst-abstract\/#primaryimage\"},\"image\":{\"@id\":\"https:\/\/ladynemery.be\/nl\/product\/dans-schilderen-digitale-kunst-abstract\/#primaryimage\"},\"thumbnailUrl\":\"https:\/\/ladynemery.be\/wp-content\/uploads\/2023\/06\/Danse-Peinture-numerique-Art-abstrait-Peintre-belge.jpg\",\"datePublished\":\"2023-06-18T12:27:15+00:00\",\"dateModified\":\"2023-12-31T10:49:07+00:00\",\"description\":\"Trakteer jezelf op een digitale afdruk van \\\"Danse\\\", een abstract werk van de Brusselse kunstenares Laetitia Nemery. Maak je huis uniek!\",\"breadcrumb\":{\"@id\":\"https:\/\/ladynemery.be\/nl\/product\/dans-schilderen-digitale-kunst-abstract\/#breadcrumb\"},\"inLanguage\":\"nl-NL\",\"potentialAction\":[{\"@type\":\"ReadAction\",\"target\":[\"https:\/\/ladynemery.be\/nl\/product\/dans-schilderen-digitale-kunst-abstract\/\"]}]},{\"@type\":\"ImageObject\",\"inLanguage\":\"nl-NL\",\"@id\":\"https:\/\/ladynemery.be\/nl\/product\/dans-schilderen-digitale-kunst-abstract\/#primaryimage\",\"url\":\"https:\/\/ladynemery.be\/wp-content\/uploads\/2023\/06\/Danse-Peinture-numerique-Art-abstrait-Peintre-belge.jpg\",\"contentUrl\":\"https:\/\/ladynemery.be\/wp-content\/uploads\/2023\/06\/Danse-Peinture-numerique-Art-abstrait-Peintre-belge.jpg\",\"width\":2000,\"height\":2000,\"caption\":\"peinture num\u00e9rique d\u2019art contemporain abstrait nomm\u00e9e Danse r\u00e9alis\u00e9e par l\u2019artiste peintre belge La\u00ebtitia Nemery. Toile dont le rouge est le ton dominant\"},{\"@type\":\"BreadcrumbList\",\"@id\":\"https:\/\/ladynemery.be\/nl\/product\/dans-schilderen-digitale-kunst-abstract\/#breadcrumb\",\"itemListElement\":[{\"@type\":\"ListItem\",\"position\":1,\"name\":\"Accueil\",\"item\":\"https:\/\/ladynemery.be\/nl\/home\/\"},{\"@type\":\"ListItem\",\"position\":2,\"name\":\"Galerij\",\"item\":\"https:\/\/ladynemery.be\/nl\/winkel\/\"},{\"@type\":\"ListItem\",\"position\":3,\"name\":\"Dans &#8211; Digitaal schilderen &#8211; Abstracte kunst\"}]},{\"@type\":\"WebSite\",\"@id\":\"https:\/\/ladynemery.be\/nl\/#website\",\"url\":\"https:\/\/ladynemery.be\/nl\/\",\"name\":\"Laetitia Nemery - Galerie d\u2019art\",\"description\":\"\",\"publisher\":{\"@id\":\"https:\/\/ladynemery.be\/nl\/#\/schema\/person\/13a55c2dcd52fe1bec2a8e9e1f066e8a\"},\"potentialAction\":[{\"@type\":\"SearchAction\",\"target\":{\"@type\":\"EntryPoint\",\"urlTemplate\":\"https:\/\/ladynemery.be\/nl\/?s={search_term_string}\"},\"query-input\":{\"@type\":\"PropertyValueSpecification\",\"valueRequired\":true,\"valueName\":\"search_term_string\"}}],\"inLanguage\":\"nl-NL\"},{\"@type\":[\"Person\",\"Organization\"],\"@id\":\"https:\/\/ladynemery.be\/nl\/#\/schema\/person\/13a55c2dcd52fe1bec2a8e9e1f066e8a\",\"name\":\"Lady Nemery\",\"image\":{\"@type\":\"ImageObject\",\"inLanguage\":\"nl-NL\",\"@id\":\"https:\/\/ladynemery.be\/nl\/#\/schema\/person\/image\/\",\"url\":\"https:\/\/ladynemery.be\/wp-content\/uploads\/2023\/04\/64F68535-852E-4A70-B218-B405E6391D70.jpeg\",\"contentUrl\":\"https:\/\/ladynemery.be\/wp-content\/uploads\/2023\/04\/64F68535-852E-4A70-B218-B405E6391D70.jpeg\",\"width\":313,\"height\":313,\"caption\":\"Lady Nemery\"},\"logo\":{\"@id\":\"https:\/\/ladynemery.be\/nl\/#\/schema\/person\/image\/\"},\"sameAs\":[\"http:\/\/ladynemery.be\"]}]}<\/script>\n<!-- \/ Yoast SEO plugin. -->","yoast_head_json":{"title":"Dans - Digitaal schilderen - Abstracte kunst - Kunstgalerie","description":"Trakteer jezelf op een digitale afdruk van \"Danse\", een abstract werk van de Brusselse kunstenares Laetitia Nemery. Maak je huis uniek!","robots":{"index":"index","follow":"follow","max-snippet":"max-snippet:-1","max-image-preview":"max-image-preview:large","max-video-preview":"max-video-preview:-1"},"canonical":"https:\/\/ladynemery.be\/nl\/product\/dans-schilderen-digitale-kunst-abstract\/","og_locale":"nl_NL","og_type":"article","og_title":"Dans - Digitaal schilderen - Abstracte kunst - Kunstgalerie","og_description":"Trakteer jezelf op een digitale afdruk van \"Danse\", een abstract werk van de Brusselse kunstenares Laetitia Nemery. Maak je huis uniek!","og_url":"https:\/\/ladynemery.be\/nl\/product\/dans-schilderen-digitale-kunst-abstract\/","og_site_name":"Laetitia Nemery - Galerie d\u2019art","article_modified_time":"2023-12-31T10:49:07+00:00","og_image":[{"width":634,"height":900,"url":"https:\/\/ladynemery.be\/wp-content\/uploads\/2023\/09\/Danse_web.jpg","type":"image\/jpeg"}],"twitter_card":"summary_large_image","twitter_misc":{"Geschatte leestijd":"1 minuut"},"schema":{"@context":"https:\/\/schema.org","@graph":[{"@type":"WebPage","@id":"https:\/\/ladynemery.be\/nl\/product\/dans-schilderen-digitale-kunst-abstract\/","url":"https:\/\/ladynemery.be\/nl\/product\/dans-schilderen-digitale-kunst-abstract\/","name":"Dans - Digitaal schilderen - Abstracte kunst - Kunstgalerie","isPartOf":{"@id":"https:\/\/ladynemery.be\/nl\/#website"},"primaryImageOfPage":{"@id":"https:\/\/ladynemery.be\/nl\/product\/dans-schilderen-digitale-kunst-abstract\/#primaryimage"},"image":{"@id":"https:\/\/ladynemery.be\/nl\/product\/dans-schilderen-digitale-kunst-abstract\/#primaryimage"},"thumbnailUrl":"https:\/\/ladynemery.be\/wp-content\/uploads\/2023\/06\/Danse-Peinture-numerique-Art-abstrait-Peintre-belge.jpg","datePublished":"2023-06-18T12:27:15+00:00","dateModified":"2023-12-31T10:49:07+00:00","description":"Trakteer jezelf op een digitale afdruk van \"Danse\", een abstract werk van de Brusselse kunstenares Laetitia Nemery. Maak je huis uniek!","breadcrumb":{"@id":"https:\/\/ladynemery.be\/nl\/product\/dans-schilderen-digitale-kunst-abstract\/#breadcrumb"},"inLanguage":"nl-NL","potentialAction":[{"@type":"ReadAction","target":["https:\/\/ladynemery.be\/nl\/product\/dans-schilderen-digitale-kunst-abstract\/"]}]},{"@type":"ImageObject","inLanguage":"nl-NL","@id":"https:\/\/ladynemery.be\/nl\/product\/dans-schilderen-digitale-kunst-abstract\/#primaryimage","url":"https:\/\/ladynemery.be\/wp-content\/uploads\/2023\/06\/Danse-Peinture-numerique-Art-abstrait-Peintre-belge.jpg","contentUrl":"https:\/\/ladynemery.be\/wp-content\/uploads\/2023\/06\/Danse-Peinture-numerique-Art-abstrait-Peintre-belge.jpg","width":2000,"height":2000,"caption":"peinture num\u00e9rique d\u2019art contemporain abstrait nomm\u00e9e Danse r\u00e9alis\u00e9e par l\u2019artiste peintre belge La\u00ebtitia Nemery. Toile dont le rouge est le ton dominant"},{"@type":"BreadcrumbList","@id":"https:\/\/ladynemery.be\/nl\/product\/dans-schilderen-digitale-kunst-abstract\/#breadcrumb","itemListElement":[{"@type":"ListItem","position":1,"name":"Accueil","item":"https:\/\/ladynemery.be\/nl\/home\/"},{"@type":"ListItem","position":2,"name":"Galerij","item":"https:\/\/ladynemery.be\/nl\/winkel\/"},{"@type":"ListItem","position":3,"name":"Dans &#8211; Digitaal schilderen &#8211; Abstracte kunst"}]},{"@type":"WebSite","@id":"https:\/\/ladynemery.be\/nl\/#website","url":"https:\/\/ladynemery.be\/nl\/","name":"Laetitia Nemery - Galerie d\u2019art","description":"","publisher":{"@id":"https:\/\/ladynemery.be\/nl\/#\/schema\/person\/13a55c2dcd52fe1bec2a8e9e1f066e8a"},"potentialAction":[{"@type":"SearchAction","target":{"@type":"EntryPoint","urlTemplate":"https:\/\/ladynemery.be\/nl\/?s={search_term_string}"},"query-input":{"@type":"PropertyValueSpecification","valueRequired":true,"valueName":"search_term_string"}}],"inLanguage":"nl-NL"},{"@type":["Person","Organization"],"@id":"https:\/\/ladynemery.be\/nl\/#\/schema\/person\/13a55c2dcd52fe1bec2a8e9e1f066e8a","name":"Lady Nemery","image":{"@type":"ImageObject","inLanguage":"nl-NL","@id":"https:\/\/ladynemery.be\/nl\/#\/schema\/person\/image\/","url":"https:\/\/ladynemery.be\/wp-content\/uploads\/2023\/04\/64F68535-852E-4A70-B218-B405E6391D70.jpeg","contentUrl":"https:\/\/ladynemery.be\/wp-content\/uploads\/2023\/04\/64F68535-852E-4A70-B218-B405E6391D70.jpeg","width":313,"height":313,"caption":"Lady Nemery"},"logo":{"@id":"https:\/\/ladynemery.be\/nl\/#\/schema\/person\/image\/"},"sameAs":["http:\/\/ladynemery.be"]}]}},"_links":{"self":[{"href":"https:\/\/ladynemery.be\/nl\/wp-json\/wp\/v2\/product\/2682","targetHints":{"allow":["GET"]}}],"collection":[{"href":"https:\/\/ladynemery.be\/nl\/wp-json\/wp\/v2\/product"}],"about":[{"href":"https:\/\/ladynemery.be\/nl\/wp-json\/wp\/v2\/types\/product"}],"replies":[{"embeddable":true,"href":"https:\/\/ladynemery.be\/nl\/wp-json\/wp\/v2\/comments?post=2682"}],"version-history":[{"count":3,"href":"https:\/\/ladynemery.be\/nl\/wp-json\/wp\/v2\/product\/2682\/revisions"}],"predecessor-version":[{"id":4900,"href":"https:\/\/ladynemery.be\/nl\/wp-json\/wp\/v2\/product\/2682\/revisions\/4900"}],"wp:featuredmedia":[{"embeddable":true,"href":"https:\/\/ladynemery.be\/nl\/wp-json\/wp\/v2\/media\/6341"}],"wp:attachment":[{"href":"https:\/\/ladynemery.be\/nl\/wp-json\/wp\/v2\/media?parent=2682"}],"wp:term":[{"taxonomy":"product_brand","embeddable":true,"href":"https:\/\/ladynemery.be\/nl\/wp-json\/wp\/v2\/product_brand?post=2682"},{"taxonomy":"product_cat","embeddable":true,"href":"https:\/\/ladynemery.be\/nl\/wp-json\/wp\/v2\/product_cat?post=2682"},{"taxonomy":"product_tag","embeddable":true,"href":"https:\/\/ladynemery.be\/nl\/wp-json\/wp\/v2\/product_tag?post=2682"}],"curies":[{"name":"wp","href":"https:\/\/api.w.org\/{rel}","templated":true}]}}