{"id":2683,"date":"2023-06-09T10:48:54","date_gmt":"2023-06-09T08:48:54","guid":{"rendered":"https:\/\/ladynemery.be\/index.php\/product\/gedachte-schilderij-op-doek-abstracte-kunst\/"},"modified":"2025-04-07T20:07:55","modified_gmt":"2025-04-07T18:07:55","slug":"pensee-schilderen-op-canvas-kunst-abstract","status":"publish","type":"product","link":"https:\/\/ladynemery.be\/nl\/product\/pensee-schilderen-op-canvas-kunst-abstract\/","title":{"rendered":"Pens\u00e9e &#8211; Schilderij op doek &#8211; Abstracte kunst"},"content":{"rendered":"<p>&#8220;Viooltje&#8221; is de vrucht van mijn recente artistieke verkenningstocht. Dit abstracte schilderij op doek haalt zijn inspiratie uit mijn jeugdherinneringen, die vooral werden gekenmerkt door een fascinatie voor viooltjes, die bloemen met hun opvallende contrasten. Ik begon dit werk te maken door me voor te stellen dat ik een fictieve wandeling maakte door een bloemenveld, waarbij ik mijn abstracte visie uitdrukte door het gebruik van een schildersmes en lineaire vormen.  <\/p>\n<p>Mauve tinten domineren het canvas, waardoor een rijk en boeiend kleurenpalet ontstaat. Het spel van kleuren en contrasten, geaccentueerd door vleugjes violet, geel en wit, geven het geheel een dynamische, levendige sfeer. <\/p>\n<p>Als je naar &#8216;Pens\u00e9e&#8217; kijkt, word je uitgenodigd om jezelf mee te nemen in een abstracte wereld waar vormen zich ontvouwen in vloeiende, lineaire lijnen. De contouren van de bloemen versmelten, versmelten en metamorfoseren, waardoor elke kijker wordt aangemoedigd om zijn eigen persoonlijke interpretatie van deze denkbeeldige ballade te maken. <\/p>\n<p>Het gebruik van het schildersmes was van cruciaal belang om een kenmerkende textuur op het doek te brengen en een indruk van beweging en spontaniteit te cre\u00ebren.<\/p>\n<p>&#8220;Viooltje&#8221; is nauw verbonden met een ander tweelingwerk dat ik<a href=\"https:\/\/ladynemery.be\/product\/blooming-peinture-sur-toile-art-abstrait\/\">&#8220;Bloeiend<\/a>&#8221; heb genoemd. Deze twee creaties delen een gemeenschappelijke inspiratiebron: bloemen en hun opmerkelijke contrasten. Samen cre\u00ebren ze een visuele harmonie van vorm, kleur en emotie.  <\/p>\n<p>Ik nodig je uit om je onder te dompelen in de wereld van &#8220;Pens\u00e9e&#8221; en je te laten meevoeren door deze abstracte interpretatie van een ballade in een bloemenveld. Ontdek de mauve tinten, het kleurenspel en de lineaire vormen die de vluchtige schoonheid van gedachten oproepen. Laat je fantasie de vrije loop en ontdek de emoties die dit unieke kunstwerk in je losmaakt.<\/p>\n","protected":false},"excerpt":{"rendered":"<p>Schilderij op doek &#8211; acryl &#8211; 30&#215;30 cm<\/p>\n","protected":false},"featured_media":6356,"comment_status":"closed","ping_status":"closed","template":"","meta":[],"product_brand":[],"product_cat":[122],"product_tag":[214,220,215,136,221,124],"class_list":{"0":"post-2683","1":"product","2":"type-product","3":"status-publish","4":"has-post-thumbnail","6":"product_cat-schilderij","7":"product_tag-abstracte-kunst","8":"product_tag-acryl","9":"product_tag-geel","10":"product_tag-kunst-on-canvas","11":"product_tag-violet-nl","12":"product_tag-wit","14":"first","15":"instock","16":"taxable","17":"shipping-taxable","18":"purchasable","19":"product-type-simple"},"yoast_head":"<!-- This site is optimized with the Yoast SEO plugin v26.9 - https:\/\/yoast.com\/product\/yoast-seo-wordpress\/ -->\n<title>Pens\u00e9e - Schilderij op doek - Abstracte kunst - Kunstgalerie<\/title>\n<meta name=\"description\" content=\"Trakteer jezelf op &quot;Pens\u00e9e&quot;, een abstract schilderij op canvas van de Brusselse kunstenares Laetitia Nemery. Maak je huis uniek!\" \/>\n<meta name=\"robots\" content=\"index, follow, max-snippet:-1, max-image-preview:large, max-video-preview:-1\" \/>\n<link rel=\"canonical\" href=\"https:\/\/ladynemery.be\/nl\/product\/pensee-schilderen-op-canvas-kunst-abstract\/\" \/>\n<meta property=\"og:locale\" content=\"nl_NL\" \/>\n<meta property=\"og:type\" content=\"article\" \/>\n<meta property=\"og:title\" content=\"Pens\u00e9e - Schilderij op doek - Abstracte kunst - Kunstgalerie\" \/>\n<meta property=\"og:description\" content=\"Trakteer jezelf op &quot;Pens\u00e9e&quot;, een abstract schilderij op canvas van de Brusselse kunstenares Laetitia Nemery. Maak je huis uniek!\" \/>\n<meta property=\"og:url\" content=\"https:\/\/ladynemery.be\/nl\/product\/pensee-schilderen-op-canvas-kunst-abstract\/\" \/>\n<meta property=\"og:site_name\" content=\"Laetitia Nemery - Galerie d\u2019art\" \/>\n<meta property=\"article:modified_time\" content=\"2025-04-07T18:07:55+00:00\" \/>\n<meta property=\"og:image\" content=\"https:\/\/ladynemery.be\/wp-content\/uploads\/2023\/06\/Pensee-Peinture-toile-art-abstrait.jpg\" \/>\n\t<meta property=\"og:image:width\" content=\"2000\" \/>\n\t<meta property=\"og:image:height\" content=\"2000\" \/>\n\t<meta property=\"og:image:type\" content=\"image\/jpeg\" \/>\n<meta name=\"twitter:card\" content=\"summary_large_image\" \/>\n<meta name=\"twitter:label1\" content=\"Geschatte leestijd\" \/>\n\t<meta name=\"twitter:data1\" content=\"1 minuut\" \/>\n<script type=\"application\/ld+json\" class=\"yoast-schema-graph\">{\"@context\":\"https:\/\/schema.org\",\"@graph\":[{\"@type\":\"WebPage\",\"@id\":\"https:\/\/ladynemery.be\/nl\/product\/pensee-schilderen-op-canvas-kunst-abstract\/\",\"url\":\"https:\/\/ladynemery.be\/nl\/product\/pensee-schilderen-op-canvas-kunst-abstract\/\",\"name\":\"Pens\u00e9e - Schilderij op doek - Abstracte kunst - Kunstgalerie\",\"isPartOf\":{\"@id\":\"https:\/\/ladynemery.be\/nl\/#website\"},\"primaryImageOfPage\":{\"@id\":\"https:\/\/ladynemery.be\/nl\/product\/pensee-schilderen-op-canvas-kunst-abstract\/#primaryimage\"},\"image\":{\"@id\":\"https:\/\/ladynemery.be\/nl\/product\/pensee-schilderen-op-canvas-kunst-abstract\/#primaryimage\"},\"thumbnailUrl\":\"https:\/\/ladynemery.be\/wp-content\/uploads\/2023\/06\/Pensee-Peinture-toile-art-abstrait.jpg\",\"datePublished\":\"2023-06-09T08:48:54+00:00\",\"dateModified\":\"2025-04-07T18:07:55+00:00\",\"description\":\"Trakteer jezelf op \\\"Pens\u00e9e\\\", een abstract schilderij op canvas van de Brusselse kunstenares Laetitia Nemery. Maak je huis uniek!\",\"breadcrumb\":{\"@id\":\"https:\/\/ladynemery.be\/nl\/product\/pensee-schilderen-op-canvas-kunst-abstract\/#breadcrumb\"},\"inLanguage\":\"nl-NL\",\"potentialAction\":[{\"@type\":\"ReadAction\",\"target\":[\"https:\/\/ladynemery.be\/nl\/product\/pensee-schilderen-op-canvas-kunst-abstract\/\"]}]},{\"@type\":\"ImageObject\",\"inLanguage\":\"nl-NL\",\"@id\":\"https:\/\/ladynemery.be\/nl\/product\/pensee-schilderen-op-canvas-kunst-abstract\/#primaryimage\",\"url\":\"https:\/\/ladynemery.be\/wp-content\/uploads\/2023\/06\/Pensee-Peinture-toile-art-abstrait.jpg\",\"contentUrl\":\"https:\/\/ladynemery.be\/wp-content\/uploads\/2023\/06\/Pensee-Peinture-toile-art-abstrait.jpg\",\"width\":2000,\"height\":2000,\"caption\":\"Pens\u00e9e - tableau d'une peinture abstraite r\u00e9alis\u00e9e par l'artiste peintre belge Laetitia Nemery. Peinture sur toile dans les tons mauve fort contrastes avec du blanc et jaune et effets de texture. Oeuvre de galerie d'art en ligne.\"},{\"@type\":\"BreadcrumbList\",\"@id\":\"https:\/\/ladynemery.be\/nl\/product\/pensee-schilderen-op-canvas-kunst-abstract\/#breadcrumb\",\"itemListElement\":[{\"@type\":\"ListItem\",\"position\":1,\"name\":\"Accueil\",\"item\":\"https:\/\/ladynemery.be\/nl\/home\/\"},{\"@type\":\"ListItem\",\"position\":2,\"name\":\"Galerij\",\"item\":\"https:\/\/ladynemery.be\/nl\/winkel\/\"},{\"@type\":\"ListItem\",\"position\":3,\"name\":\"Pens\u00e9e &#8211; Schilderij op doek &#8211; Abstracte kunst\"}]},{\"@type\":\"WebSite\",\"@id\":\"https:\/\/ladynemery.be\/nl\/#website\",\"url\":\"https:\/\/ladynemery.be\/nl\/\",\"name\":\"Laetitia Nemery - Galerie d\u2019art\",\"description\":\"\",\"publisher\":{\"@id\":\"https:\/\/ladynemery.be\/nl\/#\/schema\/person\/13a55c2dcd52fe1bec2a8e9e1f066e8a\"},\"potentialAction\":[{\"@type\":\"SearchAction\",\"target\":{\"@type\":\"EntryPoint\",\"urlTemplate\":\"https:\/\/ladynemery.be\/nl\/?s={search_term_string}\"},\"query-input\":{\"@type\":\"PropertyValueSpecification\",\"valueRequired\":true,\"valueName\":\"search_term_string\"}}],\"inLanguage\":\"nl-NL\"},{\"@type\":[\"Person\",\"Organization\"],\"@id\":\"https:\/\/ladynemery.be\/nl\/#\/schema\/person\/13a55c2dcd52fe1bec2a8e9e1f066e8a\",\"name\":\"Lady Nemery\",\"image\":{\"@type\":\"ImageObject\",\"inLanguage\":\"nl-NL\",\"@id\":\"https:\/\/ladynemery.be\/nl\/#\/schema\/person\/image\/\",\"url\":\"https:\/\/ladynemery.be\/wp-content\/uploads\/2023\/04\/64F68535-852E-4A70-B218-B405E6391D70.jpeg\",\"contentUrl\":\"https:\/\/ladynemery.be\/wp-content\/uploads\/2023\/04\/64F68535-852E-4A70-B218-B405E6391D70.jpeg\",\"width\":313,\"height\":313,\"caption\":\"Lady Nemery\"},\"logo\":{\"@id\":\"https:\/\/ladynemery.be\/nl\/#\/schema\/person\/image\/\"},\"sameAs\":[\"http:\/\/ladynemery.be\"]}]}<\/script>\n<!-- \/ Yoast SEO plugin. -->","yoast_head_json":{"title":"Pens\u00e9e - Schilderij op doek - Abstracte kunst - Kunstgalerie","description":"Trakteer jezelf op \"Pens\u00e9e\", een abstract schilderij op canvas van de Brusselse kunstenares Laetitia Nemery. Maak je huis uniek!","robots":{"index":"index","follow":"follow","max-snippet":"max-snippet:-1","max-image-preview":"max-image-preview:large","max-video-preview":"max-video-preview:-1"},"canonical":"https:\/\/ladynemery.be\/nl\/product\/pensee-schilderen-op-canvas-kunst-abstract\/","og_locale":"nl_NL","og_type":"article","og_title":"Pens\u00e9e - Schilderij op doek - Abstracte kunst - Kunstgalerie","og_description":"Trakteer jezelf op \"Pens\u00e9e\", een abstract schilderij op canvas van de Brusselse kunstenares Laetitia Nemery. Maak je huis uniek!","og_url":"https:\/\/ladynemery.be\/nl\/product\/pensee-schilderen-op-canvas-kunst-abstract\/","og_site_name":"Laetitia Nemery - Galerie d\u2019art","article_modified_time":"2025-04-07T18:07:55+00:00","og_image":[{"width":2000,"height":2000,"url":"https:\/\/ladynemery.be\/wp-content\/uploads\/2023\/06\/Pensee-Peinture-toile-art-abstrait.jpg","type":"image\/jpeg"}],"twitter_card":"summary_large_image","twitter_misc":{"Geschatte leestijd":"1 minuut"},"schema":{"@context":"https:\/\/schema.org","@graph":[{"@type":"WebPage","@id":"https:\/\/ladynemery.be\/nl\/product\/pensee-schilderen-op-canvas-kunst-abstract\/","url":"https:\/\/ladynemery.be\/nl\/product\/pensee-schilderen-op-canvas-kunst-abstract\/","name":"Pens\u00e9e - Schilderij op doek - Abstracte kunst - Kunstgalerie","isPartOf":{"@id":"https:\/\/ladynemery.be\/nl\/#website"},"primaryImageOfPage":{"@id":"https:\/\/ladynemery.be\/nl\/product\/pensee-schilderen-op-canvas-kunst-abstract\/#primaryimage"},"image":{"@id":"https:\/\/ladynemery.be\/nl\/product\/pensee-schilderen-op-canvas-kunst-abstract\/#primaryimage"},"thumbnailUrl":"https:\/\/ladynemery.be\/wp-content\/uploads\/2023\/06\/Pensee-Peinture-toile-art-abstrait.jpg","datePublished":"2023-06-09T08:48:54+00:00","dateModified":"2025-04-07T18:07:55+00:00","description":"Trakteer jezelf op \"Pens\u00e9e\", een abstract schilderij op canvas van de Brusselse kunstenares Laetitia Nemery. Maak je huis uniek!","breadcrumb":{"@id":"https:\/\/ladynemery.be\/nl\/product\/pensee-schilderen-op-canvas-kunst-abstract\/#breadcrumb"},"inLanguage":"nl-NL","potentialAction":[{"@type":"ReadAction","target":["https:\/\/ladynemery.be\/nl\/product\/pensee-schilderen-op-canvas-kunst-abstract\/"]}]},{"@type":"ImageObject","inLanguage":"nl-NL","@id":"https:\/\/ladynemery.be\/nl\/product\/pensee-schilderen-op-canvas-kunst-abstract\/#primaryimage","url":"https:\/\/ladynemery.be\/wp-content\/uploads\/2023\/06\/Pensee-Peinture-toile-art-abstrait.jpg","contentUrl":"https:\/\/ladynemery.be\/wp-content\/uploads\/2023\/06\/Pensee-Peinture-toile-art-abstrait.jpg","width":2000,"height":2000,"caption":"Pens\u00e9e - tableau d'une peinture abstraite r\u00e9alis\u00e9e par l'artiste peintre belge Laetitia Nemery. Peinture sur toile dans les tons mauve fort contrastes avec du blanc et jaune et effets de texture. Oeuvre de galerie d'art en ligne."},{"@type":"BreadcrumbList","@id":"https:\/\/ladynemery.be\/nl\/product\/pensee-schilderen-op-canvas-kunst-abstract\/#breadcrumb","itemListElement":[{"@type":"ListItem","position":1,"name":"Accueil","item":"https:\/\/ladynemery.be\/nl\/home\/"},{"@type":"ListItem","position":2,"name":"Galerij","item":"https:\/\/ladynemery.be\/nl\/winkel\/"},{"@type":"ListItem","position":3,"name":"Pens\u00e9e &#8211; Schilderij op doek &#8211; Abstracte kunst"}]},{"@type":"WebSite","@id":"https:\/\/ladynemery.be\/nl\/#website","url":"https:\/\/ladynemery.be\/nl\/","name":"Laetitia Nemery - Galerie d\u2019art","description":"","publisher":{"@id":"https:\/\/ladynemery.be\/nl\/#\/schema\/person\/13a55c2dcd52fe1bec2a8e9e1f066e8a"},"potentialAction":[{"@type":"SearchAction","target":{"@type":"EntryPoint","urlTemplate":"https:\/\/ladynemery.be\/nl\/?s={search_term_string}"},"query-input":{"@type":"PropertyValueSpecification","valueRequired":true,"valueName":"search_term_string"}}],"inLanguage":"nl-NL"},{"@type":["Person","Organization"],"@id":"https:\/\/ladynemery.be\/nl\/#\/schema\/person\/13a55c2dcd52fe1bec2a8e9e1f066e8a","name":"Lady Nemery","image":{"@type":"ImageObject","inLanguage":"nl-NL","@id":"https:\/\/ladynemery.be\/nl\/#\/schema\/person\/image\/","url":"https:\/\/ladynemery.be\/wp-content\/uploads\/2023\/04\/64F68535-852E-4A70-B218-B405E6391D70.jpeg","contentUrl":"https:\/\/ladynemery.be\/wp-content\/uploads\/2023\/04\/64F68535-852E-4A70-B218-B405E6391D70.jpeg","width":313,"height":313,"caption":"Lady Nemery"},"logo":{"@id":"https:\/\/ladynemery.be\/nl\/#\/schema\/person\/image\/"},"sameAs":["http:\/\/ladynemery.be"]}]}},"_links":{"self":[{"href":"https:\/\/ladynemery.be\/nl\/wp-json\/wp\/v2\/product\/2683","targetHints":{"allow":["GET"]}}],"collection":[{"href":"https:\/\/ladynemery.be\/nl\/wp-json\/wp\/v2\/product"}],"about":[{"href":"https:\/\/ladynemery.be\/nl\/wp-json\/wp\/v2\/types\/product"}],"replies":[{"embeddable":true,"href":"https:\/\/ladynemery.be\/nl\/wp-json\/wp\/v2\/comments?post=2683"}],"version-history":[{"count":5,"href":"https:\/\/ladynemery.be\/nl\/wp-json\/wp\/v2\/product\/2683\/revisions"}],"predecessor-version":[{"id":6626,"href":"https:\/\/ladynemery.be\/nl\/wp-json\/wp\/v2\/product\/2683\/revisions\/6626"}],"wp:featuredmedia":[{"embeddable":true,"href":"https:\/\/ladynemery.be\/nl\/wp-json\/wp\/v2\/media\/6356"}],"wp:attachment":[{"href":"https:\/\/ladynemery.be\/nl\/wp-json\/wp\/v2\/media?parent=2683"}],"wp:term":[{"taxonomy":"product_brand","embeddable":true,"href":"https:\/\/ladynemery.be\/nl\/wp-json\/wp\/v2\/product_brand?post=2683"},{"taxonomy":"product_cat","embeddable":true,"href":"https:\/\/ladynemery.be\/nl\/wp-json\/wp\/v2\/product_cat?post=2683"},{"taxonomy":"product_tag","embeddable":true,"href":"https:\/\/ladynemery.be\/nl\/wp-json\/wp\/v2\/product_tag?post=2683"}],"curies":[{"name":"wp","href":"https:\/\/api.w.org\/{rel}","templated":true}]}}