{"id":2720,"date":"2023-06-18T14:17:50","date_gmt":"2023-06-18T12:17:50","guid":{"rendered":"https:\/\/ladynemery.be\/index.php\/product\/mutisme-digitaal-schilderij-abstracte-kunst\/"},"modified":"2023-12-31T11:50:28","modified_gmt":"2023-12-31T10:50:28","slug":"mute-schilderij-digitale-kunst-abstract","status":"publish","type":"product","link":"https:\/\/ladynemery.be\/nl\/product\/mute-schilderij-digitale-kunst-abstract\/","title":{"rendered":"Mutisme &#8211; Digitaal schilderij &#8211; Abstracte kunst"},"content":{"rendered":"<p>&#8220;Mutism&#8221; is een abstract digitaal schilderij dat zich onderscheidt van de gebruikelijke werken. Deze keer wijken we af van pure abstractie om een meer figuratief aspect te ontdekken. Naast mijn interesse in abstracte kunst, ben ik gepassioneerd door tekenen, en meer specifiek, portretten. <\/p>\n<p> Het was in deze artistieke verkenning dat &#8220;Mutism&#8221; werd geboren, bijna per toeval. Oorspronkelijk was het gewoon een schets die zonder veel nadenken was gemaakt.<\/p>\n<p>Van het een kwam het ander en ik liet me meeslepen door inspiratie en het schilderij &#8216;Mutisme&#8217; was geboren. Dit werk draagt een diepgaande en universele boodschap met zich mee, waarvan de betekenis door verschillende mensen op verschillende manieren kan worden ge\u00efnterpreteerd.<\/p>\n<p>Stilte is een uitgebreid en persoonlijk concept. Het kan verwijzen naar dingen die niet worden gezegd, geheimen of zelfs een beperking van de vrijheid van meningsuiting. Want in de huidige maatschappij lijkt het soms moeilijk om te zeggen wat we voelen of denken. We worden allemaal geconfronteerd met deze situaties, op verschillende niveaus.<\/p>\n<p>In &#8220;Mutism&#8221; probeer ik deze complexiteit uit te drukken door middel van visuele representatie. Abstracte vormen vermengen zich met meer figuratieve elementen, waardoor een visuele spanning ontstaat die ons aanzet tot denken en voelen. <\/p>\n<p>Dit abstracte digitale schilderij biedt een ruimte voor reflectie waar iedereen zijn eigen interpretatie kan vinden, gebaseerd op zijn eigen ervaringen en emoties. Ze nodigt ons uit om de kracht van stiltes, onuitgesproken woorden en begraven emoties te onderzoeken.<\/p>\n<p>Mutisme&#8221; is een uitnodiging om het belang van communicatie en zelfexpressie te beseffen. Zonder voorbij te gaan aan de uitdagingen en complexiteiten die dit proces kunnen belemmeren. Het is een artistieke verkenning die ons herinnert aan het belang van luisteren, empathie en het vrijmaken van de woorden die in ons sluimeren.<\/p>\n","protected":false},"excerpt":{"rendered":"<p>Digitaal schilderen beschikbaar in verschillende media en formaten.<\/p>\n","protected":false},"featured_media":6344,"comment_status":"closed","ping_status":"closed","template":"","meta":[],"product_brand":[],"product_cat":[120],"product_tag":[214,126,128,134,130,218,213,132],"class_list":{"0":"post-2720","1":"product","2":"type-product","3":"status-publish","4":"has-post-thumbnail","6":"product_cat-digitale-schilderkunst","7":"product_tag-abstracte-kunst","8":"product_tag-blauw","9":"product_tag-bruin","10":"product_tag-digitale-kunst","11":"product_tag-figuratief","12":"product_tag-portret","13":"product_tag-rood","14":"product_tag-zwart","16":"first","17":"instock","18":"taxable","19":"shipping-taxable","20":"purchasable","21":"product-type-variable"},"yoast_head":"<!-- This site is optimized with the Yoast SEO plugin v26.9 - https:\/\/yoast.com\/product\/yoast-seo-wordpress\/ -->\n<title>Mutisme - Digitaal schilderij - Abstracte kunst - Kunstgalerie<\/title>\n<meta name=\"description\" content=\"Trakteer jezelf op een digitale print van &quot;Mutisme&quot;, een abstract werk van de Brusselse kunstenaar Laetitia Nemery. Maak je huis uniek!\" \/>\n<meta name=\"robots\" content=\"index, follow, max-snippet:-1, max-image-preview:large, max-video-preview:-1\" \/>\n<link rel=\"canonical\" href=\"https:\/\/ladynemery.be\/nl\/product\/mute-schilderij-digitale-kunst-abstract\/\" \/>\n<meta property=\"og:locale\" content=\"nl_NL\" \/>\n<meta property=\"og:type\" content=\"article\" \/>\n<meta property=\"og:title\" content=\"Mutisme - Digitaal schilderij - Abstracte kunst - Kunstgalerie\" \/>\n<meta property=\"og:description\" content=\"Trakteer jezelf op een digitale print van &quot;Mutisme&quot;, een abstract werk van de Brusselse kunstenaar Laetitia Nemery. Maak je huis uniek!\" \/>\n<meta property=\"og:url\" content=\"https:\/\/ladynemery.be\/nl\/product\/mute-schilderij-digitale-kunst-abstract\/\" \/>\n<meta property=\"og:site_name\" content=\"Laetitia Nemery - Galerie d\u2019art\" \/>\n<meta property=\"article:modified_time\" content=\"2023-12-31T10:50:28+00:00\" \/>\n<meta property=\"og:image\" content=\"https:\/\/ladynemery.be\/wp-content\/uploads\/2023\/09\/Mutisme_web.jpg\" \/>\n\t<meta property=\"og:image:width\" content=\"636\" \/>\n\t<meta property=\"og:image:height\" content=\"900\" \/>\n\t<meta property=\"og:image:type\" content=\"image\/jpeg\" \/>\n<meta name=\"twitter:card\" content=\"summary_large_image\" \/>\n<meta name=\"twitter:label1\" content=\"Geschatte leestijd\" \/>\n\t<meta name=\"twitter:data1\" content=\"1 minuut\" \/>\n<script type=\"application\/ld+json\" class=\"yoast-schema-graph\">{\"@context\":\"https:\/\/schema.org\",\"@graph\":[{\"@type\":\"WebPage\",\"@id\":\"https:\/\/ladynemery.be\/nl\/product\/mute-schilderij-digitale-kunst-abstract\/\",\"url\":\"https:\/\/ladynemery.be\/nl\/product\/mute-schilderij-digitale-kunst-abstract\/\",\"name\":\"Mutisme - Digitaal schilderij - Abstracte kunst - Kunstgalerie\",\"isPartOf\":{\"@id\":\"https:\/\/ladynemery.be\/nl\/#website\"},\"primaryImageOfPage\":{\"@id\":\"https:\/\/ladynemery.be\/nl\/product\/mute-schilderij-digitale-kunst-abstract\/#primaryimage\"},\"image\":{\"@id\":\"https:\/\/ladynemery.be\/nl\/product\/mute-schilderij-digitale-kunst-abstract\/#primaryimage\"},\"thumbnailUrl\":\"https:\/\/ladynemery.be\/wp-content\/uploads\/2023\/06\/Mutisme-Peinture-numerique-Art-abstrait-Peintre-belge.jpg\",\"datePublished\":\"2023-06-18T12:17:50+00:00\",\"dateModified\":\"2023-12-31T10:50:28+00:00\",\"description\":\"Trakteer jezelf op een digitale print van \\\"Mutisme\\\", een abstract werk van de Brusselse kunstenaar Laetitia Nemery. Maak je huis uniek!\",\"breadcrumb\":{\"@id\":\"https:\/\/ladynemery.be\/nl\/product\/mute-schilderij-digitale-kunst-abstract\/#breadcrumb\"},\"inLanguage\":\"nl-NL\",\"potentialAction\":[{\"@type\":\"ReadAction\",\"target\":[\"https:\/\/ladynemery.be\/nl\/product\/mute-schilderij-digitale-kunst-abstract\/\"]}]},{\"@type\":\"ImageObject\",\"inLanguage\":\"nl-NL\",\"@id\":\"https:\/\/ladynemery.be\/nl\/product\/mute-schilderij-digitale-kunst-abstract\/#primaryimage\",\"url\":\"https:\/\/ladynemery.be\/wp-content\/uploads\/2023\/06\/Mutisme-Peinture-numerique-Art-abstrait-Peintre-belge.jpg\",\"contentUrl\":\"https:\/\/ladynemery.be\/wp-content\/uploads\/2023\/06\/Mutisme-Peinture-numerique-Art-abstrait-Peintre-belge.jpg\",\"width\":2000,\"height\":2000,\"caption\":\"une peinture num\u00e9rique d\u2019art contemporain abstrait nomm\u00e9e Mutisme r\u00e9alis\u00e9e par l\u2019artiste peintre belge La\u00ebtitia Nemery. Toile dont le rouge et gris sont les tons dominants. Peinture portrait\"},{\"@type\":\"BreadcrumbList\",\"@id\":\"https:\/\/ladynemery.be\/nl\/product\/mute-schilderij-digitale-kunst-abstract\/#breadcrumb\",\"itemListElement\":[{\"@type\":\"ListItem\",\"position\":1,\"name\":\"Accueil\",\"item\":\"https:\/\/ladynemery.be\/nl\/home\/\"},{\"@type\":\"ListItem\",\"position\":2,\"name\":\"Galerij\",\"item\":\"https:\/\/ladynemery.be\/nl\/winkel\/\"},{\"@type\":\"ListItem\",\"position\":3,\"name\":\"Mutisme &#8211; Digitaal schilderij &#8211; Abstracte kunst\"}]},{\"@type\":\"WebSite\",\"@id\":\"https:\/\/ladynemery.be\/nl\/#website\",\"url\":\"https:\/\/ladynemery.be\/nl\/\",\"name\":\"Laetitia Nemery - Galerie d\u2019art\",\"description\":\"\",\"publisher\":{\"@id\":\"https:\/\/ladynemery.be\/nl\/#\/schema\/person\/13a55c2dcd52fe1bec2a8e9e1f066e8a\"},\"potentialAction\":[{\"@type\":\"SearchAction\",\"target\":{\"@type\":\"EntryPoint\",\"urlTemplate\":\"https:\/\/ladynemery.be\/nl\/?s={search_term_string}\"},\"query-input\":{\"@type\":\"PropertyValueSpecification\",\"valueRequired\":true,\"valueName\":\"search_term_string\"}}],\"inLanguage\":\"nl-NL\"},{\"@type\":[\"Person\",\"Organization\"],\"@id\":\"https:\/\/ladynemery.be\/nl\/#\/schema\/person\/13a55c2dcd52fe1bec2a8e9e1f066e8a\",\"name\":\"Lady Nemery\",\"image\":{\"@type\":\"ImageObject\",\"inLanguage\":\"nl-NL\",\"@id\":\"https:\/\/ladynemery.be\/nl\/#\/schema\/person\/image\/\",\"url\":\"https:\/\/ladynemery.be\/wp-content\/uploads\/2023\/04\/64F68535-852E-4A70-B218-B405E6391D70.jpeg\",\"contentUrl\":\"https:\/\/ladynemery.be\/wp-content\/uploads\/2023\/04\/64F68535-852E-4A70-B218-B405E6391D70.jpeg\",\"width\":313,\"height\":313,\"caption\":\"Lady Nemery\"},\"logo\":{\"@id\":\"https:\/\/ladynemery.be\/nl\/#\/schema\/person\/image\/\"},\"sameAs\":[\"http:\/\/ladynemery.be\"]}]}<\/script>\n<!-- \/ Yoast SEO plugin. -->","yoast_head_json":{"title":"Mutisme - Digitaal schilderij - Abstracte kunst - Kunstgalerie","description":"Trakteer jezelf op een digitale print van \"Mutisme\", een abstract werk van de Brusselse kunstenaar Laetitia Nemery. Maak je huis uniek!","robots":{"index":"index","follow":"follow","max-snippet":"max-snippet:-1","max-image-preview":"max-image-preview:large","max-video-preview":"max-video-preview:-1"},"canonical":"https:\/\/ladynemery.be\/nl\/product\/mute-schilderij-digitale-kunst-abstract\/","og_locale":"nl_NL","og_type":"article","og_title":"Mutisme - Digitaal schilderij - Abstracte kunst - Kunstgalerie","og_description":"Trakteer jezelf op een digitale print van \"Mutisme\", een abstract werk van de Brusselse kunstenaar Laetitia Nemery. Maak je huis uniek!","og_url":"https:\/\/ladynemery.be\/nl\/product\/mute-schilderij-digitale-kunst-abstract\/","og_site_name":"Laetitia Nemery - Galerie d\u2019art","article_modified_time":"2023-12-31T10:50:28+00:00","og_image":[{"width":636,"height":900,"url":"https:\/\/ladynemery.be\/wp-content\/uploads\/2023\/09\/Mutisme_web.jpg","type":"image\/jpeg"}],"twitter_card":"summary_large_image","twitter_misc":{"Geschatte leestijd":"1 minuut"},"schema":{"@context":"https:\/\/schema.org","@graph":[{"@type":"WebPage","@id":"https:\/\/ladynemery.be\/nl\/product\/mute-schilderij-digitale-kunst-abstract\/","url":"https:\/\/ladynemery.be\/nl\/product\/mute-schilderij-digitale-kunst-abstract\/","name":"Mutisme - Digitaal schilderij - Abstracte kunst - Kunstgalerie","isPartOf":{"@id":"https:\/\/ladynemery.be\/nl\/#website"},"primaryImageOfPage":{"@id":"https:\/\/ladynemery.be\/nl\/product\/mute-schilderij-digitale-kunst-abstract\/#primaryimage"},"image":{"@id":"https:\/\/ladynemery.be\/nl\/product\/mute-schilderij-digitale-kunst-abstract\/#primaryimage"},"thumbnailUrl":"https:\/\/ladynemery.be\/wp-content\/uploads\/2023\/06\/Mutisme-Peinture-numerique-Art-abstrait-Peintre-belge.jpg","datePublished":"2023-06-18T12:17:50+00:00","dateModified":"2023-12-31T10:50:28+00:00","description":"Trakteer jezelf op een digitale print van \"Mutisme\", een abstract werk van de Brusselse kunstenaar Laetitia Nemery. Maak je huis uniek!","breadcrumb":{"@id":"https:\/\/ladynemery.be\/nl\/product\/mute-schilderij-digitale-kunst-abstract\/#breadcrumb"},"inLanguage":"nl-NL","potentialAction":[{"@type":"ReadAction","target":["https:\/\/ladynemery.be\/nl\/product\/mute-schilderij-digitale-kunst-abstract\/"]}]},{"@type":"ImageObject","inLanguage":"nl-NL","@id":"https:\/\/ladynemery.be\/nl\/product\/mute-schilderij-digitale-kunst-abstract\/#primaryimage","url":"https:\/\/ladynemery.be\/wp-content\/uploads\/2023\/06\/Mutisme-Peinture-numerique-Art-abstrait-Peintre-belge.jpg","contentUrl":"https:\/\/ladynemery.be\/wp-content\/uploads\/2023\/06\/Mutisme-Peinture-numerique-Art-abstrait-Peintre-belge.jpg","width":2000,"height":2000,"caption":"une peinture num\u00e9rique d\u2019art contemporain abstrait nomm\u00e9e Mutisme r\u00e9alis\u00e9e par l\u2019artiste peintre belge La\u00ebtitia Nemery. Toile dont le rouge et gris sont les tons dominants. Peinture portrait"},{"@type":"BreadcrumbList","@id":"https:\/\/ladynemery.be\/nl\/product\/mute-schilderij-digitale-kunst-abstract\/#breadcrumb","itemListElement":[{"@type":"ListItem","position":1,"name":"Accueil","item":"https:\/\/ladynemery.be\/nl\/home\/"},{"@type":"ListItem","position":2,"name":"Galerij","item":"https:\/\/ladynemery.be\/nl\/winkel\/"},{"@type":"ListItem","position":3,"name":"Mutisme &#8211; Digitaal schilderij &#8211; Abstracte kunst"}]},{"@type":"WebSite","@id":"https:\/\/ladynemery.be\/nl\/#website","url":"https:\/\/ladynemery.be\/nl\/","name":"Laetitia Nemery - Galerie d\u2019art","description":"","publisher":{"@id":"https:\/\/ladynemery.be\/nl\/#\/schema\/person\/13a55c2dcd52fe1bec2a8e9e1f066e8a"},"potentialAction":[{"@type":"SearchAction","target":{"@type":"EntryPoint","urlTemplate":"https:\/\/ladynemery.be\/nl\/?s={search_term_string}"},"query-input":{"@type":"PropertyValueSpecification","valueRequired":true,"valueName":"search_term_string"}}],"inLanguage":"nl-NL"},{"@type":["Person","Organization"],"@id":"https:\/\/ladynemery.be\/nl\/#\/schema\/person\/13a55c2dcd52fe1bec2a8e9e1f066e8a","name":"Lady Nemery","image":{"@type":"ImageObject","inLanguage":"nl-NL","@id":"https:\/\/ladynemery.be\/nl\/#\/schema\/person\/image\/","url":"https:\/\/ladynemery.be\/wp-content\/uploads\/2023\/04\/64F68535-852E-4A70-B218-B405E6391D70.jpeg","contentUrl":"https:\/\/ladynemery.be\/wp-content\/uploads\/2023\/04\/64F68535-852E-4A70-B218-B405E6391D70.jpeg","width":313,"height":313,"caption":"Lady Nemery"},"logo":{"@id":"https:\/\/ladynemery.be\/nl\/#\/schema\/person\/image\/"},"sameAs":["http:\/\/ladynemery.be"]}]}},"_links":{"self":[{"href":"https:\/\/ladynemery.be\/nl\/wp-json\/wp\/v2\/product\/2720","targetHints":{"allow":["GET"]}}],"collection":[{"href":"https:\/\/ladynemery.be\/nl\/wp-json\/wp\/v2\/product"}],"about":[{"href":"https:\/\/ladynemery.be\/nl\/wp-json\/wp\/v2\/types\/product"}],"replies":[{"embeddable":true,"href":"https:\/\/ladynemery.be\/nl\/wp-json\/wp\/v2\/comments?post=2720"}],"version-history":[{"count":4,"href":"https:\/\/ladynemery.be\/nl\/wp-json\/wp\/v2\/product\/2720\/revisions"}],"predecessor-version":[{"id":4901,"href":"https:\/\/ladynemery.be\/nl\/wp-json\/wp\/v2\/product\/2720\/revisions\/4901"}],"wp:featuredmedia":[{"embeddable":true,"href":"https:\/\/ladynemery.be\/nl\/wp-json\/wp\/v2\/media\/6344"}],"wp:attachment":[{"href":"https:\/\/ladynemery.be\/nl\/wp-json\/wp\/v2\/media?parent=2720"}],"wp:term":[{"taxonomy":"product_brand","embeddable":true,"href":"https:\/\/ladynemery.be\/nl\/wp-json\/wp\/v2\/product_brand?post=2720"},{"taxonomy":"product_cat","embeddable":true,"href":"https:\/\/ladynemery.be\/nl\/wp-json\/wp\/v2\/product_cat?post=2720"},{"taxonomy":"product_tag","embeddable":true,"href":"https:\/\/ladynemery.be\/nl\/wp-json\/wp\/v2\/product_tag?post=2720"}],"curies":[{"name":"wp","href":"https:\/\/api.w.org\/{rel}","templated":true}]}}