{"id":3261,"date":"2023-05-09T13:44:01","date_gmt":"2023-05-09T11:44:01","guid":{"rendered":"https:\/\/ladynemery.be\/index.php\/product\/blitz-digitaal-schilderij-abstracte-kunst\/"},"modified":"2025-04-07T20:13:40","modified_gmt":"2025-04-07T18:13:40","slug":"blitz-schilderen-digitale-kunst-abstract","status":"publish","type":"product","link":"https:\/\/ladynemery.be\/nl\/product\/blitz-schilderen-digitale-kunst-abstract\/","title":{"rendered":"Blitz &#8211; Digitaal schilderij &#8211; Abstracte kunst"},"content":{"rendered":"<p>&#8220;Blitz&#8221; is mijn nieuwste digitale creatie en volgt op mijn vorige werk &#8220;<a href=\"https:\/\/ladynemery.be\/product\/blizzard-peinture-numerique-art-abstrait\/\">Blizzard<\/a>&#8220;. Ik verken opnieuw het thema van de wakende droom dat me zo fascineert. Mijn doel is om mijn unieke visie te delen van twee realiteiten die harmonieus samensmelten op het doek, waardoor er een delicate grens ontstaat tussen droom en werkelijkheid. <\/p>\n<p>Het palet in &#8216;Blitz&#8217; wordt gedomineerd door blauwtinten, waardoor een spookachtige, droomachtige wereld ontstaat. Op de achtergrond duiken vreemde en raadselachtige vormen op, die een vleugje mysterie aan het geheel toevoegen. Een raadselachtige rode mist hangt over de sc\u00e8ne en cre\u00ebert opvallende en fascinerende contrasten.  <\/p>\n<p>Met deze creatie probeer ik de unieke sensaties en emoties vast te leggen die horen bij dagdromen. De abstracte vormen en kleuren nodigen de kijker uit om zich onder te dompelen in een wereld waar werkelijkheid en verbeelding samensmelten. Het resultaat is een intrigerende en meeslepende visuele ervaring.  <\/p>\n<p>De subtiele overgangen tussen de verschillende realiteiten voegen extra diepte en intensiteit toe aan het werk. Het blauw, dat onmetelijkheid en rust symboliseert, mengt zich harmonieus met de rode mist en voegt een vleugje spanning en mystiek toe. <\/p>\n<p>Voor mij vertegenwoordigt &#8220;Blitz&#8221; een gedurfde artistieke verkenning. Een uitnodiging om onze perceptie van realiteit en verbeelding in vraag te stellen. Dit digitale schilderij biedt een reis naar de wereld van abstracte kunst en dagdromen. Waar grenzen vervagen en de verbeelding de vrije loop heeft. Het cre\u00ebert een unieke visuele en emotionele ervaring.    <\/p>\n","protected":false},"excerpt":{"rendered":"<p>Digitaal schilderen beschikbaar in verschillende media en formaten.<\/p>\n","protected":false},"featured_media":6317,"comment_status":"closed","ping_status":"closed","template":"","meta":[],"product_brand":[],"product_cat":[120],"product_tag":[214,126,134,215,213],"class_list":{"0":"post-3261","1":"product","2":"type-product","3":"status-publish","4":"has-post-thumbnail","6":"product_cat-digitale-schilderkunst","7":"product_tag-abstracte-kunst","8":"product_tag-blauw","9":"product_tag-digitale-kunst","10":"product_tag-geel","11":"product_tag-rood","13":"first","14":"instock","15":"taxable","16":"shipping-taxable","17":"purchasable","18":"product-type-variable"},"yoast_head":"<!-- This site is optimized with the Yoast SEO plugin v26.9 - https:\/\/yoast.com\/product\/yoast-seo-wordpress\/ -->\n<title>Blitz - Digitaal schilderij - Abstracte kunst - Kunstgalerie<\/title>\n<meta name=\"description\" content=\"Trakteer jezelf op een digitale afdruk van &quot;Blitz&quot;, een abstract werk van de Brusselse kunstenaar Laetitia Nemery. Maak je huis uniek!\" \/>\n<meta name=\"robots\" content=\"index, follow, max-snippet:-1, max-image-preview:large, max-video-preview:-1\" \/>\n<link rel=\"canonical\" href=\"https:\/\/ladynemery.be\/nl\/product\/blitz-schilderen-digitale-kunst-abstract\/\" \/>\n<meta property=\"og:locale\" content=\"nl_NL\" \/>\n<meta property=\"og:type\" content=\"article\" \/>\n<meta property=\"og:title\" content=\"Blitz - Digitaal schilderij - Abstracte kunst - Kunstgalerie\" \/>\n<meta property=\"og:description\" content=\"Trakteer jezelf op een digitale afdruk van &quot;Blitz&quot;, een abstract werk van de Brusselse kunstenaar Laetitia Nemery. Maak je huis uniek!\" \/>\n<meta property=\"og:url\" content=\"https:\/\/ladynemery.be\/nl\/product\/blitz-schilderen-digitale-kunst-abstract\/\" \/>\n<meta property=\"og:site_name\" content=\"Laetitia Nemery - Galerie d\u2019art\" \/>\n<meta property=\"article:modified_time\" content=\"2025-04-07T18:13:40+00:00\" \/>\n<meta property=\"og:image\" content=\"https:\/\/ladynemery.be\/wp-content\/uploads\/2023\/05\/Blitz-Peinture-numerique-Art-abstrait-Peintrebelge-1.jpg\" \/>\n\t<meta property=\"og:image:width\" content=\"2000\" \/>\n\t<meta property=\"og:image:height\" content=\"2000\" \/>\n\t<meta property=\"og:image:type\" content=\"image\/jpeg\" \/>\n<meta name=\"twitter:card\" content=\"summary_large_image\" \/>\n<meta name=\"twitter:label1\" content=\"Geschatte leestijd\" \/>\n\t<meta name=\"twitter:data1\" content=\"1 minuut\" \/>\n<script type=\"application\/ld+json\" class=\"yoast-schema-graph\">{\"@context\":\"https:\/\/schema.org\",\"@graph\":[{\"@type\":\"WebPage\",\"@id\":\"https:\/\/ladynemery.be\/nl\/product\/blitz-schilderen-digitale-kunst-abstract\/\",\"url\":\"https:\/\/ladynemery.be\/nl\/product\/blitz-schilderen-digitale-kunst-abstract\/\",\"name\":\"Blitz - Digitaal schilderij - Abstracte kunst - Kunstgalerie\",\"isPartOf\":{\"@id\":\"https:\/\/ladynemery.be\/nl\/#website\"},\"primaryImageOfPage\":{\"@id\":\"https:\/\/ladynemery.be\/nl\/product\/blitz-schilderen-digitale-kunst-abstract\/#primaryimage\"},\"image\":{\"@id\":\"https:\/\/ladynemery.be\/nl\/product\/blitz-schilderen-digitale-kunst-abstract\/#primaryimage\"},\"thumbnailUrl\":\"https:\/\/ladynemery.be\/wp-content\/uploads\/2023\/05\/Blitz-Peinture-numerique-Art-abstrait-Peintrebelge-1.jpg\",\"datePublished\":\"2023-05-09T11:44:01+00:00\",\"dateModified\":\"2025-04-07T18:13:40+00:00\",\"description\":\"Trakteer jezelf op een digitale afdruk van \\\"Blitz\\\", een abstract werk van de Brusselse kunstenaar Laetitia Nemery. Maak je huis uniek!\",\"breadcrumb\":{\"@id\":\"https:\/\/ladynemery.be\/nl\/product\/blitz-schilderen-digitale-kunst-abstract\/#breadcrumb\"},\"inLanguage\":\"nl-NL\",\"potentialAction\":[{\"@type\":\"ReadAction\",\"target\":[\"https:\/\/ladynemery.be\/nl\/product\/blitz-schilderen-digitale-kunst-abstract\/\"]}]},{\"@type\":\"ImageObject\",\"inLanguage\":\"nl-NL\",\"@id\":\"https:\/\/ladynemery.be\/nl\/product\/blitz-schilderen-digitale-kunst-abstract\/#primaryimage\",\"url\":\"https:\/\/ladynemery.be\/wp-content\/uploads\/2023\/05\/Blitz-Peinture-numerique-Art-abstrait-Peintrebelge-1.jpg\",\"contentUrl\":\"https:\/\/ladynemery.be\/wp-content\/uploads\/2023\/05\/Blitz-Peinture-numerique-Art-abstrait-Peintrebelge-1.jpg\",\"width\":2000,\"height\":2000,\"caption\":\"peinture num\u00e9rique d\u2019art contemporain abstrait nomm\u00e9e Blitz r\u00e9alis\u00e9e par l\u2019artiste peintre belge La\u00ebtitia Nemery. Toile dont le bleu est le ton dominant travers\u00e9e par un brouillard de jaune et rouge contrastant l\u2019\u0153uvre.\"},{\"@type\":\"BreadcrumbList\",\"@id\":\"https:\/\/ladynemery.be\/nl\/product\/blitz-schilderen-digitale-kunst-abstract\/#breadcrumb\",\"itemListElement\":[{\"@type\":\"ListItem\",\"position\":1,\"name\":\"Accueil\",\"item\":\"https:\/\/ladynemery.be\/nl\/home\/\"},{\"@type\":\"ListItem\",\"position\":2,\"name\":\"Galerij\",\"item\":\"https:\/\/ladynemery.be\/nl\/winkel\/\"},{\"@type\":\"ListItem\",\"position\":3,\"name\":\"Blitz &#8211; Digitaal schilderij &#8211; Abstracte kunst\"}]},{\"@type\":\"WebSite\",\"@id\":\"https:\/\/ladynemery.be\/nl\/#website\",\"url\":\"https:\/\/ladynemery.be\/nl\/\",\"name\":\"Laetitia Nemery - Galerie d\u2019art\",\"description\":\"\",\"publisher\":{\"@id\":\"https:\/\/ladynemery.be\/nl\/#\/schema\/person\/13a55c2dcd52fe1bec2a8e9e1f066e8a\"},\"potentialAction\":[{\"@type\":\"SearchAction\",\"target\":{\"@type\":\"EntryPoint\",\"urlTemplate\":\"https:\/\/ladynemery.be\/nl\/?s={search_term_string}\"},\"query-input\":{\"@type\":\"PropertyValueSpecification\",\"valueRequired\":true,\"valueName\":\"search_term_string\"}}],\"inLanguage\":\"nl-NL\"},{\"@type\":[\"Person\",\"Organization\"],\"@id\":\"https:\/\/ladynemery.be\/nl\/#\/schema\/person\/13a55c2dcd52fe1bec2a8e9e1f066e8a\",\"name\":\"Lady Nemery\",\"image\":{\"@type\":\"ImageObject\",\"inLanguage\":\"nl-NL\",\"@id\":\"https:\/\/ladynemery.be\/nl\/#\/schema\/person\/image\/\",\"url\":\"https:\/\/ladynemery.be\/wp-content\/uploads\/2023\/04\/64F68535-852E-4A70-B218-B405E6391D70.jpeg\",\"contentUrl\":\"https:\/\/ladynemery.be\/wp-content\/uploads\/2023\/04\/64F68535-852E-4A70-B218-B405E6391D70.jpeg\",\"width\":313,\"height\":313,\"caption\":\"Lady Nemery\"},\"logo\":{\"@id\":\"https:\/\/ladynemery.be\/nl\/#\/schema\/person\/image\/\"},\"sameAs\":[\"http:\/\/ladynemery.be\"]}]}<\/script>\n<!-- \/ Yoast SEO plugin. -->","yoast_head_json":{"title":"Blitz - Digitaal schilderij - Abstracte kunst - Kunstgalerie","description":"Trakteer jezelf op een digitale afdruk van \"Blitz\", een abstract werk van de Brusselse kunstenaar Laetitia Nemery. Maak je huis uniek!","robots":{"index":"index","follow":"follow","max-snippet":"max-snippet:-1","max-image-preview":"max-image-preview:large","max-video-preview":"max-video-preview:-1"},"canonical":"https:\/\/ladynemery.be\/nl\/product\/blitz-schilderen-digitale-kunst-abstract\/","og_locale":"nl_NL","og_type":"article","og_title":"Blitz - Digitaal schilderij - Abstracte kunst - Kunstgalerie","og_description":"Trakteer jezelf op een digitale afdruk van \"Blitz\", een abstract werk van de Brusselse kunstenaar Laetitia Nemery. Maak je huis uniek!","og_url":"https:\/\/ladynemery.be\/nl\/product\/blitz-schilderen-digitale-kunst-abstract\/","og_site_name":"Laetitia Nemery - Galerie d\u2019art","article_modified_time":"2025-04-07T18:13:40+00:00","og_image":[{"width":2000,"height":2000,"url":"https:\/\/ladynemery.be\/wp-content\/uploads\/2023\/05\/Blitz-Peinture-numerique-Art-abstrait-Peintrebelge-1.jpg","type":"image\/jpeg"}],"twitter_card":"summary_large_image","twitter_misc":{"Geschatte leestijd":"1 minuut"},"schema":{"@context":"https:\/\/schema.org","@graph":[{"@type":"WebPage","@id":"https:\/\/ladynemery.be\/nl\/product\/blitz-schilderen-digitale-kunst-abstract\/","url":"https:\/\/ladynemery.be\/nl\/product\/blitz-schilderen-digitale-kunst-abstract\/","name":"Blitz - Digitaal schilderij - Abstracte kunst - Kunstgalerie","isPartOf":{"@id":"https:\/\/ladynemery.be\/nl\/#website"},"primaryImageOfPage":{"@id":"https:\/\/ladynemery.be\/nl\/product\/blitz-schilderen-digitale-kunst-abstract\/#primaryimage"},"image":{"@id":"https:\/\/ladynemery.be\/nl\/product\/blitz-schilderen-digitale-kunst-abstract\/#primaryimage"},"thumbnailUrl":"https:\/\/ladynemery.be\/wp-content\/uploads\/2023\/05\/Blitz-Peinture-numerique-Art-abstrait-Peintrebelge-1.jpg","datePublished":"2023-05-09T11:44:01+00:00","dateModified":"2025-04-07T18:13:40+00:00","description":"Trakteer jezelf op een digitale afdruk van \"Blitz\", een abstract werk van de Brusselse kunstenaar Laetitia Nemery. Maak je huis uniek!","breadcrumb":{"@id":"https:\/\/ladynemery.be\/nl\/product\/blitz-schilderen-digitale-kunst-abstract\/#breadcrumb"},"inLanguage":"nl-NL","potentialAction":[{"@type":"ReadAction","target":["https:\/\/ladynemery.be\/nl\/product\/blitz-schilderen-digitale-kunst-abstract\/"]}]},{"@type":"ImageObject","inLanguage":"nl-NL","@id":"https:\/\/ladynemery.be\/nl\/product\/blitz-schilderen-digitale-kunst-abstract\/#primaryimage","url":"https:\/\/ladynemery.be\/wp-content\/uploads\/2023\/05\/Blitz-Peinture-numerique-Art-abstrait-Peintrebelge-1.jpg","contentUrl":"https:\/\/ladynemery.be\/wp-content\/uploads\/2023\/05\/Blitz-Peinture-numerique-Art-abstrait-Peintrebelge-1.jpg","width":2000,"height":2000,"caption":"peinture num\u00e9rique d\u2019art contemporain abstrait nomm\u00e9e Blitz r\u00e9alis\u00e9e par l\u2019artiste peintre belge La\u00ebtitia Nemery. Toile dont le bleu est le ton dominant travers\u00e9e par un brouillard de jaune et rouge contrastant l\u2019\u0153uvre."},{"@type":"BreadcrumbList","@id":"https:\/\/ladynemery.be\/nl\/product\/blitz-schilderen-digitale-kunst-abstract\/#breadcrumb","itemListElement":[{"@type":"ListItem","position":1,"name":"Accueil","item":"https:\/\/ladynemery.be\/nl\/home\/"},{"@type":"ListItem","position":2,"name":"Galerij","item":"https:\/\/ladynemery.be\/nl\/winkel\/"},{"@type":"ListItem","position":3,"name":"Blitz &#8211; Digitaal schilderij &#8211; Abstracte kunst"}]},{"@type":"WebSite","@id":"https:\/\/ladynemery.be\/nl\/#website","url":"https:\/\/ladynemery.be\/nl\/","name":"Laetitia Nemery - Galerie d\u2019art","description":"","publisher":{"@id":"https:\/\/ladynemery.be\/nl\/#\/schema\/person\/13a55c2dcd52fe1bec2a8e9e1f066e8a"},"potentialAction":[{"@type":"SearchAction","target":{"@type":"EntryPoint","urlTemplate":"https:\/\/ladynemery.be\/nl\/?s={search_term_string}"},"query-input":{"@type":"PropertyValueSpecification","valueRequired":true,"valueName":"search_term_string"}}],"inLanguage":"nl-NL"},{"@type":["Person","Organization"],"@id":"https:\/\/ladynemery.be\/nl\/#\/schema\/person\/13a55c2dcd52fe1bec2a8e9e1f066e8a","name":"Lady Nemery","image":{"@type":"ImageObject","inLanguage":"nl-NL","@id":"https:\/\/ladynemery.be\/nl\/#\/schema\/person\/image\/","url":"https:\/\/ladynemery.be\/wp-content\/uploads\/2023\/04\/64F68535-852E-4A70-B218-B405E6391D70.jpeg","contentUrl":"https:\/\/ladynemery.be\/wp-content\/uploads\/2023\/04\/64F68535-852E-4A70-B218-B405E6391D70.jpeg","width":313,"height":313,"caption":"Lady Nemery"},"logo":{"@id":"https:\/\/ladynemery.be\/nl\/#\/schema\/person\/image\/"},"sameAs":["http:\/\/ladynemery.be"]}]}},"_links":{"self":[{"href":"https:\/\/ladynemery.be\/nl\/wp-json\/wp\/v2\/product\/3261","targetHints":{"allow":["GET"]}}],"collection":[{"href":"https:\/\/ladynemery.be\/nl\/wp-json\/wp\/v2\/product"}],"about":[{"href":"https:\/\/ladynemery.be\/nl\/wp-json\/wp\/v2\/types\/product"}],"replies":[{"embeddable":true,"href":"https:\/\/ladynemery.be\/nl\/wp-json\/wp\/v2\/comments?post=3261"}],"version-history":[{"count":4,"href":"https:\/\/ladynemery.be\/nl\/wp-json\/wp\/v2\/product\/3261\/revisions"}],"predecessor-version":[{"id":6634,"href":"https:\/\/ladynemery.be\/nl\/wp-json\/wp\/v2\/product\/3261\/revisions\/6634"}],"wp:featuredmedia":[{"embeddable":true,"href":"https:\/\/ladynemery.be\/nl\/wp-json\/wp\/v2\/media\/6317"}],"wp:attachment":[{"href":"https:\/\/ladynemery.be\/nl\/wp-json\/wp\/v2\/media?parent=3261"}],"wp:term":[{"taxonomy":"product_brand","embeddable":true,"href":"https:\/\/ladynemery.be\/nl\/wp-json\/wp\/v2\/product_brand?post=3261"},{"taxonomy":"product_cat","embeddable":true,"href":"https:\/\/ladynemery.be\/nl\/wp-json\/wp\/v2\/product_cat?post=3261"},{"taxonomy":"product_tag","embeddable":true,"href":"https:\/\/ladynemery.be\/nl\/wp-json\/wp\/v2\/product_tag?post=3261"}],"curies":[{"name":"wp","href":"https:\/\/api.w.org\/{rel}","templated":true}]}}