{"id":3354,"date":"2023-06-18T14:15:45","date_gmt":"2023-06-18T12:15:45","guid":{"rendered":"https:\/\/ladynemery.be\/index.php\/product\/bos-digitaal-schilderij-abstracte-kunst\/"},"modified":"2024-01-06T09:04:35","modified_gmt":"2024-01-06T08:04:35","slug":"boor-digitale-kunst-abstract","status":"publish","type":"product","link":"https:\/\/ladynemery.be\/nl\/product\/boor-digitale-kunst-abstract\/","title":{"rendered":"For\u00eat &#8211; Digitaal schilderij &#8211; Abstracte kunst"},"content":{"rendered":"<p>Het abstracte digitale schilderij &#8216;For\u00eat&#8217; roept een raadselachtige, bijna mystieke aura op en onthult een fascinerende diepte.<\/p>\n<p>Op de achtergrond is een mysterieus bos in bruin- en blauwtinten te zien, dat een intrigerende sfeer cre\u00ebert. Vreemde vormen strekken zich uit en overlappen elkaar, met opvallende contrasten in gele en oranje tinten. Op de voorgrond, ten slotte, versterkt een vreemde mist, als een witte sluier, de indruk van mysterie en fantasie.<\/p>\n<p>Dit werk maakt deel uit van <a href=\"https:\/\/ladynemery.be\/le-reve-eveille\/\">mijn serie dagdromen<\/a>, waarin twee werkelijkheden samensmelten en het moeilijk wordt om het echte van het onechte te onderscheiden. Je wordt uitgenodigd om dit schilderij naar eigen inzicht te interpreteren en je af te vragen of het een droom is of een alternatieve realiteit.<\/p>\n<p>Iedereen die over &#8216;Forest&#8217; nadenkt, kan zijn eigen betekenis vinden in deze samensmelting van werelden. Het is een introspectieve reis waarbij de grenzen tussen werkelijkheid en fantasie vervagen en er ruimte ontstaat voor een veelheid aan interpretaties.<\/p>\n<p>De raadselachtige aard van dit abstracte digitale schilderij nodigt ons uit om de diepten van ons bewustzijn te verkennen en onze eigen waarnemingen in vraag te stellen. Ze herinnert ons eraan dat dromen een bron van inspiratie en verkenning kunnen zijn, waardoor we de grenzen van onze dagelijkse realiteit kunnen overstijgen.<\/p>\n<p>Uiteindelijk nodigt &#8216;Forest&#8217; ons uit om de magie van dromen te omarmen en de complexiteit van werelden die samenkomen te waarderen, en biedt ons een ontsnapping naar het onbekende en onontdekte.<\/p>\n","protected":false},"excerpt":{"rendered":"<p>Digitaal schilderen beschikbaar in verschillende media en formaten.<\/p>\n","protected":false},"featured_media":6347,"comment_status":"closed","ping_status":"closed","template":"","meta":[],"product_brand":[],"product_cat":[120],"product_tag":[214,226,126,128,134,215,217,124,132],"class_list":{"0":"post-3354","1":"product","2":"type-product","3":"status-publish","4":"has-post-thumbnail","6":"product_cat-digitale-schilderkunst","7":"product_tag-abstracte-kunst","8":"product_tag-beige-nl","9":"product_tag-blauw","10":"product_tag-bruin","11":"product_tag-digitale-kunst","12":"product_tag-geel","13":"product_tag-oranje","14":"product_tag-wit","15":"product_tag-zwart","17":"first","18":"instock","19":"taxable","20":"shipping-taxable","21":"purchasable","22":"product-type-variable"},"yoast_head":"<!-- This site is optimized with the Yoast SEO plugin v26.9 - https:\/\/yoast.com\/product\/yoast-seo-wordpress\/ -->\n<title>For\u00eat - Digitaal schilderij - Abstracte kunst - Kunstgalerie<\/title>\n<meta name=\"description\" content=\"Trakteer jezelf op een digitale print van &quot;For\u00eat&quot;, een abstract werk van de Brusselse kunstenaar Laetitia Nemery. Maak je huis uniek!\" \/>\n<meta name=\"robots\" content=\"index, follow, max-snippet:-1, max-image-preview:large, max-video-preview:-1\" \/>\n<link rel=\"canonical\" href=\"https:\/\/ladynemery.be\/nl\/product\/boor-digitale-kunst-abstract\/\" \/>\n<meta property=\"og:locale\" content=\"nl_NL\" \/>\n<meta property=\"og:type\" content=\"article\" \/>\n<meta property=\"og:title\" content=\"For\u00eat - Digitaal schilderij - Abstracte kunst - Kunstgalerie\" \/>\n<meta property=\"og:description\" content=\"Trakteer jezelf op een digitale print van &quot;For\u00eat&quot;, een abstract werk van de Brusselse kunstenaar Laetitia Nemery. Maak je huis uniek!\" \/>\n<meta property=\"og:url\" content=\"https:\/\/ladynemery.be\/nl\/product\/boor-digitale-kunst-abstract\/\" \/>\n<meta property=\"og:site_name\" content=\"Laetitia Nemery - Galerie d\u2019art\" \/>\n<meta property=\"article:modified_time\" content=\"2024-01-06T08:04:35+00:00\" \/>\n<meta property=\"og:image\" content=\"https:\/\/ladynemery.be\/wp-content\/uploads\/2023\/06\/Dream_Forest_web.jpg\" \/>\n\t<meta property=\"og:image:width\" content=\"1000\" \/>\n\t<meta property=\"og:image:height\" content=\"778\" \/>\n\t<meta property=\"og:image:type\" content=\"image\/jpeg\" \/>\n<meta name=\"twitter:card\" content=\"summary_large_image\" \/>\n<meta name=\"twitter:label1\" content=\"Geschatte leestijd\" \/>\n\t<meta name=\"twitter:data1\" content=\"1 minuut\" \/>\n<script type=\"application\/ld+json\" class=\"yoast-schema-graph\">{\"@context\":\"https:\/\/schema.org\",\"@graph\":[{\"@type\":\"WebPage\",\"@id\":\"https:\/\/ladynemery.be\/nl\/product\/boor-digitale-kunst-abstract\/\",\"url\":\"https:\/\/ladynemery.be\/nl\/product\/boor-digitale-kunst-abstract\/\",\"name\":\"For\u00eat - Digitaal schilderij - Abstracte kunst - Kunstgalerie\",\"isPartOf\":{\"@id\":\"https:\/\/ladynemery.be\/nl\/#website\"},\"primaryImageOfPage\":{\"@id\":\"https:\/\/ladynemery.be\/nl\/product\/boor-digitale-kunst-abstract\/#primaryimage\"},\"image\":{\"@id\":\"https:\/\/ladynemery.be\/nl\/product\/boor-digitale-kunst-abstract\/#primaryimage\"},\"thumbnailUrl\":\"https:\/\/ladynemery.be\/wp-content\/uploads\/2023\/06\/Foret-Peinture-numerique-Art-abstrait-Peintre-belge.jpg\",\"datePublished\":\"2023-06-18T12:15:45+00:00\",\"dateModified\":\"2024-01-06T08:04:35+00:00\",\"description\":\"Trakteer jezelf op een digitale print van \\\"For\u00eat\\\", een abstract werk van de Brusselse kunstenaar Laetitia Nemery. Maak je huis uniek!\",\"breadcrumb\":{\"@id\":\"https:\/\/ladynemery.be\/nl\/product\/boor-digitale-kunst-abstract\/#breadcrumb\"},\"inLanguage\":\"nl-NL\",\"potentialAction\":[{\"@type\":\"ReadAction\",\"target\":[\"https:\/\/ladynemery.be\/nl\/product\/boor-digitale-kunst-abstract\/\"]}]},{\"@type\":\"ImageObject\",\"inLanguage\":\"nl-NL\",\"@id\":\"https:\/\/ladynemery.be\/nl\/product\/boor-digitale-kunst-abstract\/#primaryimage\",\"url\":\"https:\/\/ladynemery.be\/wp-content\/uploads\/2023\/06\/Foret-Peinture-numerique-Art-abstrait-Peintre-belge.jpg\",\"contentUrl\":\"https:\/\/ladynemery.be\/wp-content\/uploads\/2023\/06\/Foret-Peinture-numerique-Art-abstrait-Peintre-belge.jpg\",\"width\":2000,\"height\":2000,\"caption\":\"peinture num\u00e9rique d\u2019art contemporain abstrait nomm\u00e9e For\u00eat r\u00e9alis\u00e9e par l\u2019artiste peintre belge La\u00ebtitia Nemery. Toile dont le bleu est le ton dominant ainsi que du jaune et du gris contrastant l\u2019\u0153uvre.\"},{\"@type\":\"BreadcrumbList\",\"@id\":\"https:\/\/ladynemery.be\/nl\/product\/boor-digitale-kunst-abstract\/#breadcrumb\",\"itemListElement\":[{\"@type\":\"ListItem\",\"position\":1,\"name\":\"Accueil\",\"item\":\"https:\/\/ladynemery.be\/nl\/home\/\"},{\"@type\":\"ListItem\",\"position\":2,\"name\":\"Galerij\",\"item\":\"https:\/\/ladynemery.be\/nl\/winkel\/\"},{\"@type\":\"ListItem\",\"position\":3,\"name\":\"For\u00eat &#8211; Digitaal schilderij &#8211; Abstracte kunst\"}]},{\"@type\":\"WebSite\",\"@id\":\"https:\/\/ladynemery.be\/nl\/#website\",\"url\":\"https:\/\/ladynemery.be\/nl\/\",\"name\":\"Laetitia Nemery - Galerie d\u2019art\",\"description\":\"\",\"publisher\":{\"@id\":\"https:\/\/ladynemery.be\/nl\/#\/schema\/person\/13a55c2dcd52fe1bec2a8e9e1f066e8a\"},\"potentialAction\":[{\"@type\":\"SearchAction\",\"target\":{\"@type\":\"EntryPoint\",\"urlTemplate\":\"https:\/\/ladynemery.be\/nl\/?s={search_term_string}\"},\"query-input\":{\"@type\":\"PropertyValueSpecification\",\"valueRequired\":true,\"valueName\":\"search_term_string\"}}],\"inLanguage\":\"nl-NL\"},{\"@type\":[\"Person\",\"Organization\"],\"@id\":\"https:\/\/ladynemery.be\/nl\/#\/schema\/person\/13a55c2dcd52fe1bec2a8e9e1f066e8a\",\"name\":\"Lady Nemery\",\"image\":{\"@type\":\"ImageObject\",\"inLanguage\":\"nl-NL\",\"@id\":\"https:\/\/ladynemery.be\/nl\/#\/schema\/person\/image\/\",\"url\":\"https:\/\/ladynemery.be\/wp-content\/uploads\/2023\/04\/64F68535-852E-4A70-B218-B405E6391D70.jpeg\",\"contentUrl\":\"https:\/\/ladynemery.be\/wp-content\/uploads\/2023\/04\/64F68535-852E-4A70-B218-B405E6391D70.jpeg\",\"width\":313,\"height\":313,\"caption\":\"Lady Nemery\"},\"logo\":{\"@id\":\"https:\/\/ladynemery.be\/nl\/#\/schema\/person\/image\/\"},\"sameAs\":[\"http:\/\/ladynemery.be\"]}]}<\/script>\n<!-- \/ Yoast SEO plugin. -->","yoast_head_json":{"title":"For\u00eat - Digitaal schilderij - Abstracte kunst - Kunstgalerie","description":"Trakteer jezelf op een digitale print van \"For\u00eat\", een abstract werk van de Brusselse kunstenaar Laetitia Nemery. Maak je huis uniek!","robots":{"index":"index","follow":"follow","max-snippet":"max-snippet:-1","max-image-preview":"max-image-preview:large","max-video-preview":"max-video-preview:-1"},"canonical":"https:\/\/ladynemery.be\/nl\/product\/boor-digitale-kunst-abstract\/","og_locale":"nl_NL","og_type":"article","og_title":"For\u00eat - Digitaal schilderij - Abstracte kunst - Kunstgalerie","og_description":"Trakteer jezelf op een digitale print van \"For\u00eat\", een abstract werk van de Brusselse kunstenaar Laetitia Nemery. Maak je huis uniek!","og_url":"https:\/\/ladynemery.be\/nl\/product\/boor-digitale-kunst-abstract\/","og_site_name":"Laetitia Nemery - Galerie d\u2019art","article_modified_time":"2024-01-06T08:04:35+00:00","og_image":[{"width":1000,"height":778,"url":"https:\/\/ladynemery.be\/wp-content\/uploads\/2023\/06\/Dream_Forest_web.jpg","type":"image\/jpeg"}],"twitter_card":"summary_large_image","twitter_misc":{"Geschatte leestijd":"1 minuut"},"schema":{"@context":"https:\/\/schema.org","@graph":[{"@type":"WebPage","@id":"https:\/\/ladynemery.be\/nl\/product\/boor-digitale-kunst-abstract\/","url":"https:\/\/ladynemery.be\/nl\/product\/boor-digitale-kunst-abstract\/","name":"For\u00eat - Digitaal schilderij - Abstracte kunst - Kunstgalerie","isPartOf":{"@id":"https:\/\/ladynemery.be\/nl\/#website"},"primaryImageOfPage":{"@id":"https:\/\/ladynemery.be\/nl\/product\/boor-digitale-kunst-abstract\/#primaryimage"},"image":{"@id":"https:\/\/ladynemery.be\/nl\/product\/boor-digitale-kunst-abstract\/#primaryimage"},"thumbnailUrl":"https:\/\/ladynemery.be\/wp-content\/uploads\/2023\/06\/Foret-Peinture-numerique-Art-abstrait-Peintre-belge.jpg","datePublished":"2023-06-18T12:15:45+00:00","dateModified":"2024-01-06T08:04:35+00:00","description":"Trakteer jezelf op een digitale print van \"For\u00eat\", een abstract werk van de Brusselse kunstenaar Laetitia Nemery. Maak je huis uniek!","breadcrumb":{"@id":"https:\/\/ladynemery.be\/nl\/product\/boor-digitale-kunst-abstract\/#breadcrumb"},"inLanguage":"nl-NL","potentialAction":[{"@type":"ReadAction","target":["https:\/\/ladynemery.be\/nl\/product\/boor-digitale-kunst-abstract\/"]}]},{"@type":"ImageObject","inLanguage":"nl-NL","@id":"https:\/\/ladynemery.be\/nl\/product\/boor-digitale-kunst-abstract\/#primaryimage","url":"https:\/\/ladynemery.be\/wp-content\/uploads\/2023\/06\/Foret-Peinture-numerique-Art-abstrait-Peintre-belge.jpg","contentUrl":"https:\/\/ladynemery.be\/wp-content\/uploads\/2023\/06\/Foret-Peinture-numerique-Art-abstrait-Peintre-belge.jpg","width":2000,"height":2000,"caption":"peinture num\u00e9rique d\u2019art contemporain abstrait nomm\u00e9e For\u00eat r\u00e9alis\u00e9e par l\u2019artiste peintre belge La\u00ebtitia Nemery. Toile dont le bleu est le ton dominant ainsi que du jaune et du gris contrastant l\u2019\u0153uvre."},{"@type":"BreadcrumbList","@id":"https:\/\/ladynemery.be\/nl\/product\/boor-digitale-kunst-abstract\/#breadcrumb","itemListElement":[{"@type":"ListItem","position":1,"name":"Accueil","item":"https:\/\/ladynemery.be\/nl\/home\/"},{"@type":"ListItem","position":2,"name":"Galerij","item":"https:\/\/ladynemery.be\/nl\/winkel\/"},{"@type":"ListItem","position":3,"name":"For\u00eat &#8211; Digitaal schilderij &#8211; Abstracte kunst"}]},{"@type":"WebSite","@id":"https:\/\/ladynemery.be\/nl\/#website","url":"https:\/\/ladynemery.be\/nl\/","name":"Laetitia Nemery - Galerie d\u2019art","description":"","publisher":{"@id":"https:\/\/ladynemery.be\/nl\/#\/schema\/person\/13a55c2dcd52fe1bec2a8e9e1f066e8a"},"potentialAction":[{"@type":"SearchAction","target":{"@type":"EntryPoint","urlTemplate":"https:\/\/ladynemery.be\/nl\/?s={search_term_string}"},"query-input":{"@type":"PropertyValueSpecification","valueRequired":true,"valueName":"search_term_string"}}],"inLanguage":"nl-NL"},{"@type":["Person","Organization"],"@id":"https:\/\/ladynemery.be\/nl\/#\/schema\/person\/13a55c2dcd52fe1bec2a8e9e1f066e8a","name":"Lady Nemery","image":{"@type":"ImageObject","inLanguage":"nl-NL","@id":"https:\/\/ladynemery.be\/nl\/#\/schema\/person\/image\/","url":"https:\/\/ladynemery.be\/wp-content\/uploads\/2023\/04\/64F68535-852E-4A70-B218-B405E6391D70.jpeg","contentUrl":"https:\/\/ladynemery.be\/wp-content\/uploads\/2023\/04\/64F68535-852E-4A70-B218-B405E6391D70.jpeg","width":313,"height":313,"caption":"Lady Nemery"},"logo":{"@id":"https:\/\/ladynemery.be\/nl\/#\/schema\/person\/image\/"},"sameAs":["http:\/\/ladynemery.be"]}]}},"_links":{"self":[{"href":"https:\/\/ladynemery.be\/nl\/wp-json\/wp\/v2\/product\/3354","targetHints":{"allow":["GET"]}}],"collection":[{"href":"https:\/\/ladynemery.be\/nl\/wp-json\/wp\/v2\/product"}],"about":[{"href":"https:\/\/ladynemery.be\/nl\/wp-json\/wp\/v2\/types\/product"}],"replies":[{"embeddable":true,"href":"https:\/\/ladynemery.be\/nl\/wp-json\/wp\/v2\/comments?post=3354"}],"version-history":[{"count":3,"href":"https:\/\/ladynemery.be\/nl\/wp-json\/wp\/v2\/product\/3354\/revisions"}],"predecessor-version":[{"id":5525,"href":"https:\/\/ladynemery.be\/nl\/wp-json\/wp\/v2\/product\/3354\/revisions\/5525"}],"wp:featuredmedia":[{"embeddable":true,"href":"https:\/\/ladynemery.be\/nl\/wp-json\/wp\/v2\/media\/6347"}],"wp:attachment":[{"href":"https:\/\/ladynemery.be\/nl\/wp-json\/wp\/v2\/media?parent=3354"}],"wp:term":[{"taxonomy":"product_brand","embeddable":true,"href":"https:\/\/ladynemery.be\/nl\/wp-json\/wp\/v2\/product_brand?post=3354"},{"taxonomy":"product_cat","embeddable":true,"href":"https:\/\/ladynemery.be\/nl\/wp-json\/wp\/v2\/product_cat?post=3354"},{"taxonomy":"product_tag","embeddable":true,"href":"https:\/\/ladynemery.be\/nl\/wp-json\/wp\/v2\/product_tag?post=3354"}],"curies":[{"name":"wp","href":"https:\/\/api.w.org\/{rel}","templated":true}]}}