{"id":4685,"date":"2023-12-16T11:31:53","date_gmt":"2023-12-16T10:31:53","guid":{"rendered":"https:\/\/ladynemery.be\/product\/chimeras-2-schilderij-op-doek-abstracte-kunst\/"},"modified":"2023-12-16T11:31:53","modified_gmt":"2023-12-16T10:31:53","slug":"chimeras-2-schilderij-op-doek-abstracte-kunst","status":"publish","type":"product","link":"https:\/\/ladynemery.be\/nl\/product\/chimeras-2-schilderij-op-doek-abstracte-kunst\/","title":{"rendered":"Chimeras 2 &#8211; Schilderij op doek &#8211; Abstracte kunst"},"content":{"rendered":"<p class=\"cvGsUA direction-ltr align-justify para-style-body\"><span class=\"OYPEnA text-decoration-none text-strikethrough-none\">Van kinds af aan heb ik me, zoals veel kunstenaars, vaak ondergedompeld in een wereld van dagdromen. Soms buitensporig veel. Of het nu gaat om nachtelijke dromen, dagdromen of de tumultueuze gedachten die door mijn hoofd blijven razen. Het kan moeilijk zijn om volledig verankerd te blijven in het huidige moment.   <\/span><\/p>\n<p class=\"cvGsUA direction-ltr align-justify para-style-body\"><span class=\"OYPEnA text-decoration-none text-strikethrough-none\">Tijdens mijn reizen werd ik getroffen door deze neiging om te dagdromen. Ik bevond me op plaatsen waar ik me weinig van herinner en mijn gedachten dwaalden af tussen een veelheid aan scenario&#8217;s, gedachten en onophoudelijke idee\u00ebn. <\/span><\/p>\n<p class=\"cvGsUA direction-ltr align-justify para-style-body\"><span class=\"OYPEnA text-decoration-none text-strikethrough-none\">Het is precies dit fenomeen dat ik onderzoek in mijn collectie getiteld &#8220;Chimeras&#8221;. Hierin probeer ik deze wirwar van idee\u00ebn, gedachten en dromen weer te geven die overvloeien in de werkelijkheid en een fantastisch universum cre\u00ebren. Gedachten vermengen zich, waardoor duizend andere idee\u00ebn ontstaan.  <\/span><\/p>\n<p class=\"cvGsUA direction-ltr align-justify para-style-body\"><span class=\"OYPEnA text-decoration-none text-strikethrough-none\">Om deze complexiteit te illustreren, gebruik ik natuurlijk mos. Dat symboliseert de neuronale verbindingen die zich in onze hersenen vormen. <\/span><\/p>\n<p class=\"cvGsUA direction-ltr align-justify para-style-body\"><span class=\"OYPEnA text-decoration-none text-strikethrough-none\">Binnen een dicht, complex netwerk symboliseren felle kleuren zenuwimpulsen. De minuscule elektrische signalen die zorgen voor de communicatie tussen elk neuron. Al deze informatie en idee\u00ebn stromen en nemen hun plaats in door de compositie. Zo ontstaat een fusie tussen de droomwereld en de tastbare werkelijkheid.   <\/span><\/p>\n","protected":false},"excerpt":{"rendered":"<p>Schilderij op doek &#8211; acryl &amp; collage &#8211; 40&#215;40 cm<\/p>\n","protected":false},"featured_media":4675,"comment_status":"closed","ping_status":"closed","template":"","meta":[],"product_brand":[],"product_cat":[122],"product_tag":[308,214,126,307,136,306],"class_list":{"0":"post-4685","1":"product","2":"type-product","3":"status-publish","4":"has-post-thumbnail","6":"product_cat-schilderij","7":"product_tag-3d-nl","8":"product_tag-abstracte-kunst","9":"product_tag-blauw","10":"product_tag-fluo-nl","11":"product_tag-kunst-on-canvas","12":"product_tag-rose-nl","14":"first","15":"outofstock","16":"taxable","17":"shipping-taxable","18":"purchasable","19":"product-type-simple"},"yoast_head":"<!-- This site is optimized with the Yoast SEO plugin v26.9 - https:\/\/yoast.com\/product\/yoast-seo-wordpress\/ -->\n<title>Chimeras 2 - Schilderij op doek - Abstracte kunst - Laetitia Nemery - Galerie d\u2019art<\/title>\n<meta name=\"description\" content=\"Schilderij op doek - acryl &amp; pastel - 50x50 cm. Bied jezelf &quot;Chim\u00e8res 2&quot; aan, een abstract schilderij op doek van de Brusselse kunstenares Laetitia Nemery. Maak je huis uniek!\" \/>\n<meta name=\"robots\" content=\"index, follow, max-snippet:-1, max-image-preview:large, max-video-preview:-1\" \/>\n<link rel=\"canonical\" href=\"https:\/\/ladynemery.be\/nl\/product\/chimeras-2-schilderij-op-doek-abstracte-kunst\/\" \/>\n<meta property=\"og:locale\" content=\"nl_NL\" \/>\n<meta property=\"og:type\" content=\"article\" \/>\n<meta property=\"og:title\" content=\"Chimeras 2 - Schilderij op doek - Abstracte kunst - Laetitia Nemery - Galerie d\u2019art\" \/>\n<meta property=\"og:description\" content=\"Schilderij op doek - acryl &amp; pastel - 50x50 cm. Bied jezelf &quot;Chim\u00e8res 2&quot; aan, een abstract schilderij op doek van de Brusselse kunstenares Laetitia Nemery. Maak je huis uniek!\" \/>\n<meta property=\"og:url\" content=\"https:\/\/ladynemery.be\/nl\/product\/chimeras-2-schilderij-op-doek-abstracte-kunst\/\" \/>\n<meta property=\"og:site_name\" content=\"Laetitia Nemery - Galerie d\u2019art\" \/>\n<meta property=\"og:image\" content=\"https:\/\/ladynemery.be\/wp-content\/uploads\/2023\/12\/Chimere2-peinturesurtoile-artabstrait-1024x1024.png\" \/>\n\t<meta property=\"og:image:width\" content=\"1024\" \/>\n\t<meta property=\"og:image:height\" content=\"1024\" \/>\n\t<meta property=\"og:image:type\" content=\"image\/png\" \/>\n<meta name=\"twitter:card\" content=\"summary_large_image\" \/>\n<meta name=\"twitter:label1\" content=\"Geschatte leestijd\" \/>\n\t<meta name=\"twitter:data1\" content=\"1 minuut\" \/>\n<script type=\"application\/ld+json\" class=\"yoast-schema-graph\">{\"@context\":\"https:\/\/schema.org\",\"@graph\":[{\"@type\":\"WebPage\",\"@id\":\"https:\/\/ladynemery.be\/nl\/product\/chimeras-2-schilderij-op-doek-abstracte-kunst\/\",\"url\":\"https:\/\/ladynemery.be\/nl\/product\/chimeras-2-schilderij-op-doek-abstracte-kunst\/\",\"name\":\"Chimeras 2 - Schilderij op doek - Abstracte kunst - Laetitia Nemery - Galerie d\u2019art\",\"isPartOf\":{\"@id\":\"https:\/\/ladynemery.be\/nl\/#website\"},\"primaryImageOfPage\":{\"@id\":\"https:\/\/ladynemery.be\/nl\/product\/chimeras-2-schilderij-op-doek-abstracte-kunst\/#primaryimage\"},\"image\":{\"@id\":\"https:\/\/ladynemery.be\/nl\/product\/chimeras-2-schilderij-op-doek-abstracte-kunst\/#primaryimage\"},\"thumbnailUrl\":\"https:\/\/ladynemery.be\/wp-content\/uploads\/2023\/12\/Chimere2-peinturesurtoile-artabstrait.png\",\"datePublished\":\"2023-12-16T10:31:53+00:00\",\"description\":\"Schilderij op doek - acryl & pastel - 50x50 cm. Bied jezelf \\\"Chim\u00e8res 2\\\" aan, een abstract schilderij op doek van de Brusselse kunstenares Laetitia Nemery. Maak je huis uniek!\",\"breadcrumb\":{\"@id\":\"https:\/\/ladynemery.be\/nl\/product\/chimeras-2-schilderij-op-doek-abstracte-kunst\/#breadcrumb\"},\"inLanguage\":\"nl-NL\",\"potentialAction\":[{\"@type\":\"ReadAction\",\"target\":[\"https:\/\/ladynemery.be\/nl\/product\/chimeras-2-schilderij-op-doek-abstracte-kunst\/\"]}]},{\"@type\":\"ImageObject\",\"inLanguage\":\"nl-NL\",\"@id\":\"https:\/\/ladynemery.be\/nl\/product\/chimeras-2-schilderij-op-doek-abstracte-kunst\/#primaryimage\",\"url\":\"https:\/\/ladynemery.be\/wp-content\/uploads\/2023\/12\/Chimere2-peinturesurtoile-artabstrait.png\",\"contentUrl\":\"https:\/\/ladynemery.be\/wp-content\/uploads\/2023\/12\/Chimere2-peinturesurtoile-artabstrait.png\",\"width\":1080,\"height\":1080,\"caption\":\"Peinture sur toile artiste peintre belge Chim\u00e8res oeuvre dans les tons n\u00e9on rose fluo et bleu, beaucoup de reliefs - 3D art abstrait contemporain\"},{\"@type\":\"BreadcrumbList\",\"@id\":\"https:\/\/ladynemery.be\/nl\/product\/chimeras-2-schilderij-op-doek-abstracte-kunst\/#breadcrumb\",\"itemListElement\":[{\"@type\":\"ListItem\",\"position\":1,\"name\":\"Accueil\",\"item\":\"https:\/\/ladynemery.be\/nl\/home\/\"},{\"@type\":\"ListItem\",\"position\":2,\"name\":\"Galerij\",\"item\":\"https:\/\/ladynemery.be\/nl\/winkel\/\"},{\"@type\":\"ListItem\",\"position\":3,\"name\":\"Chimeras 2 &#8211; Schilderij op doek &#8211; Abstracte kunst\"}]},{\"@type\":\"WebSite\",\"@id\":\"https:\/\/ladynemery.be\/nl\/#website\",\"url\":\"https:\/\/ladynemery.be\/nl\/\",\"name\":\"Laetitia Nemery - Galerie d\u2019art\",\"description\":\"\",\"publisher\":{\"@id\":\"https:\/\/ladynemery.be\/nl\/#\/schema\/person\/13a55c2dcd52fe1bec2a8e9e1f066e8a\"},\"potentialAction\":[{\"@type\":\"SearchAction\",\"target\":{\"@type\":\"EntryPoint\",\"urlTemplate\":\"https:\/\/ladynemery.be\/nl\/?s={search_term_string}\"},\"query-input\":{\"@type\":\"PropertyValueSpecification\",\"valueRequired\":true,\"valueName\":\"search_term_string\"}}],\"inLanguage\":\"nl-NL\"},{\"@type\":[\"Person\",\"Organization\"],\"@id\":\"https:\/\/ladynemery.be\/nl\/#\/schema\/person\/13a55c2dcd52fe1bec2a8e9e1f066e8a\",\"name\":\"Lady Nemery\",\"image\":{\"@type\":\"ImageObject\",\"inLanguage\":\"nl-NL\",\"@id\":\"https:\/\/ladynemery.be\/nl\/#\/schema\/person\/image\/\",\"url\":\"https:\/\/ladynemery.be\/wp-content\/uploads\/2023\/04\/64F68535-852E-4A70-B218-B405E6391D70.jpeg\",\"contentUrl\":\"https:\/\/ladynemery.be\/wp-content\/uploads\/2023\/04\/64F68535-852E-4A70-B218-B405E6391D70.jpeg\",\"width\":313,\"height\":313,\"caption\":\"Lady Nemery\"},\"logo\":{\"@id\":\"https:\/\/ladynemery.be\/nl\/#\/schema\/person\/image\/\"},\"sameAs\":[\"http:\/\/ladynemery.be\"]}]}<\/script>\n<!-- \/ Yoast SEO plugin. -->","yoast_head_json":{"title":"Chimeras 2 - Schilderij op doek - Abstracte kunst - Laetitia Nemery - Galerie d\u2019art","description":"Schilderij op doek - acryl & pastel - 50x50 cm. Bied jezelf \"Chim\u00e8res 2\" aan, een abstract schilderij op doek van de Brusselse kunstenares Laetitia Nemery. Maak je huis uniek!","robots":{"index":"index","follow":"follow","max-snippet":"max-snippet:-1","max-image-preview":"max-image-preview:large","max-video-preview":"max-video-preview:-1"},"canonical":"https:\/\/ladynemery.be\/nl\/product\/chimeras-2-schilderij-op-doek-abstracte-kunst\/","og_locale":"nl_NL","og_type":"article","og_title":"Chimeras 2 - Schilderij op doek - Abstracte kunst - Laetitia Nemery - Galerie d\u2019art","og_description":"Schilderij op doek - acryl & pastel - 50x50 cm. Bied jezelf \"Chim\u00e8res 2\" aan, een abstract schilderij op doek van de Brusselse kunstenares Laetitia Nemery. Maak je huis uniek!","og_url":"https:\/\/ladynemery.be\/nl\/product\/chimeras-2-schilderij-op-doek-abstracte-kunst\/","og_site_name":"Laetitia Nemery - Galerie d\u2019art","og_image":[{"width":1024,"height":1024,"url":"https:\/\/ladynemery.be\/wp-content\/uploads\/2023\/12\/Chimere2-peinturesurtoile-artabstrait-1024x1024.png","type":"image\/png"}],"twitter_card":"summary_large_image","twitter_misc":{"Geschatte leestijd":"1 minuut"},"schema":{"@context":"https:\/\/schema.org","@graph":[{"@type":"WebPage","@id":"https:\/\/ladynemery.be\/nl\/product\/chimeras-2-schilderij-op-doek-abstracte-kunst\/","url":"https:\/\/ladynemery.be\/nl\/product\/chimeras-2-schilderij-op-doek-abstracte-kunst\/","name":"Chimeras 2 - Schilderij op doek - Abstracte kunst - Laetitia Nemery - Galerie d\u2019art","isPartOf":{"@id":"https:\/\/ladynemery.be\/nl\/#website"},"primaryImageOfPage":{"@id":"https:\/\/ladynemery.be\/nl\/product\/chimeras-2-schilderij-op-doek-abstracte-kunst\/#primaryimage"},"image":{"@id":"https:\/\/ladynemery.be\/nl\/product\/chimeras-2-schilderij-op-doek-abstracte-kunst\/#primaryimage"},"thumbnailUrl":"https:\/\/ladynemery.be\/wp-content\/uploads\/2023\/12\/Chimere2-peinturesurtoile-artabstrait.png","datePublished":"2023-12-16T10:31:53+00:00","description":"Schilderij op doek - acryl & pastel - 50x50 cm. Bied jezelf \"Chim\u00e8res 2\" aan, een abstract schilderij op doek van de Brusselse kunstenares Laetitia Nemery. Maak je huis uniek!","breadcrumb":{"@id":"https:\/\/ladynemery.be\/nl\/product\/chimeras-2-schilderij-op-doek-abstracte-kunst\/#breadcrumb"},"inLanguage":"nl-NL","potentialAction":[{"@type":"ReadAction","target":["https:\/\/ladynemery.be\/nl\/product\/chimeras-2-schilderij-op-doek-abstracte-kunst\/"]}]},{"@type":"ImageObject","inLanguage":"nl-NL","@id":"https:\/\/ladynemery.be\/nl\/product\/chimeras-2-schilderij-op-doek-abstracte-kunst\/#primaryimage","url":"https:\/\/ladynemery.be\/wp-content\/uploads\/2023\/12\/Chimere2-peinturesurtoile-artabstrait.png","contentUrl":"https:\/\/ladynemery.be\/wp-content\/uploads\/2023\/12\/Chimere2-peinturesurtoile-artabstrait.png","width":1080,"height":1080,"caption":"Peinture sur toile artiste peintre belge Chim\u00e8res oeuvre dans les tons n\u00e9on rose fluo et bleu, beaucoup de reliefs - 3D art abstrait contemporain"},{"@type":"BreadcrumbList","@id":"https:\/\/ladynemery.be\/nl\/product\/chimeras-2-schilderij-op-doek-abstracte-kunst\/#breadcrumb","itemListElement":[{"@type":"ListItem","position":1,"name":"Accueil","item":"https:\/\/ladynemery.be\/nl\/home\/"},{"@type":"ListItem","position":2,"name":"Galerij","item":"https:\/\/ladynemery.be\/nl\/winkel\/"},{"@type":"ListItem","position":3,"name":"Chimeras 2 &#8211; Schilderij op doek &#8211; Abstracte kunst"}]},{"@type":"WebSite","@id":"https:\/\/ladynemery.be\/nl\/#website","url":"https:\/\/ladynemery.be\/nl\/","name":"Laetitia Nemery - Galerie d\u2019art","description":"","publisher":{"@id":"https:\/\/ladynemery.be\/nl\/#\/schema\/person\/13a55c2dcd52fe1bec2a8e9e1f066e8a"},"potentialAction":[{"@type":"SearchAction","target":{"@type":"EntryPoint","urlTemplate":"https:\/\/ladynemery.be\/nl\/?s={search_term_string}"},"query-input":{"@type":"PropertyValueSpecification","valueRequired":true,"valueName":"search_term_string"}}],"inLanguage":"nl-NL"},{"@type":["Person","Organization"],"@id":"https:\/\/ladynemery.be\/nl\/#\/schema\/person\/13a55c2dcd52fe1bec2a8e9e1f066e8a","name":"Lady Nemery","image":{"@type":"ImageObject","inLanguage":"nl-NL","@id":"https:\/\/ladynemery.be\/nl\/#\/schema\/person\/image\/","url":"https:\/\/ladynemery.be\/wp-content\/uploads\/2023\/04\/64F68535-852E-4A70-B218-B405E6391D70.jpeg","contentUrl":"https:\/\/ladynemery.be\/wp-content\/uploads\/2023\/04\/64F68535-852E-4A70-B218-B405E6391D70.jpeg","width":313,"height":313,"caption":"Lady Nemery"},"logo":{"@id":"https:\/\/ladynemery.be\/nl\/#\/schema\/person\/image\/"},"sameAs":["http:\/\/ladynemery.be"]}]}},"_links":{"self":[{"href":"https:\/\/ladynemery.be\/nl\/wp-json\/wp\/v2\/product\/4685","targetHints":{"allow":["GET"]}}],"collection":[{"href":"https:\/\/ladynemery.be\/nl\/wp-json\/wp\/v2\/product"}],"about":[{"href":"https:\/\/ladynemery.be\/nl\/wp-json\/wp\/v2\/types\/product"}],"replies":[{"embeddable":true,"href":"https:\/\/ladynemery.be\/nl\/wp-json\/wp\/v2\/comments?post=4685"}],"version-history":[{"count":0,"href":"https:\/\/ladynemery.be\/nl\/wp-json\/wp\/v2\/product\/4685\/revisions"}],"wp:featuredmedia":[{"embeddable":true,"href":"https:\/\/ladynemery.be\/nl\/wp-json\/wp\/v2\/media\/4675"}],"wp:attachment":[{"href":"https:\/\/ladynemery.be\/nl\/wp-json\/wp\/v2\/media?parent=4685"}],"wp:term":[{"taxonomy":"product_brand","embeddable":true,"href":"https:\/\/ladynemery.be\/nl\/wp-json\/wp\/v2\/product_brand?post=4685"},{"taxonomy":"product_cat","embeddable":true,"href":"https:\/\/ladynemery.be\/nl\/wp-json\/wp\/v2\/product_cat?post=4685"},{"taxonomy":"product_tag","embeddable":true,"href":"https:\/\/ladynemery.be\/nl\/wp-json\/wp\/v2\/product_tag?post=4685"}],"curies":[{"name":"wp","href":"https:\/\/api.w.org\/{rel}","templated":true}]}}