{"id":5640,"date":"2024-01-04T15:53:58","date_gmt":"2024-01-04T14:53:58","guid":{"rendered":"https:\/\/ladynemery.be\/product\/chimeres-4-schilderij-op-doek-abstracte-kunst\/"},"modified":"2025-04-21T19:00:11","modified_gmt":"2025-04-21T17:00:11","slug":"chimeres-4-schilderij-op-doek-abstracte-kunst","status":"publish","type":"product","link":"https:\/\/ladynemery.be\/nl\/product\/chimeres-4-schilderij-op-doek-abstracte-kunst\/","title":{"rendered":"Chim\u00e8res 4 &#8211; Schilderij op doek &#8211; Abstracte kunst"},"content":{"rendered":"<p class=\"\" data-start=\"648\" data-end=\"935\"><strong data-start=\"648\" data-end=\"662\">Chim\u00e8res 4<\/strong> is een abstract schilderij op linnen doek, <strong data-start=\"718\" data-end=\"730\">40&#215;40 cm<\/strong>, met acryl en <strong data-start=\"761\" data-end=\"792\">organische schuimcollage<\/strong>. Het maakt deel uit van de serie <em data-start=\"823\" data-end=\"833\">Chim\u00e8res<\/em>, een artistieke verkenning van mijmeringen, zwevende gedachten en mentale complexiteit. <\/p>\n<p class=\"\" data-start=\"937\" data-end=\"1264\">Ge\u00efnspireerd door je eigen neiging om te ontsnappen &#8211; op reis, in nachtelijke dromen of door opdringerige gedachten &#8211; legt dit werk dat fragiele moment vast waarop de werkelijkheid wordt getint met fantasie. Waar de geest niet langer verankerd kan blijven, meegesleept door een vloed van oncontroleerbare idee\u00ebn en verbanden. <\/p>\n<p class=\"\" data-start=\"1266\" data-end=\"1548\">De <strong data-start=\"1270\" data-end=\"1298\">massa&#8217;s gekleurd schuim<\/strong> symboliseren <strong data-start=\"1315\" data-end=\"1340\">neuronale verbindingen<\/strong> en vormen een complex organisch netwerk. Ze komen tevoorschijn uit een troebele blauwe achtergrond, doorkruist door <strong data-start=\"1433\" data-end=\"1470\">roze, fuchsia en gele strepen<\/strong>, als <strong data-start=\"1482\" data-end=\"1500\">zenuwimpulsen<\/strong> die uit een brein in voortdurende activiteit stromen. <\/p>\n<p class=\"\" data-start=\"1550\" data-end=\"1677\"><em data-start=\"1550\" data-end=\"1562\">Chim\u00e8res 4<\/em> is een voorstelling van de geest in beroering: tussen mentale vlucht en ontwaken, tussen droom en innerlijke spanning.<\/p>\n<h3 class=\"\" data-start=\"2068\" data-end=\"2092\"><strong data-start=\"2072\" data-end=\"2090\">Decoratietip :<\/strong><\/h3>\n<p class=\"\" data-start=\"2093\" data-end=\"2325\">Met zijn intense kleuren en verrassende reli\u00ebf geeft <em data-start=\"2146\" data-end=\"2158\">Chim\u00e8res 4<\/em> een dromerige, levendige dimensie aan een modern interieur. Het kan op zichzelf worden opgehangen of als onderdeel van een serie om het denken en de zintuigen te stimuleren. <\/p>\n","protected":false},"excerpt":{"rendered":"<p>Schilderij op doek &#8211; acryl &amp; collage &#8211; 40&#215;40 cm<\/p>\n<p>Gedachten, dromen en connecties krijgen vorm in <em data-start=\"506\" data-end=\"518\">Chim\u00e8res 4<\/em>, een zintuiglijk en introspectief werk waarin de geest de materie infiltreert.<\/p>\n","protected":false},"featured_media":6326,"comment_status":"closed","ping_status":"closed","template":"","meta":[],"product_brand":[],"product_cat":[122],"product_tag":[],"class_list":{"0":"post-5640","1":"product","2":"type-product","3":"status-publish","4":"has-post-thumbnail","6":"product_cat-schilderij","8":"first","9":"instock","10":"taxable","11":"shipping-taxable","12":"purchasable","13":"product-type-simple"},"yoast_head":"<!-- This site is optimized with the Yoast SEO plugin v26.9 - https:\/\/yoast.com\/product\/yoast-seo-wordpress\/ -->\n<title>Chim\u00e8res 4 - Schilderij op doek - Abstracte kunst - Laetitia Nemery - Galerie d\u2019art<\/title>\n<meta name=\"description\" content=\"Trakteer jezelf op &quot;Chim\u00e8res 4&quot;, een abstract schilderij op canvas van de Brusselse kunstenares Laetitia Nemery. Maak je huis uniek!\" \/>\n<meta name=\"robots\" content=\"index, follow, max-snippet:-1, max-image-preview:large, max-video-preview:-1\" \/>\n<link rel=\"canonical\" href=\"https:\/\/ladynemery.be\/nl\/product\/chimeres-4-schilderij-op-doek-abstracte-kunst\/\" \/>\n<meta property=\"og:locale\" content=\"nl_NL\" \/>\n<meta property=\"og:type\" content=\"article\" \/>\n<meta property=\"og:title\" content=\"Chim\u00e8res 4 - Schilderij op doek - Abstracte kunst - Laetitia Nemery - Galerie d\u2019art\" \/>\n<meta property=\"og:description\" content=\"Trakteer jezelf op &quot;Chim\u00e8res 4&quot;, een abstract schilderij op canvas van de Brusselse kunstenares Laetitia Nemery. Maak je huis uniek!\" \/>\n<meta property=\"og:url\" content=\"https:\/\/ladynemery.be\/nl\/product\/chimeres-4-schilderij-op-doek-abstracte-kunst\/\" \/>\n<meta property=\"og:site_name\" content=\"Laetitia Nemery - Galerie d\u2019art\" \/>\n<meta property=\"article:modified_time\" content=\"2025-04-21T17:00:11+00:00\" \/>\n<meta property=\"og:image\" content=\"https:\/\/ladynemery.be\/wp-content\/uploads\/2024\/01\/Chimeres4-Peinture-toile-Art-abstrait.jpg\" \/>\n\t<meta property=\"og:image:width\" content=\"2000\" \/>\n\t<meta property=\"og:image:height\" content=\"2000\" \/>\n\t<meta property=\"og:image:type\" content=\"image\/jpeg\" \/>\n<meta name=\"twitter:card\" content=\"summary_large_image\" \/>\n<meta name=\"twitter:label1\" content=\"Geschatte leestijd\" \/>\n\t<meta name=\"twitter:data1\" content=\"1 minuut\" \/>\n<script type=\"application\/ld+json\" class=\"yoast-schema-graph\">{\"@context\":\"https:\/\/schema.org\",\"@graph\":[{\"@type\":\"WebPage\",\"@id\":\"https:\/\/ladynemery.be\/nl\/product\/chimeres-4-schilderij-op-doek-abstracte-kunst\/\",\"url\":\"https:\/\/ladynemery.be\/nl\/product\/chimeres-4-schilderij-op-doek-abstracte-kunst\/\",\"name\":\"Chim\u00e8res 4 - Schilderij op doek - Abstracte kunst - Laetitia Nemery - Galerie d\u2019art\",\"isPartOf\":{\"@id\":\"https:\/\/ladynemery.be\/nl\/#website\"},\"primaryImageOfPage\":{\"@id\":\"https:\/\/ladynemery.be\/nl\/product\/chimeres-4-schilderij-op-doek-abstracte-kunst\/#primaryimage\"},\"image\":{\"@id\":\"https:\/\/ladynemery.be\/nl\/product\/chimeres-4-schilderij-op-doek-abstracte-kunst\/#primaryimage\"},\"thumbnailUrl\":\"https:\/\/ladynemery.be\/wp-content\/uploads\/2024\/01\/Chimeres4-Peinture-toile-Art-abstrait.jpg\",\"datePublished\":\"2024-01-04T14:53:58+00:00\",\"dateModified\":\"2025-04-21T17:00:11+00:00\",\"description\":\"Trakteer jezelf op \\\"Chim\u00e8res 4\\\", een abstract schilderij op canvas van de Brusselse kunstenares Laetitia Nemery. Maak je huis uniek!\",\"breadcrumb\":{\"@id\":\"https:\/\/ladynemery.be\/nl\/product\/chimeres-4-schilderij-op-doek-abstracte-kunst\/#breadcrumb\"},\"inLanguage\":\"nl-NL\",\"potentialAction\":[{\"@type\":\"ReadAction\",\"target\":[\"https:\/\/ladynemery.be\/nl\/product\/chimeres-4-schilderij-op-doek-abstracte-kunst\/\"]}]},{\"@type\":\"ImageObject\",\"inLanguage\":\"nl-NL\",\"@id\":\"https:\/\/ladynemery.be\/nl\/product\/chimeres-4-schilderij-op-doek-abstracte-kunst\/#primaryimage\",\"url\":\"https:\/\/ladynemery.be\/wp-content\/uploads\/2024\/01\/Chimeres4-Peinture-toile-Art-abstrait.jpg\",\"contentUrl\":\"https:\/\/ladynemery.be\/wp-content\/uploads\/2024\/01\/Chimeres4-Peinture-toile-Art-abstrait.jpg\",\"width\":2000,\"height\":2000,\"caption\":\"Peinture sur toile Chim\u00e8res, peinture color\u00e9e n\u00e9on fluo. Tableau art abstrait acrylique et collage\"},{\"@type\":\"BreadcrumbList\",\"@id\":\"https:\/\/ladynemery.be\/nl\/product\/chimeres-4-schilderij-op-doek-abstracte-kunst\/#breadcrumb\",\"itemListElement\":[{\"@type\":\"ListItem\",\"position\":1,\"name\":\"Accueil\",\"item\":\"https:\/\/ladynemery.be\/nl\/home\/\"},{\"@type\":\"ListItem\",\"position\":2,\"name\":\"Galerij\",\"item\":\"https:\/\/ladynemery.be\/nl\/winkel\/\"},{\"@type\":\"ListItem\",\"position\":3,\"name\":\"Chim\u00e8res 4 &#8211; Schilderij op doek &#8211; Abstracte kunst\"}]},{\"@type\":\"WebSite\",\"@id\":\"https:\/\/ladynemery.be\/nl\/#website\",\"url\":\"https:\/\/ladynemery.be\/nl\/\",\"name\":\"Laetitia Nemery - Galerie d\u2019art\",\"description\":\"\",\"publisher\":{\"@id\":\"https:\/\/ladynemery.be\/nl\/#\/schema\/person\/13a55c2dcd52fe1bec2a8e9e1f066e8a\"},\"potentialAction\":[{\"@type\":\"SearchAction\",\"target\":{\"@type\":\"EntryPoint\",\"urlTemplate\":\"https:\/\/ladynemery.be\/nl\/?s={search_term_string}\"},\"query-input\":{\"@type\":\"PropertyValueSpecification\",\"valueRequired\":true,\"valueName\":\"search_term_string\"}}],\"inLanguage\":\"nl-NL\"},{\"@type\":[\"Person\",\"Organization\"],\"@id\":\"https:\/\/ladynemery.be\/nl\/#\/schema\/person\/13a55c2dcd52fe1bec2a8e9e1f066e8a\",\"name\":\"Lady Nemery\",\"image\":{\"@type\":\"ImageObject\",\"inLanguage\":\"nl-NL\",\"@id\":\"https:\/\/ladynemery.be\/nl\/#\/schema\/person\/image\/\",\"url\":\"https:\/\/ladynemery.be\/wp-content\/uploads\/2023\/04\/64F68535-852E-4A70-B218-B405E6391D70.jpeg\",\"contentUrl\":\"https:\/\/ladynemery.be\/wp-content\/uploads\/2023\/04\/64F68535-852E-4A70-B218-B405E6391D70.jpeg\",\"width\":313,\"height\":313,\"caption\":\"Lady Nemery\"},\"logo\":{\"@id\":\"https:\/\/ladynemery.be\/nl\/#\/schema\/person\/image\/\"},\"sameAs\":[\"http:\/\/ladynemery.be\"]}]}<\/script>\n<!-- \/ Yoast SEO plugin. -->","yoast_head_json":{"title":"Chim\u00e8res 4 - Schilderij op doek - Abstracte kunst - Laetitia Nemery - Galerie d\u2019art","description":"Trakteer jezelf op \"Chim\u00e8res 4\", een abstract schilderij op canvas van de Brusselse kunstenares Laetitia Nemery. Maak je huis uniek!","robots":{"index":"index","follow":"follow","max-snippet":"max-snippet:-1","max-image-preview":"max-image-preview:large","max-video-preview":"max-video-preview:-1"},"canonical":"https:\/\/ladynemery.be\/nl\/product\/chimeres-4-schilderij-op-doek-abstracte-kunst\/","og_locale":"nl_NL","og_type":"article","og_title":"Chim\u00e8res 4 - Schilderij op doek - Abstracte kunst - Laetitia Nemery - Galerie d\u2019art","og_description":"Trakteer jezelf op \"Chim\u00e8res 4\", een abstract schilderij op canvas van de Brusselse kunstenares Laetitia Nemery. Maak je huis uniek!","og_url":"https:\/\/ladynemery.be\/nl\/product\/chimeres-4-schilderij-op-doek-abstracte-kunst\/","og_site_name":"Laetitia Nemery - Galerie d\u2019art","article_modified_time":"2025-04-21T17:00:11+00:00","og_image":[{"width":2000,"height":2000,"url":"https:\/\/ladynemery.be\/wp-content\/uploads\/2024\/01\/Chimeres4-Peinture-toile-Art-abstrait.jpg","type":"image\/jpeg"}],"twitter_card":"summary_large_image","twitter_misc":{"Geschatte leestijd":"1 minuut"},"schema":{"@context":"https:\/\/schema.org","@graph":[{"@type":"WebPage","@id":"https:\/\/ladynemery.be\/nl\/product\/chimeres-4-schilderij-op-doek-abstracte-kunst\/","url":"https:\/\/ladynemery.be\/nl\/product\/chimeres-4-schilderij-op-doek-abstracte-kunst\/","name":"Chim\u00e8res 4 - Schilderij op doek - Abstracte kunst - Laetitia Nemery - Galerie d\u2019art","isPartOf":{"@id":"https:\/\/ladynemery.be\/nl\/#website"},"primaryImageOfPage":{"@id":"https:\/\/ladynemery.be\/nl\/product\/chimeres-4-schilderij-op-doek-abstracte-kunst\/#primaryimage"},"image":{"@id":"https:\/\/ladynemery.be\/nl\/product\/chimeres-4-schilderij-op-doek-abstracte-kunst\/#primaryimage"},"thumbnailUrl":"https:\/\/ladynemery.be\/wp-content\/uploads\/2024\/01\/Chimeres4-Peinture-toile-Art-abstrait.jpg","datePublished":"2024-01-04T14:53:58+00:00","dateModified":"2025-04-21T17:00:11+00:00","description":"Trakteer jezelf op \"Chim\u00e8res 4\", een abstract schilderij op canvas van de Brusselse kunstenares Laetitia Nemery. Maak je huis uniek!","breadcrumb":{"@id":"https:\/\/ladynemery.be\/nl\/product\/chimeres-4-schilderij-op-doek-abstracte-kunst\/#breadcrumb"},"inLanguage":"nl-NL","potentialAction":[{"@type":"ReadAction","target":["https:\/\/ladynemery.be\/nl\/product\/chimeres-4-schilderij-op-doek-abstracte-kunst\/"]}]},{"@type":"ImageObject","inLanguage":"nl-NL","@id":"https:\/\/ladynemery.be\/nl\/product\/chimeres-4-schilderij-op-doek-abstracte-kunst\/#primaryimage","url":"https:\/\/ladynemery.be\/wp-content\/uploads\/2024\/01\/Chimeres4-Peinture-toile-Art-abstrait.jpg","contentUrl":"https:\/\/ladynemery.be\/wp-content\/uploads\/2024\/01\/Chimeres4-Peinture-toile-Art-abstrait.jpg","width":2000,"height":2000,"caption":"Peinture sur toile Chim\u00e8res, peinture color\u00e9e n\u00e9on fluo. Tableau art abstrait acrylique et collage"},{"@type":"BreadcrumbList","@id":"https:\/\/ladynemery.be\/nl\/product\/chimeres-4-schilderij-op-doek-abstracte-kunst\/#breadcrumb","itemListElement":[{"@type":"ListItem","position":1,"name":"Accueil","item":"https:\/\/ladynemery.be\/nl\/home\/"},{"@type":"ListItem","position":2,"name":"Galerij","item":"https:\/\/ladynemery.be\/nl\/winkel\/"},{"@type":"ListItem","position":3,"name":"Chim\u00e8res 4 &#8211; Schilderij op doek &#8211; Abstracte kunst"}]},{"@type":"WebSite","@id":"https:\/\/ladynemery.be\/nl\/#website","url":"https:\/\/ladynemery.be\/nl\/","name":"Laetitia Nemery - Galerie d\u2019art","description":"","publisher":{"@id":"https:\/\/ladynemery.be\/nl\/#\/schema\/person\/13a55c2dcd52fe1bec2a8e9e1f066e8a"},"potentialAction":[{"@type":"SearchAction","target":{"@type":"EntryPoint","urlTemplate":"https:\/\/ladynemery.be\/nl\/?s={search_term_string}"},"query-input":{"@type":"PropertyValueSpecification","valueRequired":true,"valueName":"search_term_string"}}],"inLanguage":"nl-NL"},{"@type":["Person","Organization"],"@id":"https:\/\/ladynemery.be\/nl\/#\/schema\/person\/13a55c2dcd52fe1bec2a8e9e1f066e8a","name":"Lady Nemery","image":{"@type":"ImageObject","inLanguage":"nl-NL","@id":"https:\/\/ladynemery.be\/nl\/#\/schema\/person\/image\/","url":"https:\/\/ladynemery.be\/wp-content\/uploads\/2023\/04\/64F68535-852E-4A70-B218-B405E6391D70.jpeg","contentUrl":"https:\/\/ladynemery.be\/wp-content\/uploads\/2023\/04\/64F68535-852E-4A70-B218-B405E6391D70.jpeg","width":313,"height":313,"caption":"Lady Nemery"},"logo":{"@id":"https:\/\/ladynemery.be\/nl\/#\/schema\/person\/image\/"},"sameAs":["http:\/\/ladynemery.be"]}]}},"_links":{"self":[{"href":"https:\/\/ladynemery.be\/nl\/wp-json\/wp\/v2\/product\/5640","targetHints":{"allow":["GET"]}}],"collection":[{"href":"https:\/\/ladynemery.be\/nl\/wp-json\/wp\/v2\/product"}],"about":[{"href":"https:\/\/ladynemery.be\/nl\/wp-json\/wp\/v2\/types\/product"}],"replies":[{"embeddable":true,"href":"https:\/\/ladynemery.be\/nl\/wp-json\/wp\/v2\/comments?post=5640"}],"version-history":[{"count":3,"href":"https:\/\/ladynemery.be\/nl\/wp-json\/wp\/v2\/product\/5640\/revisions"}],"predecessor-version":[{"id":6956,"href":"https:\/\/ladynemery.be\/nl\/wp-json\/wp\/v2\/product\/5640\/revisions\/6956"}],"wp:featuredmedia":[{"embeddable":true,"href":"https:\/\/ladynemery.be\/nl\/wp-json\/wp\/v2\/media\/6326"}],"wp:attachment":[{"href":"https:\/\/ladynemery.be\/nl\/wp-json\/wp\/v2\/media?parent=5640"}],"wp:term":[{"taxonomy":"product_brand","embeddable":true,"href":"https:\/\/ladynemery.be\/nl\/wp-json\/wp\/v2\/product_brand?post=5640"},{"taxonomy":"product_cat","embeddable":true,"href":"https:\/\/ladynemery.be\/nl\/wp-json\/wp\/v2\/product_cat?post=5640"},{"taxonomy":"product_tag","embeddable":true,"href":"https:\/\/ladynemery.be\/nl\/wp-json\/wp\/v2\/product_tag?post=5640"}],"curies":[{"name":"wp","href":"https:\/\/api.w.org\/{rel}","templated":true}]}}