{"id":6511,"date":"2024-05-15T12:17:37","date_gmt":"2024-05-15T10:17:37","guid":{"rendered":"https:\/\/ladynemery.be\/product\/chimaeras-10-verf-op-doek-abstracte-kunst\/"},"modified":"2024-05-15T12:17:37","modified_gmt":"2024-05-15T10:17:37","slug":"chimaeras-10-verf-op-doek-abstracte-kunst","status":"publish","type":"product","link":"https:\/\/ladynemery.be\/nl\/product\/chimaeras-10-verf-op-doek-abstracte-kunst\/","title":{"rendered":"Chimaera&#8217;s 10 &#8211; Verf op doek &#8211; Abstracte kunst"},"content":{"rendered":"<p>Sinds mijn kindertijd ben ik ondergedompeld in een wereld van creativiteit en verbeelding, wat een diepgaande invloed heeft gehad op mijn artistieke visie. Door mijn ervaringen ontdekte ik het belang van de verbinding tussen dagdromen en werkelijkheid. Deze fusie tussen dromen en concrete gedachten was de drijvende kracht achter mijn collectie getiteld &#8220;Chimeras&#8221;.  <\/p>\n<p>Deze serie verkent de complexe dynamiek tussen de geest en de tastbare werkelijkheid. Met behulp van verschillende artistieke media leg ik de essentie van het menselijk denken in beweging vast. Droomlandschappen smelten samen met alledaagse taferelen, waardoor een boeiende visuele ervaring ontstaat.  <\/p>\n<p>Elk werk in de Chim\u00e8res-collectie is een diepgaande verkenning van de menselijke psyche en benadrukt de subtiele verbindingen tussen bewuste gedachten en de verborgen krochten van het onbewuste. Levendige kleuren en dynamische texturen vertegenwoordigen de verschillende lagen van onze geest, terwijl abstracte vormen de essentie van onze diepste dromen vastleggen. <\/p>\n","protected":false},"excerpt":{"rendered":"<p>Schilderij op doek &#8211; acryl &amp; collage &#8211; 40&#215;40 cm<\/p>\n","protected":false},"featured_media":6320,"comment_status":"closed","ping_status":"closed","template":"","meta":[],"product_brand":[],"product_cat":[122],"product_tag":[],"class_list":{"0":"post-6511","1":"product","2":"type-product","3":"status-publish","4":"has-post-thumbnail","6":"product_cat-schilderij","8":"first","9":"instock","10":"taxable","11":"shipping-taxable","12":"purchasable","13":"product-type-simple"},"yoast_head":"<!-- This site is optimized with the Yoast SEO plugin v26.9 - https:\/\/yoast.com\/product\/yoast-seo-wordpress\/ -->\n<title>Chimaera&#039;s 10 - Verf op doek - Abstracte kunst - Laetitia Nemery - Galerie d\u2019art<\/title>\n<meta name=\"description\" content=\"Trakteer jezelf op &quot;Chim\u00e8res 10&quot;, een abstract schilderij op canvas van de Brusselse kunstenares Laetitia Nemery. Maak je huis uniek!\" \/>\n<meta name=\"robots\" content=\"index, follow, max-snippet:-1, max-image-preview:large, max-video-preview:-1\" \/>\n<link rel=\"canonical\" href=\"https:\/\/ladynemery.be\/nl\/product\/chimaeras-10-verf-op-doek-abstracte-kunst\/\" \/>\n<meta property=\"og:locale\" content=\"nl_NL\" \/>\n<meta property=\"og:type\" content=\"article\" \/>\n<meta property=\"og:title\" content=\"Chimaera&#039;s 10 - Verf op doek - Abstracte kunst - Laetitia Nemery - Galerie d\u2019art\" \/>\n<meta property=\"og:description\" content=\"Trakteer jezelf op &quot;Chim\u00e8res 10&quot;, een abstract schilderij op canvas van de Brusselse kunstenares Laetitia Nemery. Maak je huis uniek!\" \/>\n<meta property=\"og:url\" content=\"https:\/\/ladynemery.be\/nl\/product\/chimaeras-10-verf-op-doek-abstracte-kunst\/\" \/>\n<meta property=\"og:site_name\" content=\"Laetitia Nemery - Galerie d\u2019art\" \/>\n<meta property=\"og:image\" content=\"https:\/\/ladynemery.be\/wp-content\/uploads\/2024\/05\/Chimeres10-Peinture-toile-Artabstrait.jpg\" \/>\n\t<meta property=\"og:image:width\" content=\"2000\" \/>\n\t<meta property=\"og:image:height\" content=\"2000\" \/>\n\t<meta property=\"og:image:type\" content=\"image\/jpeg\" \/>\n<meta name=\"twitter:card\" content=\"summary_large_image\" \/>\n<meta name=\"twitter:label1\" content=\"Geschatte leestijd\" \/>\n\t<meta name=\"twitter:data1\" content=\"1 minuut\" \/>\n<script type=\"application\/ld+json\" class=\"yoast-schema-graph\">{\"@context\":\"https:\/\/schema.org\",\"@graph\":[{\"@type\":\"WebPage\",\"@id\":\"https:\/\/ladynemery.be\/nl\/product\/chimaeras-10-verf-op-doek-abstracte-kunst\/\",\"url\":\"https:\/\/ladynemery.be\/nl\/product\/chimaeras-10-verf-op-doek-abstracte-kunst\/\",\"name\":\"Chimaera's 10 - Verf op doek - Abstracte kunst - Laetitia Nemery - Galerie d\u2019art\",\"isPartOf\":{\"@id\":\"https:\/\/ladynemery.be\/nl\/#website\"},\"primaryImageOfPage\":{\"@id\":\"https:\/\/ladynemery.be\/nl\/product\/chimaeras-10-verf-op-doek-abstracte-kunst\/#primaryimage\"},\"image\":{\"@id\":\"https:\/\/ladynemery.be\/nl\/product\/chimaeras-10-verf-op-doek-abstracte-kunst\/#primaryimage\"},\"thumbnailUrl\":\"https:\/\/ladynemery.be\/wp-content\/uploads\/2024\/05\/Chimeres10-Peinture-toile-Artabstrait.jpg\",\"datePublished\":\"2024-05-15T10:17:37+00:00\",\"description\":\"Trakteer jezelf op \\\"Chim\u00e8res 10\\\", een abstract schilderij op canvas van de Brusselse kunstenares Laetitia Nemery. Maak je huis uniek!\",\"breadcrumb\":{\"@id\":\"https:\/\/ladynemery.be\/nl\/product\/chimaeras-10-verf-op-doek-abstracte-kunst\/#breadcrumb\"},\"inLanguage\":\"nl-NL\",\"potentialAction\":[{\"@type\":\"ReadAction\",\"target\":[\"https:\/\/ladynemery.be\/nl\/product\/chimaeras-10-verf-op-doek-abstracte-kunst\/\"]}]},{\"@type\":\"ImageObject\",\"inLanguage\":\"nl-NL\",\"@id\":\"https:\/\/ladynemery.be\/nl\/product\/chimaeras-10-verf-op-doek-abstracte-kunst\/#primaryimage\",\"url\":\"https:\/\/ladynemery.be\/wp-content\/uploads\/2024\/05\/Chimeres10-Peinture-toile-Artabstrait.jpg\",\"contentUrl\":\"https:\/\/ladynemery.be\/wp-content\/uploads\/2024\/05\/Chimeres10-Peinture-toile-Artabstrait.jpg\",\"width\":2000,\"height\":2000,\"caption\":\"Peinture sur toile Chim\u00e8res, peinture color\u00e9e n\u00e9on fluo. Tableau art abstrait acrylique et collage\"},{\"@type\":\"BreadcrumbList\",\"@id\":\"https:\/\/ladynemery.be\/nl\/product\/chimaeras-10-verf-op-doek-abstracte-kunst\/#breadcrumb\",\"itemListElement\":[{\"@type\":\"ListItem\",\"position\":1,\"name\":\"Accueil\",\"item\":\"https:\/\/ladynemery.be\/nl\/home\/\"},{\"@type\":\"ListItem\",\"position\":2,\"name\":\"Galerij\",\"item\":\"https:\/\/ladynemery.be\/nl\/winkel\/\"},{\"@type\":\"ListItem\",\"position\":3,\"name\":\"Chimaera&#8217;s 10 &#8211; Verf op doek &#8211; Abstracte kunst\"}]},{\"@type\":\"WebSite\",\"@id\":\"https:\/\/ladynemery.be\/nl\/#website\",\"url\":\"https:\/\/ladynemery.be\/nl\/\",\"name\":\"Laetitia Nemery - Galerie d\u2019art\",\"description\":\"\",\"publisher\":{\"@id\":\"https:\/\/ladynemery.be\/nl\/#\/schema\/person\/13a55c2dcd52fe1bec2a8e9e1f066e8a\"},\"potentialAction\":[{\"@type\":\"SearchAction\",\"target\":{\"@type\":\"EntryPoint\",\"urlTemplate\":\"https:\/\/ladynemery.be\/nl\/?s={search_term_string}\"},\"query-input\":{\"@type\":\"PropertyValueSpecification\",\"valueRequired\":true,\"valueName\":\"search_term_string\"}}],\"inLanguage\":\"nl-NL\"},{\"@type\":[\"Person\",\"Organization\"],\"@id\":\"https:\/\/ladynemery.be\/nl\/#\/schema\/person\/13a55c2dcd52fe1bec2a8e9e1f066e8a\",\"name\":\"Lady Nemery\",\"image\":{\"@type\":\"ImageObject\",\"inLanguage\":\"nl-NL\",\"@id\":\"https:\/\/ladynemery.be\/nl\/#\/schema\/person\/image\/\",\"url\":\"https:\/\/ladynemery.be\/wp-content\/uploads\/2023\/04\/64F68535-852E-4A70-B218-B405E6391D70.jpeg\",\"contentUrl\":\"https:\/\/ladynemery.be\/wp-content\/uploads\/2023\/04\/64F68535-852E-4A70-B218-B405E6391D70.jpeg\",\"width\":313,\"height\":313,\"caption\":\"Lady Nemery\"},\"logo\":{\"@id\":\"https:\/\/ladynemery.be\/nl\/#\/schema\/person\/image\/\"},\"sameAs\":[\"http:\/\/ladynemery.be\"]}]}<\/script>\n<!-- \/ Yoast SEO plugin. -->","yoast_head_json":{"title":"Chimaera's 10 - Verf op doek - Abstracte kunst - Laetitia Nemery - Galerie d\u2019art","description":"Trakteer jezelf op \"Chim\u00e8res 10\", een abstract schilderij op canvas van de Brusselse kunstenares Laetitia Nemery. Maak je huis uniek!","robots":{"index":"index","follow":"follow","max-snippet":"max-snippet:-1","max-image-preview":"max-image-preview:large","max-video-preview":"max-video-preview:-1"},"canonical":"https:\/\/ladynemery.be\/nl\/product\/chimaeras-10-verf-op-doek-abstracte-kunst\/","og_locale":"nl_NL","og_type":"article","og_title":"Chimaera's 10 - Verf op doek - Abstracte kunst - Laetitia Nemery - Galerie d\u2019art","og_description":"Trakteer jezelf op \"Chim\u00e8res 10\", een abstract schilderij op canvas van de Brusselse kunstenares Laetitia Nemery. Maak je huis uniek!","og_url":"https:\/\/ladynemery.be\/nl\/product\/chimaeras-10-verf-op-doek-abstracte-kunst\/","og_site_name":"Laetitia Nemery - Galerie d\u2019art","og_image":[{"width":2000,"height":2000,"url":"https:\/\/ladynemery.be\/wp-content\/uploads\/2024\/05\/Chimeres10-Peinture-toile-Artabstrait.jpg","type":"image\/jpeg"}],"twitter_card":"summary_large_image","twitter_misc":{"Geschatte leestijd":"1 minuut"},"schema":{"@context":"https:\/\/schema.org","@graph":[{"@type":"WebPage","@id":"https:\/\/ladynemery.be\/nl\/product\/chimaeras-10-verf-op-doek-abstracte-kunst\/","url":"https:\/\/ladynemery.be\/nl\/product\/chimaeras-10-verf-op-doek-abstracte-kunst\/","name":"Chimaera's 10 - Verf op doek - Abstracte kunst - Laetitia Nemery - Galerie d\u2019art","isPartOf":{"@id":"https:\/\/ladynemery.be\/nl\/#website"},"primaryImageOfPage":{"@id":"https:\/\/ladynemery.be\/nl\/product\/chimaeras-10-verf-op-doek-abstracte-kunst\/#primaryimage"},"image":{"@id":"https:\/\/ladynemery.be\/nl\/product\/chimaeras-10-verf-op-doek-abstracte-kunst\/#primaryimage"},"thumbnailUrl":"https:\/\/ladynemery.be\/wp-content\/uploads\/2024\/05\/Chimeres10-Peinture-toile-Artabstrait.jpg","datePublished":"2024-05-15T10:17:37+00:00","description":"Trakteer jezelf op \"Chim\u00e8res 10\", een abstract schilderij op canvas van de Brusselse kunstenares Laetitia Nemery. Maak je huis uniek!","breadcrumb":{"@id":"https:\/\/ladynemery.be\/nl\/product\/chimaeras-10-verf-op-doek-abstracte-kunst\/#breadcrumb"},"inLanguage":"nl-NL","potentialAction":[{"@type":"ReadAction","target":["https:\/\/ladynemery.be\/nl\/product\/chimaeras-10-verf-op-doek-abstracte-kunst\/"]}]},{"@type":"ImageObject","inLanguage":"nl-NL","@id":"https:\/\/ladynemery.be\/nl\/product\/chimaeras-10-verf-op-doek-abstracte-kunst\/#primaryimage","url":"https:\/\/ladynemery.be\/wp-content\/uploads\/2024\/05\/Chimeres10-Peinture-toile-Artabstrait.jpg","contentUrl":"https:\/\/ladynemery.be\/wp-content\/uploads\/2024\/05\/Chimeres10-Peinture-toile-Artabstrait.jpg","width":2000,"height":2000,"caption":"Peinture sur toile Chim\u00e8res, peinture color\u00e9e n\u00e9on fluo. Tableau art abstrait acrylique et collage"},{"@type":"BreadcrumbList","@id":"https:\/\/ladynemery.be\/nl\/product\/chimaeras-10-verf-op-doek-abstracte-kunst\/#breadcrumb","itemListElement":[{"@type":"ListItem","position":1,"name":"Accueil","item":"https:\/\/ladynemery.be\/nl\/home\/"},{"@type":"ListItem","position":2,"name":"Galerij","item":"https:\/\/ladynemery.be\/nl\/winkel\/"},{"@type":"ListItem","position":3,"name":"Chimaera&#8217;s 10 &#8211; Verf op doek &#8211; Abstracte kunst"}]},{"@type":"WebSite","@id":"https:\/\/ladynemery.be\/nl\/#website","url":"https:\/\/ladynemery.be\/nl\/","name":"Laetitia Nemery - Galerie d\u2019art","description":"","publisher":{"@id":"https:\/\/ladynemery.be\/nl\/#\/schema\/person\/13a55c2dcd52fe1bec2a8e9e1f066e8a"},"potentialAction":[{"@type":"SearchAction","target":{"@type":"EntryPoint","urlTemplate":"https:\/\/ladynemery.be\/nl\/?s={search_term_string}"},"query-input":{"@type":"PropertyValueSpecification","valueRequired":true,"valueName":"search_term_string"}}],"inLanguage":"nl-NL"},{"@type":["Person","Organization"],"@id":"https:\/\/ladynemery.be\/nl\/#\/schema\/person\/13a55c2dcd52fe1bec2a8e9e1f066e8a","name":"Lady Nemery","image":{"@type":"ImageObject","inLanguage":"nl-NL","@id":"https:\/\/ladynemery.be\/nl\/#\/schema\/person\/image\/","url":"https:\/\/ladynemery.be\/wp-content\/uploads\/2023\/04\/64F68535-852E-4A70-B218-B405E6391D70.jpeg","contentUrl":"https:\/\/ladynemery.be\/wp-content\/uploads\/2023\/04\/64F68535-852E-4A70-B218-B405E6391D70.jpeg","width":313,"height":313,"caption":"Lady Nemery"},"logo":{"@id":"https:\/\/ladynemery.be\/nl\/#\/schema\/person\/image\/"},"sameAs":["http:\/\/ladynemery.be"]}]}},"_links":{"self":[{"href":"https:\/\/ladynemery.be\/nl\/wp-json\/wp\/v2\/product\/6511","targetHints":{"allow":["GET"]}}],"collection":[{"href":"https:\/\/ladynemery.be\/nl\/wp-json\/wp\/v2\/product"}],"about":[{"href":"https:\/\/ladynemery.be\/nl\/wp-json\/wp\/v2\/types\/product"}],"replies":[{"embeddable":true,"href":"https:\/\/ladynemery.be\/nl\/wp-json\/wp\/v2\/comments?post=6511"}],"version-history":[{"count":0,"href":"https:\/\/ladynemery.be\/nl\/wp-json\/wp\/v2\/product\/6511\/revisions"}],"wp:featuredmedia":[{"embeddable":true,"href":"https:\/\/ladynemery.be\/nl\/wp-json\/wp\/v2\/media\/6320"}],"wp:attachment":[{"href":"https:\/\/ladynemery.be\/nl\/wp-json\/wp\/v2\/media?parent=6511"}],"wp:term":[{"taxonomy":"product_brand","embeddable":true,"href":"https:\/\/ladynemery.be\/nl\/wp-json\/wp\/v2\/product_brand?post=6511"},{"taxonomy":"product_cat","embeddable":true,"href":"https:\/\/ladynemery.be\/nl\/wp-json\/wp\/v2\/product_cat?post=6511"},{"taxonomy":"product_tag","embeddable":true,"href":"https:\/\/ladynemery.be\/nl\/wp-json\/wp\/v2\/product_tag?post=6511"}],"curies":[{"name":"wp","href":"https:\/\/api.w.org\/{rel}","templated":true}]}}